{"id":11467,"date":"2020-08-14T16:53:17","date_gmt":"2020-08-14T13:53:17","guid":{"rendered":"https:\/\/hookahshop.lt\/?post_type=product&#038;p=11467"},"modified":"2026-04-21T23:29:52","modified_gmt":"2026-04-21T20:29:52","slug":"taurele-kaljanui-smokelab-phunnel-new","status":"publish","type":"product","link":"https:\/\/hookahshop.lt\/lv\/produkt\/kauss-udenspipe-smokelab-piltuve-jauns\/","title":{"rendered":"Kauss \u016bdensp\u012bpei SMOKELAB Phunnel Jauns"},"content":{"rendered":"<h2>Kauss \u016bdensp\u012bpei SMOKELAB Phunnel Jauns<\/h2>\n<p>\u0160\u012b ir Smokelab vari\u0101cija par Old School Phunnels t\u0113mu par iem\u012b\u013coto m\u0113ness dizainu ar piena termisko apstr\u0101di. Pl\u0101n\u0101s sienas nodro\u0161ina vieglu siltuma regul\u0113\u0161anu, lai maksim\u0101li palielin\u0101tu tabakas iztur\u012bbu un vieglumu.<\/p>\n<p>Phunnel New b\u013coda ir vid\u0113ja izm\u0113ra viegl\u0101m iedob\u0113m un nedaudz liel\u0101ka stiprai karstumiztur\u012bgai tabakai. Piem\u0113rots ar\u012b cig\u0101ru tabakai.<\/p>\n<p>Ide\u0101li piem\u0113rots sm\u0113\u0137\u0113\u0161anai gan ar siltuma kameru, gan foliju. Tabakas tilpums ir 12-24 grami.<\/p>\n<p>Specifik\u0101cijas:<br \/>\nAugstums: 113 mm<br \/>\nDiametrs (\u0101r\u0113jais): 80 mm<br \/>\nDiametrs (iek\u0161\u0113jais): 71 mm<br \/>\nDzi\u013cums: 18mm<br \/>\nUrbuma diametrs: 12mm<br \/>\nUrbumu skaits: 1<br \/>\nSvars: apm\u0113ram 134 grami<\/p>\n<p>Vai jums ir k\u0101di jaut\u0101jumi? Sazinies ar mums <a href=\"https:\/\/hookahshop.lt\/lv\/kontaktiem\/\">kontaktu lapa<\/a> vai rakstiet mums pa e-pastu <a href=\"https:\/\/facebook.com\/HookahShop.lt\/\" target=\"_blank\" rel=\"noopener noreferrer\">Facebook konts<\/a> un m\u0113s atbild\u0113sim uz j\u016bsu piepras\u012bjumu taj\u0101 pa\u0161\u0101 dien\u0101.<\/p>","protected":false},"excerpt":{"rendered":"<p>\u016adensp\u012bpes kauss SMOKELAB Phunnel New \u0160\u012b ir Smokelab vari\u0101cija par Old School Phunnels t\u0113mu par iem\u012b\u013coto m\u0113ness dizainu ar piena kars\u0113\u0161anas apstr\u0101di. Pl\u0101n\u0101s sienas nodro\u0161ina vieglu siltuma regul\u0113\u0161anu, lai maksim\u0101li palielin\u0101tu tabakas iztur\u012bbu un vieglumu. Phunnel New b\u013coda ir vid\u0113ja izm\u0113ra viegl\u0101m iedob\u0113m un nedaudz liel\u0101ka stiprai karstumiztur\u012bgai tabakai. Piem\u0113rots ar\u012b cig\u0101riem [\u2026]<\/p>","protected":false},"featured_media":11469,"comment_status":"open","ping_status":"closed","template":"","meta":[],"_links":{"self":[{"href":"https:\/\/hookahshop.lt\/lv\/wp-json\/wp\/v2\/product\/11467"}],"collection":[{"href":"https:\/\/hookahshop.lt\/lv\/wp-json\/wp\/v2\/product"}],"about":[{"href":"https:\/\/hookahshop.lt\/lv\/wp-json\/wp\/v2\/types\/product"}],"replies":[{"embeddable":true,"href":"https:\/\/hookahshop.lt\/lv\/wp-json\/wp\/v2\/comments?post=11467"}],"version-history":[{"count":3,"href":"https:\/\/hookahshop.lt\/lv\/wp-json\/wp\/v2\/product\/11467\/revisions"}],"predecessor-version":[{"id":37835,"href":"https:\/\/hookahshop.lt\/lv\/wp-json\/wp\/v2\/product\/11467\/revisions\/37835"}],"wp:featuredmedia":[{"embeddable":true,"href":"https:\/\/hookahshop.lt\/lv\/wp-json\/wp\/v2\/media\/11469"}],"wp:attachment":[{"href":"https:\/\/hookahshop.lt\/lv\/wp-json\/wp\/v2\/media?parent=11467"}],"curies":[{"name":"wp","href":"https:\/\/api.w.org\/{rel}","templated":true}]}}