{"id":11513,"date":"2020-08-17T22:10:06","date_gmt":"2020-08-17T19:10:06","guid":{"rendered":"https:\/\/hookahshop.lt\/?post_type=product&#038;p=11513"},"modified":"2026-05-13T13:51:38","modified_gmt":"2026-05-13T10:51:38","slug":"kaljanas-oduman-shisha-n2-travel","status":"publish","type":"product","link":"https:\/\/hookahshop.lt\/lv\/produkt\/udenspipe-oduman-shisha-n2-celojums\/","title":{"rendered":"\u016adensp\u012bpe ODUMAN N2 Travel"},"content":{"rendered":"<h2>\u016adensp\u012bpe ODUMAN Shisha N2 Travel<\/h2>\n<p>T\u0101 ir \u016bdensp\u012bpe, kuru var \u0146emt l\u012bdzi jebkur un sm\u0113\u0137\u0113t \u0113rt\u0101 vid\u0113.<\/p>\n<ul>\n<li>Soma ir \u016bdensiztur\u012bga.<\/li>\n<li>Pirm\u0101s klases, roku darbs stikls.<\/li>\n<li>Visas deta\u013cas ir izgatavotas no ner\u016bs\u0113jo\u0161\u0101 t\u0113rauda.<\/li>\n<li>Mutes uzgalis ir izgatavots no alum\u012bnija.<\/li>\n<\/ul>\n<p>Apr\u012bkojums:<\/p>\n<ul>\n<li>\u016adensp\u012bpe<\/li>\n<li>Silikona \u0161\u013c\u016btene<\/li>\n<li>Alum\u012bnija iemutnis<\/li>\n<\/ul>\n<p><img decoding=\"async\" loading=\"lazy\" class=\"alignnone size-medium wp-image-38520\" src=\"https:\/\/hookahshop.lt\/wp-content\/uploads\/2020\/09\/stiebas-kolba-zarna-kandiklis-1-300x273.jpg\" alt=\"- hookahshop.lt\" width=\"300\" height=\"273\" srcset=\"https:\/\/hookahshop.lt\/wp-content\/uploads\/2020\/09\/stiebas-kolba-zarna-kandiklis-1-300x273.jpg 300w, https:\/\/hookahshop.lt\/wp-content\/uploads\/2020\/09\/stiebas-kolba-zarna-kandiklis-1-13x12.jpg 13w, https:\/\/hookahshop.lt\/wp-content\/uploads\/2020\/09\/stiebas-kolba-zarna-kandiklis-1-64x58.jpg 64w, https:\/\/hookahshop.lt\/wp-content\/uploads\/2020\/09\/stiebas-kolba-zarna-kandiklis-1.jpg 420w\" sizes=\"(max-width: 300px) 100vw, 300px\" title=\"\"><\/p>\n<p>Vai jums ir k\u0101di jaut\u0101jumi? Sazinies ar mums <a href=\"https:\/\/hookahshop.lt\/lv\/kontaktiem\/\">kontaktu lapa<\/a> vai rakstiet mums pa e-pastu <a href=\"https:\/\/facebook.com\/HookahShop.lt\/\" target=\"_blank\" rel=\"noopener noreferrer\">Facebook konts<\/a> un m\u0113s atbild\u0113sim uz j\u016bsu piepras\u012bjumu taj\u0101 pa\u0161\u0101 dien\u0101.<\/p>","protected":false},"excerpt":{"rendered":"<p>\u016adensp\u012bpe ODUMAN Shisha N2 Travel \u0160\u012b ir \u016bdensp\u012bpe, kuru varat \u0146emt l\u012bdzi jebkur un sm\u0113\u0137\u0113t \u0113rt\u0101 vid\u0113. Soma ir \u016bdensiztur\u012bga. Pirm\u0101s klases, roku darbs stikls. Visas deta\u013cas ir izgatavotas no ner\u016bs\u0113jo\u0161\u0101 t\u0113rauda. Mutes uzgalis ir izgatavots no alum\u012bnija. Pilns komplekts: \u016adensp\u012bpe Silikona \u0161\u013c\u016btene Alum\u012bnija iemuti Vai jums ir k\u0101di jaut\u0101jumi? Sazinieties ar mums kontaktu lap\u0101 vai rakstiet mums Facebook [...]<\/p>","protected":false},"featured_media":11514,"comment_status":"open","ping_status":"closed","template":"","meta":[],"_links":{"self":[{"href":"https:\/\/hookahshop.lt\/lv\/wp-json\/wp\/v2\/product\/11513"}],"collection":[{"href":"https:\/\/hookahshop.lt\/lv\/wp-json\/wp\/v2\/product"}],"about":[{"href":"https:\/\/hookahshop.lt\/lv\/wp-json\/wp\/v2\/types\/product"}],"replies":[{"embeddable":true,"href":"https:\/\/hookahshop.lt\/lv\/wp-json\/wp\/v2\/comments?post=11513"}],"version-history":[{"count":7,"href":"https:\/\/hookahshop.lt\/lv\/wp-json\/wp\/v2\/product\/11513\/revisions"}],"predecessor-version":[{"id":33119,"href":"https:\/\/hookahshop.lt\/lv\/wp-json\/wp\/v2\/product\/11513\/revisions\/33119"}],"wp:featuredmedia":[{"embeddable":true,"href":"https:\/\/hookahshop.lt\/lv\/wp-json\/wp\/v2\/media\/11514"}],"wp:attachment":[{"href":"https:\/\/hookahshop.lt\/lv\/wp-json\/wp\/v2\/media?parent=11513"}],"curies":[{"name":"wp","href":"https:\/\/api.w.org\/{rel}","templated":true}]}}