{"id":11534,"date":"2020-08-24T12:04:07","date_gmt":"2020-08-24T09:04:07","guid":{"rendered":"https:\/\/hookahshop.lt\/?post_type=product&#038;p=11534"},"modified":"2026-04-22T23:28:47","modified_gmt":"2026-04-22T20:28:47","slug":"anglys-kaljanui-one-nation-26mm-1kg-be-dezutes","status":"publish","type":"product","link":"https:\/\/hookahshop.lt\/lv\/produkt\/oglu-udenspipe-viena-tauta-26mm-1kg\/","title":{"rendered":"\u016adensp\u012bpes ogles ONE NATION 26mm 1kg Bez kastes"},"content":{"rendered":"<h2>\u016adensp\u012bpes ogles ONE NATION 26mm 1kg Bez kastes<\/h2>\n<p>Izgatavots tikai no 100% kokosriekstu \u010daumal\u0101m, tas ir dab\u012bgs produkts. Sadedzinot ilg\u0101k un intens\u012bv\u0101k, rodas maz\u0101k pelnu nek\u0101 izmantojot parasto kokosriekstu kokogli.<br \/>\nViena oglek\u013ca izm\u0113ri: 26x26x26mm<br \/>\nKast\u012bte satur 64 ogles.<br \/>\nNesatur \u0137\u012bmiskas piedevas.<br \/>\nSm\u0113\u0137\u0113jot, smar\u017ea vai gar\u0161a nemain\u0101s.<br \/>\nLai dedzin\u0101tu ogles, ir nepiecie\u0161ama elektrisk\u0101 pl\u012bts \u016bdensp\u012bpe, t\u016bristu g\u0101zes pl\u012bts vai taml\u012bdz\u012bgi.<br \/>\nIzcelsmes valsts: Indon\u0113zija<\/p>\n<p>Vai jums ir k\u0101di jaut\u0101jumi? Sazinies ar mums <a href=\"https:\/\/hookahshop.lt\/lv\/kontaktiem\/\">kontaktu lapa<\/a> vai rakstiet mums pa e-pastu <a href=\"https:\/\/facebook.com\/HookahShop.lt\/\" target=\"_blank\" rel=\"noopener noreferrer\">Facebook konts<\/a> un m\u0113s atbild\u0113sim uz j\u016bsu piepras\u012bjumu taj\u0101 pa\u0161\u0101 dien\u0101.<\/p>","protected":false},"excerpt":{"rendered":"<p>Kokogles \u016bdensp\u012bpei ONE NATION 26mm 1kg Bez kast\u012btes Izgatavota tikai no 100% kokosriekstu \u010daumal\u0101m, t\u0101p\u0113c ir dab\u012bgs produkts. Dedzinot ilg\u0101k un intens\u012bv\u0101k, rodas maz\u0101k pelnu nek\u0101 parast\u0101s kokosriekstu ogles. Vienas ogles izm\u0113ri: 26x26x26mm Kast\u012bt\u0113 ir 64 ogles. Nesatur \u0137\u012bmiskas piedevas. Sm\u0113\u0137\u0113\u0161anas laik\u0101 smar\u017ea vai gar\u0161a nemain\u0101s. Og\u013cu aizdedzin\u0101\u0161anai nepiecie\u0161ama elektrisk\u0101 pl\u012bts \u016bdensp\u012bpei, t\u016bristu [...]<\/p>","protected":false},"featured_media":11535,"comment_status":"open","ping_status":"closed","template":"","meta":[],"_links":{"self":[{"href":"https:\/\/hookahshop.lt\/lv\/wp-json\/wp\/v2\/product\/11534"}],"collection":[{"href":"https:\/\/hookahshop.lt\/lv\/wp-json\/wp\/v2\/product"}],"about":[{"href":"https:\/\/hookahshop.lt\/lv\/wp-json\/wp\/v2\/types\/product"}],"replies":[{"embeddable":true,"href":"https:\/\/hookahshop.lt\/lv\/wp-json\/wp\/v2\/comments?post=11534"}],"version-history":[{"count":6,"href":"https:\/\/hookahshop.lt\/lv\/wp-json\/wp\/v2\/product\/11534\/revisions"}],"predecessor-version":[{"id":23380,"href":"https:\/\/hookahshop.lt\/lv\/wp-json\/wp\/v2\/product\/11534\/revisions\/23380"}],"wp:featuredmedia":[{"embeddable":true,"href":"https:\/\/hookahshop.lt\/lv\/wp-json\/wp\/v2\/media\/11535"}],"wp:attachment":[{"href":"https:\/\/hookahshop.lt\/lv\/wp-json\/wp\/v2\/media?parent=11534"}],"curies":[{"name":"wp","href":"https:\/\/api.w.org\/{rel}","templated":true}]}}