{"id":11574,"date":"2020-08-27T11:52:33","date_gmt":"2020-08-27T08:52:33","guid":{"rendered":"https:\/\/hookahshop.lt\/?post_type=product&#038;p=11574"},"modified":"2026-04-17T23:29:38","modified_gmt":"2026-04-17T20:29:38","slug":"taurele-kaljanui-oblako-phunnel-m","status":"publish","type":"product","link":"https:\/\/hookahshop.lt\/lv\/produkt\/kauss-udenspipe-oblako-phunnel-m\/","title":{"rendered":"Kauss \u016bdensp\u012bpei OBLAKO Phunnel M"},"content":{"rendered":"<h2>Kauss \u016bdensp\u012bpei OBLAKO Phunnel M<\/h2>\n<p>Kr\u016bz\u012bte paredz\u0113ta ikdienas sm\u0113\u0137\u0113\u0161anai, lieliski piem\u0113rota vieglai un smagai tabakai!<\/p>\n<p>Tabakas tase satur 20\u201323 g.<\/p>\n<p><strong>Specifik\u0101cijas:<\/strong><br \/>\nAugstums: 118mm<br \/>\nDiametrs (\u0101r\u0113jais): 74 mm<br \/>\nDiametrs (iek\u0161\u0113jais): 68 mm<br \/>\nDzi\u013cums: 12mm<br \/>\nUrbuma diametrs: 12mm<br \/>\nUrbumu skaits: 1<br \/>\nSvars: apm\u0113ram 182 grami<\/p>\n<p>Vai jums ir k\u0101di jaut\u0101jumi? Sazinies ar mums <a href=\"https:\/\/hookahshop.lt\/lv\/kontaktiem\/\">kontaktu lapa<\/a> vai rakstiet mums pa e-pastu <a href=\"https:\/\/facebook.com\/HookahShop.lt\/\" target=\"_blank\" rel=\"noopener noreferrer\">Facebook konts<\/a> un m\u0113s atbild\u0113sim uz j\u016bsu piepras\u012bjumu taj\u0101 pa\u0161\u0101 dien\u0101.<\/p>","protected":false},"excerpt":{"rendered":"<p>\u016adensp\u012bpes kr\u016bze OBLAKO Phunnel M Kr\u016bz\u012bte ir paredz\u0113ta ikdienas sm\u0113\u0137\u0113\u0161anai, lieliski piem\u0113rota vieglai un smagai tabakai! Tabakas tase satur 20-23 g. Specifik\u0101cijas: Augstums: 118mm Diametrs (\u0101r\u0113jais): 74mm Diametrs (iek\u0161\u0113jais): 68mm Dzi\u013cums: 12mm Caurumu diametrs: 12mm Caurumu skaits: 1 Svars: apm\u0113ram 182 grami Jaut\u0101jumi? Sazinieties ar mums kontaktu lap\u0101 vai rakstiet mums Facebook [\u2026]<\/p>","protected":false},"featured_media":11575,"comment_status":"open","ping_status":"closed","template":"","meta":[],"_links":{"self":[{"href":"https:\/\/hookahshop.lt\/lv\/wp-json\/wp\/v2\/product\/11574"}],"collection":[{"href":"https:\/\/hookahshop.lt\/lv\/wp-json\/wp\/v2\/product"}],"about":[{"href":"https:\/\/hookahshop.lt\/lv\/wp-json\/wp\/v2\/types\/product"}],"replies":[{"embeddable":true,"href":"https:\/\/hookahshop.lt\/lv\/wp-json\/wp\/v2\/comments?post=11574"}],"version-history":[{"count":4,"href":"https:\/\/hookahshop.lt\/lv\/wp-json\/wp\/v2\/product\/11574\/revisions"}],"predecessor-version":[{"id":29781,"href":"https:\/\/hookahshop.lt\/lv\/wp-json\/wp\/v2\/product\/11574\/revisions\/29781"}],"wp:featuredmedia":[{"embeddable":true,"href":"https:\/\/hookahshop.lt\/lv\/wp-json\/wp\/v2\/media\/11575"}],"wp:attachment":[{"href":"https:\/\/hookahshop.lt\/lv\/wp-json\/wp\/v2\/media?parent=11574"}],"curies":[{"name":"wp","href":"https:\/\/api.w.org\/{rel}","templated":true}]}}