{"id":11599,"date":"2020-09-03T13:45:14","date_gmt":"2020-09-03T10:45:14","guid":{"rendered":"https:\/\/hookahshop.lt\/?post_type=product&#038;p=11599"},"modified":"2026-04-18T23:29:10","modified_gmt":"2026-04-18T20:29:10","slug":"vienkartiniai-kandikliai-kaljanui-100vnt-spalvoti","status":"publish","type":"product","link":"https:\/\/hookahshop.lt\/lv\/produkt\/vienreizlietojamie-udenspipes-iemuti-100gab-krasaini\/","title":{"rendered":"Vienreizlietojamie \u0101\u0137i \u016bdensp\u012bpei Kr\u0101sa 3cm 100gab"},"content":{"rendered":"<h2>Vienreizlietojamie \u0101\u0137i \u016bdensp\u012bpei Kr\u0101sa 100gab<\/h2>\n<p>100 iemu\u0161u gabali vien\u0101 iepakojum\u0101.<\/p>\n<p>Vai jums ir k\u0101di jaut\u0101jumi? Sazinies ar mums <a href=\"https:\/\/hookahshop.lt\/lv\/kontaktiem\/\">kontaktu lapa<\/a> vai rakstiet mums pa e-pastu <a href=\"https:\/\/facebook.com\/HookahShop.lt\/\" target=\"_blank\" rel=\"noopener noreferrer\">Facebook konts<\/a> un m\u0113s atbild\u0113sim uz j\u016bsu piepras\u012bjumu taj\u0101 pa\u0161\u0101 dien\u0101.<\/p>","protected":false},"excerpt":{"rendered":"<p>Vienreizlietojamie iemuti \u016bdensp\u012bpei Kr\u0101saini 100gab Vien\u0101 iepakojum\u0101 100gab iemuti. Vai jums ir k\u0101di jaut\u0101jumi? Sazinieties ar mums kontaktu lap\u0101 vai rakstiet mums Facebook, un m\u0113s atbild\u0113sim uz j\u016bsu piepras\u012bjumu taj\u0101 pa\u0161\u0101 dien\u0101.<\/p>","protected":false},"featured_media":28644,"comment_status":"open","ping_status":"closed","template":"","meta":[],"_links":{"self":[{"href":"https:\/\/hookahshop.lt\/lv\/wp-json\/wp\/v2\/product\/11599"}],"collection":[{"href":"https:\/\/hookahshop.lt\/lv\/wp-json\/wp\/v2\/product"}],"about":[{"href":"https:\/\/hookahshop.lt\/lv\/wp-json\/wp\/v2\/types\/product"}],"replies":[{"embeddable":true,"href":"https:\/\/hookahshop.lt\/lv\/wp-json\/wp\/v2\/comments?post=11599"}],"version-history":[{"count":6,"href":"https:\/\/hookahshop.lt\/lv\/wp-json\/wp\/v2\/product\/11599\/revisions"}],"predecessor-version":[{"id":42959,"href":"https:\/\/hookahshop.lt\/lv\/wp-json\/wp\/v2\/product\/11599\/revisions\/42959"}],"wp:featuredmedia":[{"embeddable":true,"href":"https:\/\/hookahshop.lt\/lv\/wp-json\/wp\/v2\/media\/28644"}],"wp:attachment":[{"href":"https:\/\/hookahshop.lt\/lv\/wp-json\/wp\/v2\/media?parent=11599"}],"curies":[{"name":"wp","href":"https:\/\/api.w.org\/{rel}","templated":true}]}}