{"id":11605,"date":"2020-09-03T14:01:29","date_gmt":"2020-09-03T11:01:29","guid":{"rendered":"https:\/\/hookahshop.lt\/?post_type=product&#038;p=11605"},"modified":"2026-04-17T23:29:34","modified_gmt":"2026-04-17T20:29:34","slug":"taurele-kaljanui-bigmaks-wave","status":"publish","type":"product","link":"https:\/\/hookahshop.lt\/lv\/produkt\/kauss-for-udenspipe-lielais-vilnis\/","title":{"rendered":"Kauss \u016bdensp\u012bpei BIGMAKS Wave"},"content":{"rendered":"<h2>Kauss \u016bdensp\u012bpei BIGMAKS Wave<\/h2>\n<p>Tas ir izgatavots no sarkan\u0101 m\u0101la. Meistara roka uz podnieka ripas izgatavo unik\u0101las Wave b\u013codas, kur\u0101m ir nestandarta \u0101r\u0113j\u0101 forma no viena m\u0101la gabala.<br \/>\nKr\u016bze uzsilst vienm\u0113r\u012bgi un ilgsto\u0161i saglab\u0101 siltumu, nep\u0101rkars\u0113jot tabaku. Kr\u016bzes tilpums: 15-18 grami.<\/p>\n<p>Specifik\u0101cijas:<br \/>\nAugstums: 77 mm<br \/>\nDiametrs (\u0101r\u0113jais): 76 mm<br \/>\nDiametrs (iek\u0161\u0113jais): 62 mm<br \/>\nDzi\u013cums: 11mm<br \/>\nCauruma diametrs: 7 mm<br \/>\nCaurumu skaits: 7 gab<br \/>\nSvars: apm\u0113ram 262 grami<\/p>\n<p>Vai jums ir k\u0101di jaut\u0101jumi? Sazinies ar mums <a href=\"https:\/\/hookahshop.lt\/lv\/kontaktiem\/\">kontaktu lapa<\/a> vai rakstiet mums pa e-pastu <a href=\"https:\/\/facebook.com\/HookahShop.lt\/\" target=\"_blank\" rel=\"noopener noreferrer\">Facebook konts<\/a> un m\u0113s atbild\u0113sim uz j\u016bsu piepras\u012bjumu taj\u0101 pa\u0161\u0101 dien\u0101.<\/p>","protected":false},"excerpt":{"rendered":"<p>\u016adensp\u012bpes b\u013codi\u0146a BIGMAKS Wave T\u0101 ir izgatavota no sarkan\u0101 m\u0101la. Meistar\u012bga roka uz podnieka ripas no viena m\u0101la gabala rada unik\u0101las &quot;Wave&quot; b\u013codi\u0146as, kur\u0101m ir nestandarta \u0101r\u0113j\u0101 forma. B\u013codi\u0146a vienm\u0113r\u012bgi uzsilst un ilgi saglab\u0101 siltumu, nep\u0101rkars\u0113jot tabaku. Kr\u016bz\u012btes tilpums: 15-18 grami. Specifik\u0101cijas: Augstums: 77 mm Diametrs (\u0101r\u0113jais): 76 mm Diametrs (iek\u0161\u0113jais): 62 mm Dzi\u013cums: 11 mm Caurumi [\u2026]<\/p>","protected":false},"featured_media":11606,"comment_status":"open","ping_status":"closed","template":"","meta":[],"_links":{"self":[{"href":"https:\/\/hookahshop.lt\/lv\/wp-json\/wp\/v2\/product\/11605"}],"collection":[{"href":"https:\/\/hookahshop.lt\/lv\/wp-json\/wp\/v2\/product"}],"about":[{"href":"https:\/\/hookahshop.lt\/lv\/wp-json\/wp\/v2\/types\/product"}],"replies":[{"embeddable":true,"href":"https:\/\/hookahshop.lt\/lv\/wp-json\/wp\/v2\/comments?post=11605"}],"version-history":[{"count":2,"href":"https:\/\/hookahshop.lt\/lv\/wp-json\/wp\/v2\/product\/11605\/revisions"}],"predecessor-version":[{"id":36518,"href":"https:\/\/hookahshop.lt\/lv\/wp-json\/wp\/v2\/product\/11605\/revisions\/36518"}],"wp:featuredmedia":[{"embeddable":true,"href":"https:\/\/hookahshop.lt\/lv\/wp-json\/wp\/v2\/media\/11606"}],"wp:attachment":[{"href":"https:\/\/hookahshop.lt\/lv\/wp-json\/wp\/v2\/media?parent=11605"}],"curies":[{"name":"wp","href":"https:\/\/api.w.org\/{rel}","templated":true}]}}