{"id":11628,"date":"2020-09-07T23:07:40","date_gmt":"2020-09-07T20:07:40","guid":{"rendered":"https:\/\/hookahshop.lt\/?post_type=product&#038;p=11628"},"modified":"2026-04-18T23:28:49","modified_gmt":"2026-04-18T20:28:49","slug":"kaljanas-totem-idol-violet-spark","status":"publish","type":"product","link":"https:\/\/hookahshop.lt\/lv\/produkt\/udenspipe-totems-elks-violeta-dzirksts\/","title":{"rendered":"\u016adensp\u012bpe TOTEM Idol Violet Spark"},"content":{"rendered":"<h2>\u016adensp\u012bpe TOTEM Idol Violet Spark<\/h2>\n<p>Ukrain\u0101 ra\u017eota \u016bdensp\u012bpe, kuras izcelsme ir Sumi. V\u0101rpstas iek\u0161\u0113jie un visi \u0101r\u0113jie met\u0101la elementi ir izgatavoti no ner\u016bs\u0113jo\u0161\u0101 t\u0113rauda, \u0101r\u0113j\u0101 apdare no kvalitat\u012bvi apstr\u0101d\u0101ta koka, kas kalpos \u013coti ilgi. Unik\u0101lais \u0161\u013c\u016btenes savienojums bez bl\u012bves un daudzi citi s\u012bkumi padara \u0161o \u016bdensp\u012bpi par cien\u012bgu konkurentu jebkuram atz\u012btam l\u012bderim \u016bdensp\u012bpes tirg\u016b.<\/p>\n<p><strong>Apr\u012bkojums:<\/strong> v\u0101rpsta, pl\u0101ksne, \u0161\u013c\u016btene, iemuts, starplikas, firmas iepakojums.<\/p>\n<p>Vai jums ir k\u0101di jaut\u0101jumi? Sazinies ar mums <a href=\"https:\/\/hookahshop.lt\/lv\/kontaktiem\/\">kontaktu lapa<\/a> vai rakstiet mums pa e-pastu <a href=\"https:\/\/facebook.com\/HookahShop.lt\/\" target=\"_blank\" rel=\"noopener noreferrer\">Facebook konts<\/a> un m\u0113s atbild\u0113sim uz j\u016bsu piepras\u012bjumu taj\u0101 pa\u0161\u0101 dien\u0101.<\/p>","protected":false},"excerpt":{"rendered":"<p>\u016adensp\u012bpe TOTEM Idol Violet Spark \u016adensp\u012bpe ra\u017eota Ukrain\u0101, kuras izcelsme ir Sumi. V\u0101rpstas iek\u0161\u0113jie un visi \u0101r\u0113jie met\u0101la elementi ir izgatavoti no ner\u016bs\u0113jo\u0161\u0101 t\u0113rauda, \u0101r\u0113j\u0101 apdare no kvalitat\u012bvi apstr\u0101d\u0101ta koka, kas kalpos \u013coti ilgi. Unik\u0101lais \u0161\u013c\u016btenes savienojums bez starplikas un daudzas citas mazas lietas padara \u0161o \u016bdensp\u012bpi par cien\u012bgu konkurentu jebkuram atz\u012btam l\u012bderim \u016bdensp\u012bpes tirg\u016b. Pilns komplekts: [\u2026]<\/p>","protected":false},"featured_media":11629,"comment_status":"open","ping_status":"closed","template":"","meta":[],"_links":{"self":[{"href":"https:\/\/hookahshop.lt\/lv\/wp-json\/wp\/v2\/product\/11628"}],"collection":[{"href":"https:\/\/hookahshop.lt\/lv\/wp-json\/wp\/v2\/product"}],"about":[{"href":"https:\/\/hookahshop.lt\/lv\/wp-json\/wp\/v2\/types\/product"}],"replies":[{"embeddable":true,"href":"https:\/\/hookahshop.lt\/lv\/wp-json\/wp\/v2\/comments?post=11628"}],"version-history":[{"count":2,"href":"https:\/\/hookahshop.lt\/lv\/wp-json\/wp\/v2\/product\/11628\/revisions"}],"predecessor-version":[{"id":22774,"href":"https:\/\/hookahshop.lt\/lv\/wp-json\/wp\/v2\/product\/11628\/revisions\/22774"}],"wp:featuredmedia":[{"embeddable":true,"href":"https:\/\/hookahshop.lt\/lv\/wp-json\/wp\/v2\/media\/11629"}],"wp:attachment":[{"href":"https:\/\/hookahshop.lt\/lv\/wp-json\/wp\/v2\/media?parent=11628"}],"curies":[{"name":"wp","href":"https:\/\/api.w.org\/{rel}","templated":true}]}}