{"id":11778,"date":"2020-09-10T20:42:08","date_gmt":"2020-09-10T17:42:08","guid":{"rendered":"https:\/\/hookahshop.lt\/?post_type=product&#038;p=11778"},"modified":"2026-04-16T23:29:06","modified_gmt":"2026-04-16T20:29:06","slug":"kaljanas-totem-evo-green","status":"publish","type":"product","link":"https:\/\/hookahshop.lt\/lv\/produkt\/kaljanas-totem-evo-green\/","title":{"rendered":"\u016adensp\u012bpe TOTEM Evo Green"},"content":{"rendered":"<h2>\u016adensp\u012bpe TOTEM Evo Green<\/h2>\n<p>\u016adensp\u012bpe S\u0113rija \u016bdensp\u012bpes no ner\u016bs\u0113jo\u0161\u0101 t\u0113rauda ar ieliktni no m\u0101ksl\u012bg\u0101 akmens no Ukrainas uz\u0146\u0113muma &quot;Totem Hookah&quot;. Drosm\u012bga uzman\u012bba tiek piev\u0113rsta ori\u0123in\u0101lajam gredzenu p\u016b\u0161anai, un, \u0146emot v\u0113r\u0101 visu produkta da\u013cu ra\u017eo\u0161anas un apstr\u0101des kvalit\u0101ti, Totem Hokah \u016bdensp\u012bpi var dro\u0161i klasific\u0113t augst\u0101k\u0101s klases segment\u0101 par \u013coti pie\u0146emamu cenu. \u0160\u013c\u016btenes piesl\u0113gvieta ir savienota ar \u016bdensp\u012bpes k\u0101tu, kas \u013cauj \u0113rti un uzticami lietot, nezaud\u0113jot visa izstr\u0101d\u0101juma ekskluz\u012bvo izskatu. Poliacet\u0101la ieliktnis garant\u0113 vieglu un \u0101tru \u016bdensp\u012bpes transport\u0113\u0161anu.<\/p>\n<p>Izm\u0113ri:<br \/>\nAugstums: apm\u0113ram 53 cm<\/p>\n<p>Pieg\u0101des apjoms:<br \/>\n- 1x v\u0101rpsta ar difuzoru<br \/>\n- 1x pl\u0101ksne<br \/>\n- 1x \u0161\u013c\u016btenes adapteris<br \/>\n- 1x d\u016bmg\u0101zu caurule ar galvas adapteri (atskr\u016bv\u0113jama)<br \/>\n- 1x silikona \u0161\u013c\u016btene ar ner\u016bs\u0113jo\u0161\u0101 t\u0113rauda iemuti<br \/>\n- 1x bl\u012bvju komplekts (\u0161\u013c\u016btenes bl\u012bve, galvas bl\u012bve)<br \/>\n- 1x oglek\u013ca audums<\/p>\n<p>Vai jums ir k\u0101di jaut\u0101jumi? Sazinies ar mums <a href=\"https:\/\/hookahshop.lt\/lv\/kontaktiem\/\">kontaktu lapa<\/a> vai rakstiet mums pa e-pastu <a href=\"https:\/\/facebook.com\/HookahShop.lt\/\" target=\"_blank\" rel=\"noopener noreferrer\">Facebook konts<\/a> un m\u0113s atbild\u0113sim uz j\u016bsu piepras\u012bjumu taj\u0101 pa\u0161\u0101 dien\u0101.<\/p>","protected":false},"excerpt":{"rendered":"<p>\u016adensp\u012bpe TOTEM Evo Green Hookah s\u0113rijas ner\u016bs\u0113jo\u0161\u0101 t\u0113rauda \u016bdensp\u012bpes ar m\u0101ksl\u012bg\u0101 akmens ieliktni no Ukrainas uz\u0146\u0113muma &quot;Totem Hookah&quot;. Drosm\u012bga uzman\u012bba tiek piev\u0113rsta ori\u0123in\u0101lajam gredzenu p\u016b\u0161anai, un, \u0146emot v\u0113r\u0101 visu produkta da\u013cu ra\u017eo\u0161anas un apstr\u0101des kvalit\u0101ti, Totem Hokah \u016bdensp\u012bpi var dro\u0161i klasific\u0113t augst\u0101k\u0101s klases segment\u0101 par \u013coti pie\u0146emamu cenu. \u0160\u013c\u016btenes piesl\u0113gvieta ir pievienota [\u2026]<\/p>","protected":false},"featured_media":11782,"comment_status":"open","ping_status":"closed","template":"","meta":[],"_links":{"self":[{"href":"https:\/\/hookahshop.lt\/lv\/wp-json\/wp\/v2\/product\/11778"}],"collection":[{"href":"https:\/\/hookahshop.lt\/lv\/wp-json\/wp\/v2\/product"}],"about":[{"href":"https:\/\/hookahshop.lt\/lv\/wp-json\/wp\/v2\/types\/product"}],"replies":[{"embeddable":true,"href":"https:\/\/hookahshop.lt\/lv\/wp-json\/wp\/v2\/comments?post=11778"}],"version-history":[{"count":2,"href":"https:\/\/hookahshop.lt\/lv\/wp-json\/wp\/v2\/product\/11778\/revisions"}],"predecessor-version":[{"id":22762,"href":"https:\/\/hookahshop.lt\/lv\/wp-json\/wp\/v2\/product\/11778\/revisions\/22762"}],"wp:featuredmedia":[{"embeddable":true,"href":"https:\/\/hookahshop.lt\/lv\/wp-json\/wp\/v2\/media\/11782"}],"wp:attachment":[{"href":"https:\/\/hookahshop.lt\/lv\/wp-json\/wp\/v2\/media?parent=11778"}],"curies":[{"name":"wp","href":"https:\/\/api.w.org\/{rel}","templated":true}]}}