{"id":11800,"date":"2020-09-10T21:53:12","date_gmt":"2020-09-10T18:53:12","guid":{"rendered":"https:\/\/hookahshop.lt\/?post_type=product&#038;p=11800"},"modified":"2026-04-15T12:28:58","modified_gmt":"2026-04-15T09:28:58","slug":"kaljanas-totem-elixir-zebra-matt","status":"publish","type":"product","link":"https:\/\/hookahshop.lt\/lv\/produkt\/udenspipe-totem-eliksirs-zebra-matets\/","title":{"rendered":"\u016adensp\u012bpe TOTEM Elixir Zebra Matt"},"content":{"rendered":"<h2>\u016adensp\u012bpe TOTEM Elixir Zebra Matt<\/h2>\n<p>\u0160\u012b ir Ukrainas uz\u0146\u0113muma Totem Hookah ner\u016bs\u0113jo\u0161\u0101 t\u0113rauda \u016bdensp\u012bpju s\u0113rija ar koka ieliktni. Pamatojoties uz ra\u017eo\u0161anas kvalit\u0101ti un visu izstr\u0101d\u0101juma da\u013cu apstr\u0101di, Totem Hokah \u016bdensp\u012bpi var dro\u0161i klasific\u0113t k\u0101 augst\u0101k\u0101s klases segmentu par \u013coti pie\u0146emamu cenu. Labi izstr\u0101d\u0101ta un uzkl\u0101ta koka apdare ir pat\u012bkama ac\u012bm un atst\u0101j lielisku saj\u016btu iespaidu. \u0160\u013c\u016btenes savienojums ir savienots ar \u016bdensp\u012bpes k\u0101tu, kas \u013cauj \u0113rti un dro\u0161i lietot, nezaud\u0113jot visa produkta ekskluz\u012bvo izskatu. Poliacet\u0101la ieliktnis garant\u0113 vieglu un \u0101tru \u016bdensp\u012bpes aizsardz\u012bbu. Un, protams, nevar ignor\u0113t iespaid\u012bgo z\u012bmola iepakojumu, kas tikai pasv\u012btros \u016bdensp\u012bpes \u012bpa\u0161nieka gar\u0161u.<\/p>\n<p><strong>Apr\u012bkojums:<\/strong><br \/>\nPl\u0101ksne;<br \/>\nOri\u0123in\u0101lais iemutnis;<br \/>\nSilikona \u0161\u013c\u016btene &quot;Soft Touch&quot;;<br \/>\nBl\u012bvju komplekts;<br \/>\n\u0160\u013c\u016btenes atspere;<br \/>\nV\u0101rpsta;<br \/>\nZ\u012bmola iepakojums.<\/p>\n<p>Vai jums ir k\u0101di jaut\u0101jumi? Sazinies ar mums <a href=\"https:\/\/hookahshop.lt\/lv\/kontaktiem\/\">kontaktu lapa<\/a> vai rakstiet mums pa e-pastu <a href=\"https:\/\/facebook.com\/HookahShop.lt\/\" target=\"_blank\" rel=\"noopener noreferrer\">Facebook konts<\/a> un m\u0113s atbild\u0113sim uz j\u016bsu piepras\u012bjumu taj\u0101 pa\u0161\u0101 dien\u0101.<\/p>","protected":false},"excerpt":{"rendered":"<p>\u016adensp\u012bpe TOTEM Elixir Zebra Matt \u0160\u012b ir Ukrainas uz\u0146\u0113muma Totem Hookah ner\u016bs\u0113jo\u0161\u0101 t\u0113rauda \u016bdensp\u012bpju s\u0113rija ar koka ieliktni. Pamatojoties uz ra\u017eo\u0161anas kvalit\u0101ti un visu izstr\u0101d\u0101juma da\u013cu apstr\u0101di, Totem Hokah \u016bdensp\u012bpi var dro\u0161i klasific\u0113t k\u0101 augst\u0101k\u0101s klases segmentu par \u013coti pie\u0146emamu cenu. Labi izstr\u0101d\u0101ta un uzkl\u0101ta koka apdare ir pat\u012bkama ac\u012bm un atst\u0101j lielisku saj\u016btu iespaidu. \u0160\u013c\u016btenes savienojums [\u2026]<\/p>","protected":false},"featured_media":11816,"comment_status":"open","ping_status":"closed","template":"","meta":[],"_links":{"self":[{"href":"https:\/\/hookahshop.lt\/lv\/wp-json\/wp\/v2\/product\/11800"}],"collection":[{"href":"https:\/\/hookahshop.lt\/lv\/wp-json\/wp\/v2\/product"}],"about":[{"href":"https:\/\/hookahshop.lt\/lv\/wp-json\/wp\/v2\/types\/product"}],"replies":[{"embeddable":true,"href":"https:\/\/hookahshop.lt\/lv\/wp-json\/wp\/v2\/comments?post=11800"}],"version-history":[{"count":2,"href":"https:\/\/hookahshop.lt\/lv\/wp-json\/wp\/v2\/product\/11800\/revisions"}],"predecessor-version":[{"id":22752,"href":"https:\/\/hookahshop.lt\/lv\/wp-json\/wp\/v2\/product\/11800\/revisions\/22752"}],"wp:featuredmedia":[{"embeddable":true,"href":"https:\/\/hookahshop.lt\/lv\/wp-json\/wp\/v2\/media\/11816"}],"wp:attachment":[{"href":"https:\/\/hookahshop.lt\/lv\/wp-json\/wp\/v2\/media?parent=11800"}],"curies":[{"name":"wp","href":"https:\/\/api.w.org\/{rel}","templated":true}]}}