{"id":11839,"date":"2020-09-14T14:44:53","date_gmt":"2020-09-14T11:44:53","guid":{"rendered":"https:\/\/hookahshop.lt\/?post_type=product&#038;p=11839"},"modified":"2026-04-17T23:29:09","modified_gmt":"2026-04-17T20:29:09","slug":"anglys-kaljanui-cocopalm-26mm-1kg","status":"publish","type":"product","link":"https:\/\/hookahshop.lt\/lv\/produkt\/ogles-udenspipei-kokopalms-26mm-1kg\/","title":{"rendered":"Ogles \u016bdensp\u012bpei COCOPALM 26mm 1kg"},"content":{"rendered":"<h2>Ogles \u016bdensp\u012bpei COCOPALM 26mm 1kg<\/h2>\n<p>\u0160\u012bm ogl\u0113m nav nek\u0101das deguma smakas un t\u0101 neatst\u0101j nek\u0101du p\u0113cgar\u0161u. \u0160\u012bs ogles neatst\u0101j daudz pelnu un tai nav papildu arom\u0101tu. Izmantojot \u0161\u012bs ogles, jums nevajadz\u0113s izp\u016bst pelnus, jo \u0161\u012bs ogles degot atst\u0101j \u013coti minim\u0101lu pelnu daudzumu.<br \/>\nViena oglek\u013ca izm\u0113ri: 26x26x26mm<br \/>\nKast\u012bte satur 64 ogles.<br \/>\nNesatur \u0137\u012bmiskas piedevas.<br \/>\nSm\u0113\u0137\u0113jot, smar\u017ea vai gar\u0161a nemain\u0101s.<br \/>\nLai dedzin\u0101tu ogles, ir nepiecie\u0161ama elektrisk\u0101 pl\u012bts \u016bdensp\u012bpe, t\u016bristu g\u0101zes pl\u012bts vai taml\u012bdz\u012bgi.<br \/>\nIzcelsmes valsts: Indon\u0113zija<\/p>\n<p>Vai jums ir k\u0101di jaut\u0101jumi? Sazinies ar mums <a href=\"https:\/\/hookahshop.lt\/lv\/kontaktiem\/\">kontaktu lapa<\/a> vai rakstiet mums pa e-pastu <a href=\"https:\/\/facebook.com\/HookahShop.lt\/\" target=\"_blank\" rel=\"noopener noreferrer\">Facebook konts<\/a> un m\u0113s atbild\u0113sim uz j\u016bsu piepras\u012bjumu taj\u0101 pa\u0161\u0101 dien\u0101.<\/p>\n<p>&nbsp;<\/p>","protected":false},"excerpt":{"rendered":"<p>Kokogles \u016bdensp\u012bpei COCOPALM 26mm 1kg \u0160ai oglei nav deguma smar\u017eas un t\u0101 neatst\u0101j nek\u0101du p\u0113cgar\u0161u. \u0160\u012bs ogles neatst\u0101j daudz pelnu un tai nav papildu arom\u0101tu. Izmantojot \u0161\u012bs ogles, jums nevajadz\u0113s izp\u016bst pelnus, jo \u0161\u012bs ogles degot atst\u0101j \u013coti minim\u0101lu pelnu daudzumu. Vienas ogles izm\u0113ri: 26x26x26mm Kast\u012bt\u0113 ir 64 ogles. Nesatur \u0137\u012bmiskas piedevas. Sm\u0113\u0137\u0113jot nav ne smakas, ne [...]<\/p>","protected":false},"featured_media":22561,"comment_status":"open","ping_status":"closed","template":"","meta":[],"_links":{"self":[{"href":"https:\/\/hookahshop.lt\/lv\/wp-json\/wp\/v2\/product\/11839"}],"collection":[{"href":"https:\/\/hookahshop.lt\/lv\/wp-json\/wp\/v2\/product"}],"about":[{"href":"https:\/\/hookahshop.lt\/lv\/wp-json\/wp\/v2\/types\/product"}],"replies":[{"embeddable":true,"href":"https:\/\/hookahshop.lt\/lv\/wp-json\/wp\/v2\/comments?post=11839"}],"version-history":[{"count":5,"href":"https:\/\/hookahshop.lt\/lv\/wp-json\/wp\/v2\/product\/11839\/revisions"}],"predecessor-version":[{"id":32910,"href":"https:\/\/hookahshop.lt\/lv\/wp-json\/wp\/v2\/product\/11839\/revisions\/32910"}],"wp:featuredmedia":[{"embeddable":true,"href":"https:\/\/hookahshop.lt\/lv\/wp-json\/wp\/v2\/media\/22561"}],"wp:attachment":[{"href":"https:\/\/hookahshop.lt\/lv\/wp-json\/wp\/v2\/media?parent=11839"}],"curies":[{"name":"wp","href":"https:\/\/api.w.org\/{rel}","templated":true}]}}