{"id":11849,"date":"2020-09-14T17:53:15","date_gmt":"2020-09-14T14:53:15","guid":{"rendered":"https:\/\/hookahshop.lt\/?post_type=product&#038;p=11849"},"modified":"2026-04-18T23:28:50","modified_gmt":"2026-04-18T20:28:50","slug":"kaljano-komplektas-bigmaks-rapier","status":"publish","type":"product","link":"https:\/\/hookahshop.lt\/lv\/produkt\/udenspipe-set-bigmaks-rapier\/","title":{"rendered":"\u016adensp\u012bpes komplekts BIGMAKS Rapier"},"content":{"rendered":"<h2>\u016adensp\u012bpes komplekts BIGMAKS Rapier<\/h2>\n<p>\u0160\u012b ir minim\u0101lisma l\u012bnija, kas paredz\u0113ta \u016bdensp\u012bpes k\u016bpin\u0101\u0161anas baud\u012b\u0161anai ar difuzoru (\u016bdensp\u012bpes vilkme nav regul\u0113jama).<br \/>\n\u016adensp\u012bpes sist\u0113ma sast\u0101v no pieciem v\u0101rstiem, kas \u013cauj nekav\u0113joties izt\u012br\u012bt kolbu no d\u016bmiem, k\u0101 ar\u012b atdzes\u0113 trauku, to nepiepildot.<br \/>\nV\u0101rpsta, konuss, iemutnis un pl\u0101ksne ir izgatavoti no ner\u016bs\u0113jo\u0161\u0101 t\u0113rauda AISI304, ar \u013coti prec\u012bzu deta\u013cu apstr\u0101di. V\u012bt\u0146ota mont\u0101\u017ea. Tiek izmantoti bl\u012bvgredzenu savienot\u0101ji.<\/p>\n<p>\u016adensp\u012bpes augstums: 450 mm<\/p>\n<p><strong>Apr\u012bkojums:<\/strong><br \/>\nV\u0101rpsta -1 gab.<br \/>\n\u016adensp\u012bpes pl\u0101ksne ar z\u012bmola grav\u0113jumu - 1 gab.<br \/>\nIemutnis - 1 gab.<br \/>\nSilikona \u0161\u013c\u016btene - 1 gab.<br \/>\nBl\u012bves - 2 gab.<br \/>\nKolba (at\u0161\u0137iras no fotoatt\u0113l\u0101 redzam\u0101s) - 1 gab.<br \/>\nKnaibles - 1 gab.<br \/>\nSiltuma kamera - 1 gab.<br \/>\nKr\u016bz\u012bte (Var at\u0161\u0137irties no bild\u0113 redzam\u0101s) - 1 gab.<br \/>\nOg\u013cu Zocomo 1kg - 1gab.<br \/>\nPl\u012bts - 1gab.<\/p>\n<p>Vai jums ir k\u0101di jaut\u0101jumi? Sazinies ar mums <a href=\"https:\/\/hookahshop.lt\/lv\/kontaktiem\/\">kontaktu lapa<\/a> vai rakstiet mums pa e-pastu <a href=\"https:\/\/facebook.com\/HookahShop.lt\/\" target=\"_blank\" rel=\"noopener noreferrer\">Facebook konts<\/a> un m\u0113s atbild\u0113sim uz j\u016bsu piepras\u012bjumu taj\u0101 pa\u0161\u0101 dien\u0101.<\/p>","protected":false},"excerpt":{"rendered":"<p>\u016adensp\u012bpes komplekts BIGMAKS Rapier \u0160\u012b ir minim\u0101lisma l\u012bnija, kas paredz\u0113ta \u016bdensp\u012bpes k\u016bpin\u0101\u0161anas baud\u012b\u0161anai ar difuzoru (\u016bdensp\u012bpes vilkme nav regul\u0113jama). \u016adensp\u012bpes sist\u0113ma sast\u0101v no pieciem v\u0101rstiem, kas \u013cauj nekav\u0113joties atbr\u012bvot kolbu no d\u016bmiem, k\u0101 ar\u012b atdzes\u0113t b\u013codu, to nepiepildot. V\u0101rpsta, konuss, iemutnis un pl\u0101ksne ir izgatavoti no AISI304 ner\u016bs\u0113jo\u0161\u0101 t\u0113rauda ar augstas precizit\u0101tes apstr\u0101di. Mont\u0101\u017ea ar v\u012bt\u0146otiem savienojumiem. [\u2026]<\/p>","protected":false},"featured_media":28032,"comment_status":"open","ping_status":"closed","template":"","meta":[],"_links":{"self":[{"href":"https:\/\/hookahshop.lt\/lv\/wp-json\/wp\/v2\/product\/11849"}],"collection":[{"href":"https:\/\/hookahshop.lt\/lv\/wp-json\/wp\/v2\/product"}],"about":[{"href":"https:\/\/hookahshop.lt\/lv\/wp-json\/wp\/v2\/types\/product"}],"replies":[{"embeddable":true,"href":"https:\/\/hookahshop.lt\/lv\/wp-json\/wp\/v2\/comments?post=11849"}],"version-history":[{"count":4,"href":"https:\/\/hookahshop.lt\/lv\/wp-json\/wp\/v2\/product\/11849\/revisions"}],"predecessor-version":[{"id":34576,"href":"https:\/\/hookahshop.lt\/lv\/wp-json\/wp\/v2\/product\/11849\/revisions\/34576"}],"wp:featuredmedia":[{"embeddable":true,"href":"https:\/\/hookahshop.lt\/lv\/wp-json\/wp\/v2\/media\/28032"}],"wp:attachment":[{"href":"https:\/\/hookahshop.lt\/lv\/wp-json\/wp\/v2\/media?parent=11849"}],"curies":[{"name":"wp","href":"https:\/\/api.w.org\/{rel}","templated":true}]}}