{"id":11861,"date":"2020-09-14T20:44:55","date_gmt":"2020-09-14T17:44:55","guid":{"rendered":"https:\/\/hookahshop.lt\/?post_type=product&#038;p=11861"},"modified":"2026-05-13T13:51:49","modified_gmt":"2026-05-13T10:51:49","slug":"kolba-kaljanui-bigmaks-base-starred-night","status":"publish","type":"product","link":"https:\/\/hookahshop.lt\/lv\/produkt\/kolba-udenspipe-bigmaks-baze-zvaigznota-nakts\/","title":{"rendered":"Kolba \u016bdensp\u012bpei BIGMAKS Base Starred Night"},"content":{"rendered":"<h2>KOLBA KALJANUI BIGMAKS BASE Zvaig\u017e\u0146u nakts<\/h2>\n<p>\u0160\u012b ir tums\u0101 mirdzo\u0161a \u016bdensp\u012bpes kolba ar nosaukumu &quot;Zvaig\u017e\u0146ot\u0101 nakts&quot;, kas izgatavota no p\u0101rtikas kvalit\u0101tes krist\u0101la stikla, &quot;B\u0101zes&quot; formas.<br \/>\n&quot;BigMaks Base&quot; (&quot;Zvaig\u017e\u0146ot\u0101 nakts&quot;) rada iespaidu par naksn\u012bg\u0101m zvaig\u017e\u0146ot\u0101m debes\u012bm.<br \/>\nTums\u0101 pilieni kolb\u0101 sp\u012bd.<br \/>\n\u2800<br \/>\n<strong><span title=\"\">Specifik\u0101cijas:<\/span><\/strong><br \/>\nAugstums: 256 mm<br \/>\nSvars: ~1300 g<br \/>\nKakla \u0101r\u0113jais diametrs: 71 mm<br \/>\nIek\u0161\u0113jais r\u012bkles diametrs: 47 mm<br \/>\nProdukta materi\u0101ls: krist\u0101la stikls<\/p>\n<p>Vai jums ir k\u0101di jaut\u0101jumi? Sazinies ar mums <a href=\"https:\/\/hookahshop.lt\/lv\/kontaktiem\/\">kontaktu lapa<\/a> vai rakstiet mums pa e-pastu <a href=\"https:\/\/facebook.com\/HookahShop.lt\/\" target=\"_blank\" rel=\"noopener noreferrer\">Facebook konts<\/a> un m\u0113s atbild\u0113sim uz j\u016bsu piepras\u012bjumu taj\u0101 pa\u0161\u0101 dien\u0101.<\/p>","protected":false},"excerpt":{"rendered":"<p>KOLBA KALJANUI BIGMAKS BASE Starred Night Tai yra \u0161vytinti tamsioje kaljano kolboja, vadinama \u201e\u017dvaig\u017ed\u0117ta naktis\u201c, pagaminta i\u0161 maistinio kri\u0161tolo stiklo, \u201eBaz\u0117s\u201c formos. \u201eBigMaks Base\u201c (\u201e\u017dvaig\u017ed\u0117ta naktis\u201c) perteikia naktinio \u017evaig\u017ed\u0117to dangaus \u012fsp\u016bd\u012f. Tamsoje la\u0161ai kolboje \u0161vie\u010diasi. \u2800 Specifikacijos: Auk\u0161tis: 256 mm Svoris: ~ 1300 g I\u0161orinis gerkl\u0117s skersmuo: 71 mm Vidinis gerkl\u0117s skersmuo: 47 mm Produkto [&hellip;]<\/p>","protected":false},"featured_media":21230,"comment_status":"open","ping_status":"closed","template":"","meta":[],"_links":{"self":[{"href":"https:\/\/hookahshop.lt\/lv\/wp-json\/wp\/v2\/product\/11861"}],"collection":[{"href":"https:\/\/hookahshop.lt\/lv\/wp-json\/wp\/v2\/product"}],"about":[{"href":"https:\/\/hookahshop.lt\/lv\/wp-json\/wp\/v2\/types\/product"}],"replies":[{"embeddable":true,"href":"https:\/\/hookahshop.lt\/lv\/wp-json\/wp\/v2\/comments?post=11861"}],"version-history":[{"count":8,"href":"https:\/\/hookahshop.lt\/lv\/wp-json\/wp\/v2\/product\/11861\/revisions"}],"predecessor-version":[{"id":45041,"href":"https:\/\/hookahshop.lt\/lv\/wp-json\/wp\/v2\/product\/11861\/revisions\/45041"}],"wp:featuredmedia":[{"embeddable":true,"href":"https:\/\/hookahshop.lt\/lv\/wp-json\/wp\/v2\/media\/21230"}],"wp:attachment":[{"href":"https:\/\/hookahshop.lt\/lv\/wp-json\/wp\/v2\/media?parent=11861"}],"curies":[{"name":"wp","href":"https:\/\/api.w.org\/{rel}","templated":true}]}}