{"id":11902,"date":"2020-09-15T10:43:16","date_gmt":"2020-09-15T07:43:16","guid":{"rendered":"https:\/\/hookahshop.lt\/?post_type=product&#038;p=11902"},"modified":"2026-04-17T23:29:27","modified_gmt":"2026-04-17T20:29:27","slug":"kolba-kaljanui-bigmaks-base-mirrored-gold","status":"publish","type":"product","link":"https:\/\/hookahshop.lt\/lv\/produkt\/kolba-kaljanui-bigmaks-base-spogulis-zelts\/","title":{"rendered":"Kolba \u016bdensp\u012bpei BIGMAKS Base Mirrored Gold"},"content":{"rendered":"<h2>Kolba \u0101\u0137im BigMaks Base Mirrored Gold<\/h2>\n<p>\u0160\u012b ir kolba, kas der gandr\u012bz jebkuram \u016bdensp\u012bpe, ar standarta savienojumu, t\u0101 ir viegla un iztur\u012bga kolba. Krievijas ra\u017eot\u0101js BigMaks jau daudzus gadus priec\u0113 ar sav\u0101m izstr\u0101d\u0101taj\u0101m kolb\u0101m un ir viens no vado\u0161ajiem ra\u017eot\u0101jiem tirg\u016b.<\/p>\n<p>\u0160is ir produkts, kas kalpos daudzus gadus. Pateicoties augstas kvalit\u0101tes kr\u0101sas p\u0101rkl\u0101jumam, \u0161\u012b kolba noteikti ilgu laiku saglab\u0101s savu reprezentat\u012bvo t\u0113lu un izskat\u012bsies glu\u017ei k\u0101 no ra\u017eot\u0101ja konveijera. \u0160ai kolbai ir biezas sienas. Biezas sienas nodro\u0161in\u0101s sliktu ska\u0146as izol\u0101ciju, kas ir pietiekami svar\u012bga sm\u0113\u0137\u0113\u0161anai bez difuzora. Sakar\u0101 ar BigMaks Base Mirrored Gold \u0101\u0137a ilgm\u016b\u017e\u012bbu, jums neb\u016bs j\u0101uztraucas par \u0161\u012bs kolbas salau\u0161anu vai cit\u0101du boj\u0101\u0161anu. Pateicoties t\u0101s unik\u0101lajai formai (\u0161aur\u0101ka apak\u0161da\u013ca), \u0161o kolbu var\u0113siet \u0146emt l\u012bdzi visur, kur dodaties.<\/p>\n<p>Vai jums ir k\u0101di jaut\u0101jumi? Sazinies ar mums <a href=\"https:\/\/hookahshop.lt\/lv\/kontaktiem\/\">kontaktu lapa<\/a> vai rakstiet mums pa e-pastu <a href=\"https:\/\/facebook.com\/HookahShop.lt\/\" target=\"_blank\" rel=\"noopener noreferrer\">Facebook konts<\/a> un m\u0113s atbild\u0113sim uz j\u016bsu piepras\u012bjumu taj\u0101 pa\u0161\u0101 dien\u0101.<\/p>","protected":false},"excerpt":{"rendered":"<p>\u016adensp\u012bpes kolba BigMaks Base Mirrored Gold \u0160\u012b ir kolba, kas der\u0113s gandr\u012bz vis\u0101m \u016bdensp\u012bp\u0113m, ar standarta savienojumu, t\u0101 ir viegla un iztur\u012bga kolba. Krievijas ra\u017eot\u0101js BigMaks jau daudzus gadus ir iepriecin\u0101jis ar sav\u0101m kolb\u0101m un ir viens no vado\u0161ajiem ra\u017eot\u0101jiem tirg\u016b. \u0160is ir produkts, kas kalpos daudzus gadus. Pateicoties t\u0101s augstas kvalit\u0101tes kr\u0101sas p\u0101rkl\u0101jumam, \u0161\u012b kolba ir patie\u0161\u0101m gara [...]<\/p>","protected":false},"featured_media":11904,"comment_status":"open","ping_status":"closed","template":"","meta":[],"_links":{"self":[{"href":"https:\/\/hookahshop.lt\/lv\/wp-json\/wp\/v2\/product\/11902"}],"collection":[{"href":"https:\/\/hookahshop.lt\/lv\/wp-json\/wp\/v2\/product"}],"about":[{"href":"https:\/\/hookahshop.lt\/lv\/wp-json\/wp\/v2\/types\/product"}],"replies":[{"embeddable":true,"href":"https:\/\/hookahshop.lt\/lv\/wp-json\/wp\/v2\/comments?post=11902"}],"version-history":[{"count":3,"href":"https:\/\/hookahshop.lt\/lv\/wp-json\/wp\/v2\/product\/11902\/revisions"}],"predecessor-version":[{"id":22976,"href":"https:\/\/hookahshop.lt\/lv\/wp-json\/wp\/v2\/product\/11902\/revisions\/22976"}],"wp:featuredmedia":[{"embeddable":true,"href":"https:\/\/hookahshop.lt\/lv\/wp-json\/wp\/v2\/media\/11904"}],"wp:attachment":[{"href":"https:\/\/hookahshop.lt\/lv\/wp-json\/wp\/v2\/media?parent=11902"}],"curies":[{"name":"wp","href":"https:\/\/api.w.org\/{rel}","templated":true}]}}