{"id":11919,"date":"2020-09-15T11:12:43","date_gmt":"2020-09-15T08:12:43","guid":{"rendered":"https:\/\/hookahshop.lt\/?post_type=product&#038;p=11919"},"modified":"2026-04-15T23:29:08","modified_gmt":"2026-04-15T20:29:08","slug":"sakute-kaljano-tabakui-maklaud-merlin","status":"publish","type":"product","link":"https:\/\/hookahshop.lt\/lv\/produkt\/sakute-udenspipe-tabaka-maklaud-merlin\/","title":{"rendered":"\u016adensp\u012bpes tabakas dak\u0161a MAKLAUD Merlin"},"content":{"rendered":"<h2>\u016adensp\u012bpes tabakas dak\u0161a MAKLAUD Merlin<\/h2>\n<p>Izgatavots p\u0113c izcil\u0101 burvja Merlina artefakta.<\/p>\n<p>Specifik\u0101cijas:<br \/>\nSast\u0101vs: misi\u0146\u0161 un dekor\u0113ts ar dab\u012bgo akmeni.<br \/>\nGarums: 127mm<br \/>\nDarba virsmas garums: 35mm<br \/>\nSvars: apm\u0113ram 25 g.<\/p>\n<p>Vai jums ir k\u0101di jaut\u0101jumi? Sazinies ar mums <a href=\"https:\/\/hookahshop.lt\/lv\/kontaktiem\/\">kontaktu lapa<\/a> vai rakstiet mums pa e-pastu <a href=\"https:\/\/facebook.com\/HookahShop.lt\/\" target=\"_blank\" rel=\"noopener noreferrer\">Facebook konts<\/a> un m\u0113s atbild\u0113sim uz j\u016bsu piepras\u012bjumu taj\u0101 pa\u0161\u0101 dien\u0101.<\/p>","protected":false},"excerpt":{"rendered":"<p>Dak\u0161a \u016bdensp\u012bpes tabakai MAKLAUD Merlin Izgatavots p\u0113c liel\u0101 burvja Merlina artefakta. Specifik\u0101cijas: Sast\u0101vs: misi\u0146\u0161 un dekor\u0113ts ar dab\u012bgo akmeni. Garums: 127mm Darba virsmas garums: 35mm Svars: apm\u0113ram 25g. Vai jums ir k\u0101di jaut\u0101jumi? Sazinieties ar mums kontaktu lap\u0101 vai rakstiet mums uz m\u016bsu Facebook kontu un m\u0113s atbild\u0113sim uz j\u016bsu piepras\u012bjumu taj\u0101 pa\u0161\u0101 dien\u0101.<\/p>","protected":false},"featured_media":11922,"comment_status":"open","ping_status":"closed","template":"","meta":[],"_links":{"self":[{"href":"https:\/\/hookahshop.lt\/lv\/wp-json\/wp\/v2\/product\/11919"}],"collection":[{"href":"https:\/\/hookahshop.lt\/lv\/wp-json\/wp\/v2\/product"}],"about":[{"href":"https:\/\/hookahshop.lt\/lv\/wp-json\/wp\/v2\/types\/product"}],"replies":[{"embeddable":true,"href":"https:\/\/hookahshop.lt\/lv\/wp-json\/wp\/v2\/comments?post=11919"}],"version-history":[{"count":4,"href":"https:\/\/hookahshop.lt\/lv\/wp-json\/wp\/v2\/product\/11919\/revisions"}],"predecessor-version":[{"id":43112,"href":"https:\/\/hookahshop.lt\/lv\/wp-json\/wp\/v2\/product\/11919\/revisions\/43112"}],"wp:featuredmedia":[{"embeddable":true,"href":"https:\/\/hookahshop.lt\/lv\/wp-json\/wp\/v2\/media\/11922"}],"wp:attachment":[{"href":"https:\/\/hookahshop.lt\/lv\/wp-json\/wp\/v2\/media?parent=11919"}],"curies":[{"name":"wp","href":"https:\/\/api.w.org\/{rel}","templated":true}]}}