{"id":11920,"date":"2020-09-15T11:14:44","date_gmt":"2020-09-15T08:14:44","guid":{"rendered":"https:\/\/hookahshop.lt\/?post_type=product&#038;p=11920"},"modified":"2026-04-14T23:29:05","modified_gmt":"2026-04-14T20:29:05","slug":"kolba-kaljanui-bigmaks-elegant-white-blue","status":"publish","type":"product","link":"https:\/\/hookahshop.lt\/lv\/produkt\/kolba-for-udenspipe-lielais-elegants-balts-zils\/","title":{"rendered":"Kolba \u016bdensp\u012bpei BIGMAKS Elegant White Blue"},"content":{"rendered":"<h2>Kolba Kaljanui BigMaks Elegant White-Blue<\/h2>\n<p>\u0160\u012b ir kolba, kas der gandr\u012bz jebkuram \u016bdensp\u012bpe, ar standarta savienojumu, t\u0101 ir viegla un iztur\u012bga kolba. Krievijas ra\u017eot\u0101js BigMaks jau daudzus gadus priec\u0113 ar sav\u0101m izstr\u0101d\u0101taj\u0101m kolb\u0101m un ir viens no vado\u0161ajiem ra\u017eot\u0101jiem tirg\u016b.<\/p>\n<p>\u0160is ir produkts, kas kalpos daudzus gadus. Pateicoties kvalitat\u012bvajam kr\u0101sas p\u0101rkl\u0101jumam, \u0161\u012b kolba noteikti saglab\u0101s savu reprezentat\u012bvo t\u0113lu ilgu laiku un izskat\u012bsies k\u0101 tikko no ra\u017eot\u0101ja konveijera. \u0160ai kolbai ir biezas sienas. Biezas sienas nodro\u0161in\u0101s lielisku ska\u0146as izol\u0101ciju, kas ir pietiekami svar\u012bgi, sm\u0113\u0137\u0113jot bez difuzora. Pateicoties BigMaks Elegant (balts-zils) iztur\u012bbai, jums neb\u016bs j\u0101uztraucas par \u0161\u012bs kolbas salauz\u0161anu vai cit\u0101diem boj\u0101jumiem. Pateicoties t\u0101s unik\u0101lajai formai (\u0161aur\u0101ks dibens), \u0161o kolbu varat \u0146emt l\u012bdzi, lai kur j\u016bs ce\u013cotu.<\/p>\n<p><strong>Specifik\u0101cijas<\/strong>:<br \/>\nAugstums: 265 mm<br \/>\nSvars: ~ 2000 g<br \/>\n\u0100r\u0113j\u0101 cauruma diametrs: 70 mm<br \/>\nIek\u0161\u0113j\u0101 cauruma diametrs: 45 mm<br \/>\nProdukta materi\u0101ls: krist\u0101la stikls<\/p>\n<p>Vai jums ir k\u0101di jaut\u0101jumi? Sazinies ar mums <a href=\"https:\/\/hookahshop.lt\/lv\/kontaktiem\/\">kontaktu lapa<\/a> vai rakstiet mums pa e-pastu <a href=\"https:\/\/facebook.com\/HookahShop.lt\/\" target=\"_blank\" rel=\"noopener noreferrer\">Facebook konts<\/a> un m\u0113s atbild\u0113sim uz j\u016bsu piepras\u012bjumu taj\u0101 pa\u0161\u0101 dien\u0101.<\/p>","protected":false},"excerpt":{"rendered":"<p>\u016adensp\u012bpes kolba BigMaks Elegant White-Blue \u0160\u012b ir kolba, kas der\u0113s gandr\u012bz vis\u0101m \u016bdensp\u012bp\u0113m, ar standarta savienojumu, t\u0101 ir viegla un iztur\u012bga kolba. Krievijas ra\u017eot\u0101js BigMaks jau daudzus gadus ir iepriecin\u0101jis ar sav\u0101m kolb\u0101m un ir viens no vado\u0161ajiem ra\u017eot\u0101jiem tirg\u016b. \u0160is ir produkts, kas kalpos daudzus gadus. Pateicoties t\u0101s augstas kvalit\u0101tes kr\u0101sas p\u0101rkl\u0101jumam, \u0161\u012b kolba noteikti kalpos ilgi [\u2026]<\/p>","protected":false},"featured_media":11927,"comment_status":"open","ping_status":"closed","template":"","meta":[],"_links":{"self":[{"href":"https:\/\/hookahshop.lt\/lv\/wp-json\/wp\/v2\/product\/11920"}],"collection":[{"href":"https:\/\/hookahshop.lt\/lv\/wp-json\/wp\/v2\/product"}],"about":[{"href":"https:\/\/hookahshop.lt\/lv\/wp-json\/wp\/v2\/types\/product"}],"replies":[{"embeddable":true,"href":"https:\/\/hookahshop.lt\/lv\/wp-json\/wp\/v2\/comments?post=11920"}],"version-history":[{"count":5,"href":"https:\/\/hookahshop.lt\/lv\/wp-json\/wp\/v2\/product\/11920\/revisions"}],"predecessor-version":[{"id":33623,"href":"https:\/\/hookahshop.lt\/lv\/wp-json\/wp\/v2\/product\/11920\/revisions\/33623"}],"wp:featuredmedia":[{"embeddable":true,"href":"https:\/\/hookahshop.lt\/lv\/wp-json\/wp\/v2\/media\/11927"}],"wp:attachment":[{"href":"https:\/\/hookahshop.lt\/lv\/wp-json\/wp\/v2\/media?parent=11920"}],"curies":[{"name":"wp","href":"https:\/\/api.w.org\/{rel}","templated":true}]}}