{"id":11932,"date":"2020-09-15T11:22:39","date_gmt":"2020-09-15T08:22:39","guid":{"rendered":"https:\/\/hookahshop.lt\/?post_type=product&#038;p=11932"},"modified":"2026-04-16T23:29:29","modified_gmt":"2026-04-16T20:29:29","slug":"sakute-kaljano-tabakui-maklaud-styx","status":"publish","type":"product","link":"https:\/\/hookahshop.lt\/lv\/produkt\/sakute-kaljano-tabaka-maklaud-stiliks\/","title":{"rendered":"\u0100\u0137is tabakas \u0101\u0137im MAKLAUD Styx"},"content":{"rendered":"<h2>\u0100\u0137is tabakas \u0101\u0137im MAKLAUD Styx<\/h2>\n<p>Izgatavots miru\u0161\u0101 dv\u0113seles nes\u0113ja Styx stil\u0101. Baumo, ka pats \u010carons piepild\u012bja savu kausu ar \u0161o zobaino teju. Bet tas ir diezgan tum\u0161s st\u0101sts ...<\/p>\n<p>Specifik\u0101cijas:<br \/>\nMateri\u0101ls: misi\u0146\u0161<br \/>\nGarums: 127mm<br \/>\nDarba virsmas garums: 35mm<br \/>\nSvars: apm\u0113ram 30g.<\/p>\n<p>Vai jums ir k\u0101di jaut\u0101jumi? Sazinies ar mums <a href=\"https:\/\/hookahshop.lt\/lv\/kontaktiem\/\">kontaktu lapa<\/a> vai rakstiet mums pa e-pastu <a href=\"https:\/\/facebook.com\/HookahShop.lt\/\" target=\"_blank\" rel=\"noopener noreferrer\">Facebook konts<\/a> un m\u0113s atbild\u0113sim uz j\u016bsu piepras\u012bjumu taj\u0101 pa\u0161\u0101 dien\u0101.<\/p>","protected":false},"excerpt":{"rendered":"<p>Dak\u0161a \u016bdensp\u012bpes tabakai MAKLAUD Styx Izgatavota Styx stil\u0101, miru\u0161o dv\u0113se\u013cu nes\u0113jai. Baumo, ka pats \u0160arons ir piepild\u012bjis savu kausu ar \u0161o robaino tr\u012bszaru. Bet tas ir diezgan tum\u0161s st\u0101sts... Specifik\u0101cijas: Materi\u0101ls: misi\u0146\u0161 Garums: 127mm Darba virsmas garums: 35mm Svars: apm\u0113ram 30g. Vai jums ir k\u0101di jaut\u0101jumi? Sazinieties ar mums kontaktu lap\u0101 vai rakstiet mums m\u016bsu Facebook kont\u0101 un m\u0113s atbild\u0113sim [\u2026]<\/p>","protected":false},"featured_media":11937,"comment_status":"open","ping_status":"closed","template":"","meta":[],"_links":{"self":[{"href":"https:\/\/hookahshop.lt\/lv\/wp-json\/wp\/v2\/product\/11932"}],"collection":[{"href":"https:\/\/hookahshop.lt\/lv\/wp-json\/wp\/v2\/product"}],"about":[{"href":"https:\/\/hookahshop.lt\/lv\/wp-json\/wp\/v2\/types\/product"}],"replies":[{"embeddable":true,"href":"https:\/\/hookahshop.lt\/lv\/wp-json\/wp\/v2\/comments?post=11932"}],"version-history":[{"count":4,"href":"https:\/\/hookahshop.lt\/lv\/wp-json\/wp\/v2\/product\/11932\/revisions"}],"predecessor-version":[{"id":43113,"href":"https:\/\/hookahshop.lt\/lv\/wp-json\/wp\/v2\/product\/11932\/revisions\/43113"}],"wp:featuredmedia":[{"embeddable":true,"href":"https:\/\/hookahshop.lt\/lv\/wp-json\/wp\/v2\/media\/11937"}],"wp:attachment":[{"href":"https:\/\/hookahshop.lt\/lv\/wp-json\/wp\/v2\/media?parent=11932"}],"curies":[{"name":"wp","href":"https:\/\/api.w.org\/{rel}","templated":true}]}}