{"id":11945,"date":"2020-09-15T11:41:16","date_gmt":"2020-09-15T08:41:16","guid":{"rendered":"https:\/\/hookahshop.lt\/?post_type=product&#038;p=11945"},"modified":"2026-04-22T23:29:02","modified_gmt":"2026-04-22T20:29:02","slug":"kaljanas-maklaud-banka","status":"publish","type":"product","link":"https:\/\/hookahshop.lt\/lv\/produkt\/udenspipe-maklaud-banka\/","title":{"rendered":"\u016adensp\u012bpe MAKLAUD banka"},"content":{"rendered":"<h2>\u016adensp\u012bpe MAKLAUD banka<\/h2>\n<p>T\u0101 ir \u016bdensp\u012bpe ar specifisku dizainu, kas p\u0101rsteidz ar savu vienk\u0101r\u0161\u012bbu un unikalit\u0101ti. \u0160\u012bs \u016bdensp\u012bpes dizains ir piln\u012bgi vienk\u0101r\u0161s, un tam nav nek\u0101du izsmalcin\u0101tu savienojumu un apdares. T\u0101 ir \u016bdensp\u012bpe &quot;katrai dienai&quot;. Maklaud Banka ir viegla un kompakta, t\u0101p\u0113c jums noteikti neb\u016bs probl\u0113mu ar t\u0101s transport\u0113\u0161anu vai uzst\u0101d\u012b\u0161anu m\u0101j\u0101s, pat ja jums nav vietas. \u0160\u012b lielisk\u0101 \u016bdensp\u012bpe ir piem\u0113rota mak\u0161\u0137er\u0113\u0161anai un atp\u016btai j\u016bsu iecien\u012bt\u0101kaj\u0101 vid\u0113<\/p>\n<p><strong>Specifik\u0101cijas:<\/strong><\/p>\n<p>Augstums: 35 cm<br \/>\nV\u0101rpstas materi\u0101ls: p\u0101rtikas kvalit\u0101tes alum\u012bnijs<br \/>\nIegremd\u0113jam\u0101s v\u0101rpstas materi\u0101ls: silikons<br \/>\nV\u0101rsts: \u0101r\u0113jais<br \/>\nMont\u0101\u017ea: noklik\u0161\u0137iniet<\/p>\n<p><strong>Apr\u012bkojums:<\/strong><\/p>\n<p>V\u0101rpsta<\/p>\n<p>Papl\u0101te<br \/>\nSilikona \u0161\u013c\u016btene<br \/>\nMutes iemutnis<br \/>\nBise<br \/>\nUzst\u0101d\u012b\u0161anas instrukcijas<br \/>\nKaste<\/p>\n<p>Vai jums ir k\u0101di jaut\u0101jumi? Sazinies ar mums <a href=\"https:\/\/hookahshop.lt\/lv\/kontaktiem\/\">kontaktu lapa<\/a> vai rakstiet mums pa e-pastu <a href=\"https:\/\/facebook.com\/HookahShop.lt\/\" target=\"_blank\" rel=\"noopener noreferrer\">Facebook konts<\/a> un m\u0113s atbild\u0113sim uz j\u016bsu piepras\u012bjumu taj\u0101 pa\u0161\u0101 dien\u0101.<\/p>","protected":false},"excerpt":{"rendered":"<p>\u016adensp\u012bpe MAKLAUD Banka \u0160\u012b ir \u012bpa\u0161a dizaina \u016bdensp\u012bpe, kas p\u0101rsteidz ar savu vienk\u0101r\u0161\u012bbu un unikalit\u0101ti. \u0160\u012bs \u016bdensp\u012bpes dizains ir piln\u012bgi vienk\u0101r\u0161s, un tai nav nek\u0101du greznu savienojumu un apdares. \u0160\u012b ir \u016bdensp\u012bpe &quot;ikdienai&quot;. Maklaud Banka ir viegla un kompakta, t\u0101p\u0113c jums noteikti neb\u016bs probl\u0113mu to transport\u0113t vai uzst\u0101d\u012bt m\u0101j\u0101s, pat ja jums absol\u016bti nav vietas. \u0160\u012b lielisk\u0101 [\u2026]<\/p>","protected":false},"featured_media":11955,"comment_status":"open","ping_status":"closed","template":"","meta":[],"_links":{"self":[{"href":"https:\/\/hookahshop.lt\/lv\/wp-json\/wp\/v2\/product\/11945"}],"collection":[{"href":"https:\/\/hookahshop.lt\/lv\/wp-json\/wp\/v2\/product"}],"about":[{"href":"https:\/\/hookahshop.lt\/lv\/wp-json\/wp\/v2\/types\/product"}],"replies":[{"embeddable":true,"href":"https:\/\/hookahshop.lt\/lv\/wp-json\/wp\/v2\/comments?post=11945"}],"version-history":[{"count":3,"href":"https:\/\/hookahshop.lt\/lv\/wp-json\/wp\/v2\/product\/11945\/revisions"}],"predecessor-version":[{"id":33356,"href":"https:\/\/hookahshop.lt\/lv\/wp-json\/wp\/v2\/product\/11945\/revisions\/33356"}],"wp:featuredmedia":[{"embeddable":true,"href":"https:\/\/hookahshop.lt\/lv\/wp-json\/wp\/v2\/media\/11955"}],"wp:attachment":[{"href":"https:\/\/hookahshop.lt\/lv\/wp-json\/wp\/v2\/media?parent=11945"}],"curies":[{"name":"wp","href":"https:\/\/api.w.org\/{rel}","templated":true}]}}