{"id":11949,"date":"2020-09-15T11:40:08","date_gmt":"2020-09-15T08:40:08","guid":{"rendered":"https:\/\/hookahshop.lt\/?post_type=product&#038;p=11949"},"modified":"2026-04-22T23:28:48","modified_gmt":"2026-04-22T20:28:48","slug":"yla-kaljano-tabakui-maklaud-merlin","status":"publish","type":"product","link":"https:\/\/hookahshop.lt\/lv\/produkt\/yla-udenspipe-tabaka-maklaud-merlin\/","title":{"rendered":"Yla \u016bdensp\u012bpe tabakai MAKLAUD Merlin"},"content":{"rendered":"<h2>Yla \u016bdensp\u012bpe tabakai MAKLAUD Merlin<\/h2>\n<p>Izgatavots no misi\u0146a un dekor\u0113ts ar 6 mm ah\u0101ta akmeni.<br \/>\nSpecifik\u0101cijas:<br \/>\nGarums: 77mm<br \/>\nRoktura garums: 50 mm<br \/>\nSvars: apm\u0113ram 6 g.<\/p>\n<p>Vai jums ir k\u0101di jaut\u0101jumi? Sazinies ar mums\u00a0<a href=\"https:\/\/hookahshop.lt\/lv\/kontaktiem\/\">kontaktu lapa<\/a>\u00a0vai rakstiet mums pa e-pastu\u00a0<a href=\"https:\/\/facebook.com\/HookahShop.lt\/\" target=\"_blank\" rel=\"noopener noreferrer\">Facebook konts<\/a>\u00a0un m\u0113s atbild\u0113sim uz j\u016bsu piepras\u012bjumu taj\u0101 pa\u0161\u0101 dien\u0101.<\/p>","protected":false},"excerpt":{"rendered":"<p>\u016adensp\u012bpes \u0101\u0137is MAKLAUD Merlin Izgatavots no misi\u0146a un dekor\u0113ts ar 6 mm ah\u0101ta akmeni. Specifik\u0101cijas: Garums: 77mm Roktura garums: 50mm Svars: apm\u0113ram 6 g. Vai jums ir k\u0101di jaut\u0101jumi? Sazinieties ar mums kontaktu lap\u0101 vai rakstiet mums uz m\u016bsu Facebook kontu un m\u0113s atbild\u0113sim uz j\u016bsu piepras\u012bjumu taj\u0101 pa\u0161\u0101 dien\u0101.<\/p>","protected":false},"featured_media":11950,"comment_status":"open","ping_status":"closed","template":"","meta":[],"_links":{"self":[{"href":"https:\/\/hookahshop.lt\/lv\/wp-json\/wp\/v2\/product\/11949"}],"collection":[{"href":"https:\/\/hookahshop.lt\/lv\/wp-json\/wp\/v2\/product"}],"about":[{"href":"https:\/\/hookahshop.lt\/lv\/wp-json\/wp\/v2\/types\/product"}],"replies":[{"embeddable":true,"href":"https:\/\/hookahshop.lt\/lv\/wp-json\/wp\/v2\/comments?post=11949"}],"version-history":[{"count":4,"href":"https:\/\/hookahshop.lt\/lv\/wp-json\/wp\/v2\/product\/11949\/revisions"}],"predecessor-version":[{"id":43121,"href":"https:\/\/hookahshop.lt\/lv\/wp-json\/wp\/v2\/product\/11949\/revisions\/43121"}],"wp:featuredmedia":[{"embeddable":true,"href":"https:\/\/hookahshop.lt\/lv\/wp-json\/wp\/v2\/media\/11950"}],"wp:attachment":[{"href":"https:\/\/hookahshop.lt\/lv\/wp-json\/wp\/v2\/media?parent=11949"}],"curies":[{"name":"wp","href":"https:\/\/api.w.org\/{rel}","templated":true}]}}