{"id":11958,"date":"2020-09-15T11:45:42","date_gmt":"2020-09-15T08:45:42","guid":{"rendered":"https:\/\/hookahshop.lt\/?post_type=product&#038;p=11958"},"modified":"2026-04-17T16:32:49","modified_gmt":"2026-04-17T13:32:49","slug":"yla-kaljano-tabakui-maklaud-styx","status":"publish","type":"product","link":"https:\/\/hookahshop.lt\/lv\/produkt\/yla-udenspipe-tabaka-maklaud-styx\/","title":{"rendered":"Yla \u016bdensp\u012bpe tabakai MAKLAUD Styx"},"content":{"rendered":"<h2>Yla \u016bdensp\u012bpe tabakai MAKLAUD Styx<\/h2>\n<p>Ekskluz\u012bvs rokdarbs no misi\u0146a. Lielisks skeleta stila att\u0113ls.<br \/>\nSpecifik\u0101cijas:<br \/>\nGarums: 61mm<br \/>\nRoktura garums: 31mm<br \/>\nSvars: apm\u0113ram 4 g.<\/p>\n<p>Vai jums ir k\u0101di jaut\u0101jumi? Sazinies ar mums <a href=\"https:\/\/hookahshop.lt\/lv\/kontaktiem\/\">kontaktu lapa<\/a> vai rakstiet mums pa e-pastu <a href=\"https:\/\/facebook.com\/HookahShop.lt\/\" target=\"_blank\" rel=\"noopener noreferrer\">Facebook konts<\/a> un m\u0113s atbild\u0113sim uz j\u016bsu piepras\u012bjumu taj\u0101 pa\u0161\u0101 dien\u0101.<\/p>","protected":false},"excerpt":{"rendered":"<p>Yla \u016bdensp\u012bpe tabakai MAKLAUD Styx Ekskluz\u012bvs roku darbs no misi\u0146a. Apbr\u012bnojams skeleta stila izskats. Specifik\u0101cijas: Garums: 61 mm Roktura garums: 31 mm Svars: aptuveni 4 g. Vai jums ir k\u0101di jaut\u0101jumi? Sazinieties ar mums kontaktlap\u0101 vai rakstiet mums Facebook, un m\u0113s atbild\u0113sim uz j\u016bsu piepras\u012bjumu taj\u0101 pa\u0161\u0101 dien\u0101.<\/p>","protected":false},"featured_media":11959,"comment_status":"open","ping_status":"closed","template":"","meta":[],"_links":{"self":[{"href":"https:\/\/hookahshop.lt\/lv\/wp-json\/wp\/v2\/product\/11958"}],"collection":[{"href":"https:\/\/hookahshop.lt\/lv\/wp-json\/wp\/v2\/product"}],"about":[{"href":"https:\/\/hookahshop.lt\/lv\/wp-json\/wp\/v2\/types\/product"}],"replies":[{"embeddable":true,"href":"https:\/\/hookahshop.lt\/lv\/wp-json\/wp\/v2\/comments?post=11958"}],"version-history":[{"count":4,"href":"https:\/\/hookahshop.lt\/lv\/wp-json\/wp\/v2\/product\/11958\/revisions"}],"predecessor-version":[{"id":37701,"href":"https:\/\/hookahshop.lt\/lv\/wp-json\/wp\/v2\/product\/11958\/revisions\/37701"}],"wp:featuredmedia":[{"embeddable":true,"href":"https:\/\/hookahshop.lt\/lv\/wp-json\/wp\/v2\/media\/11959"}],"wp:attachment":[{"href":"https:\/\/hookahshop.lt\/lv\/wp-json\/wp\/v2\/media?parent=11958"}],"curies":[{"name":"wp","href":"https:\/\/api.w.org\/{rel}","templated":true}]}}