{"id":11966,"date":"2020-09-15T12:43:21","date_gmt":"2020-09-15T09:43:21","guid":{"rendered":"https:\/\/hookahshop.lt\/?post_type=product&#038;p=11966"},"modified":"2026-05-14T23:29:12","modified_gmt":"2026-05-14T20:29:12","slug":"kolba-kaljanui-daly-black-matt-with-ribbon","status":"publish","type":"product","link":"https:\/\/hookahshop.lt\/lv\/produkt\/kolba-for-udenspipe-daly-black-matt-ar-lenti\/","title":{"rendered":"\u0100\u0137is DALY Black Matt ar lenti"},"content":{"rendered":"<h2>\u0100\u0137is DALY Black Matt ar lenti<\/h2>\n<p>\u0160\u012b kolba ir izgatavota no augstas kvalit\u0101tes bieza stikla.<\/p>\n<p>Kolba ir piln\u012bgi melna, un mat\u0113ta apdare pie\u0161\u0137ir tai v\u0113l elegant\u0101ku kr\u0101su izskatu. \u016adens regul\u0113\u0161anai \u0113rt\u0101k izgatavota caursp\u012bd\u012bga lente. Piem\u0113rots gandr\u012bz vis\u0101m m\u016bsdienu \u016bdensp\u012bp\u0113m. Kolbas mali\u0146a pal\u012bdz\u0113s \u0113rti notur\u0113t \u016bdensp\u012bpi, lai t\u0101 neizsl\u012bd\u0113tu no rok\u0101m. \u0160\u012b kolba ir p\u0101rkl\u0101ta ar augstas kvalit\u0101tes kr\u0101su, kas laika gait\u0101 pal\u012bdz\u0113s saglab\u0101t kolbu k\u0101 jaunu pat p\u0113c daudz\u0101m lieto\u0161anas reiz\u0113m. \u0160ai kolbai ir biezas sienas. Biezas sienas nodro\u0161in\u0101s lielisku ska\u0146as izol\u0101ciju, kas ir pietiekami svar\u012bgi, sm\u0113\u0137\u0113jot bez difuzora.<\/p>\n<p><strong><span title=\"\">Specifik\u0101cijas:<\/span><\/strong><br \/>\nAugstums: 258 mm<br \/>\nSvars: ~ 1770 g<br \/>\n\u0100r\u0113j\u0101 cauruma diametrs: 68 mm<br \/>\nIek\u0161\u0113j\u0101 cauruma diametrs: 45 mm<br \/>\nProdukta materi\u0101ls: stikls<\/p>\n<p>Vai jums ir k\u0101di jaut\u0101jumi? Sazinies ar mums <a href=\"https:\/\/hookahshop.lt\/lv\/kontaktiem\/\">kontaktu lapa<\/a> vai rakstiet mums pa e-pastu <a href=\"https:\/\/facebook.com\/HookahShop.lt\/\" target=\"_blank\" rel=\"noopener noreferrer\">Facebook konts<\/a> un m\u0113s atbild\u0113sim uz j\u016bsu piepras\u012bjumu taj\u0101 pa\u0161\u0101 dien\u0101.<\/p>","protected":false},"excerpt":{"rendered":"<p>\u016adensp\u012bpes kolba DALY Black Matt ar lenti \u0160\u012b kolba ir izgatavota no augstas kvalit\u0101tes bieza stikla. Kolba ir piln\u012bgi melna, un mat\u0113ta apdare pie\u0161\u0137ir tai v\u0113l elegant\u0101ku kr\u0101su izskatu. \u016adens regul\u0113\u0161anai \u0113rt\u0101k izgatavota caursp\u012bd\u012bga lente. Piem\u0113rots gandr\u012bz vis\u0101m m\u016bsdienu \u016bdensp\u012bp\u0113m. Kolbas mali\u0146a pal\u012bdz\u0113s \u0113rti notur\u0113t \u016bdensp\u012bpi, lai t\u0101 neizsl\u012bd\u0113tu no rok\u0101m. \u0160\u012b kolba ir p\u0101rkl\u0101ta [\u2026]<\/p>","protected":false},"featured_media":11968,"comment_status":"open","ping_status":"closed","template":"","meta":[],"_links":{"self":[{"href":"https:\/\/hookahshop.lt\/lv\/wp-json\/wp\/v2\/product\/11966"}],"collection":[{"href":"https:\/\/hookahshop.lt\/lv\/wp-json\/wp\/v2\/product"}],"about":[{"href":"https:\/\/hookahshop.lt\/lv\/wp-json\/wp\/v2\/types\/product"}],"replies":[{"embeddable":true,"href":"https:\/\/hookahshop.lt\/lv\/wp-json\/wp\/v2\/comments?post=11966"}],"version-history":[{"count":7,"href":"https:\/\/hookahshop.lt\/lv\/wp-json\/wp\/v2\/product\/11966\/revisions"}],"predecessor-version":[{"id":45117,"href":"https:\/\/hookahshop.lt\/lv\/wp-json\/wp\/v2\/product\/11966\/revisions\/45117"}],"wp:featuredmedia":[{"embeddable":true,"href":"https:\/\/hookahshop.lt\/lv\/wp-json\/wp\/v2\/media\/11968"}],"wp:attachment":[{"href":"https:\/\/hookahshop.lt\/lv\/wp-json\/wp\/v2\/media?parent=11966"}],"curies":[{"name":"wp","href":"https:\/\/api.w.org\/{rel}","templated":true}]}}