{"id":11975,"date":"2020-09-15T13:05:01","date_gmt":"2020-09-15T10:05:01","guid":{"rendered":"https:\/\/hookahshop.lt\/?post_type=product&#038;p=11975"},"modified":"2026-04-20T23:29:14","modified_gmt":"2026-04-20T20:29:14","slug":"taurele-kaljanui-japona-hookah-ego-2-0","status":"publish","type":"product","link":"https:\/\/hookahshop.lt\/lv\/produkt\/kauss-for-udenspipe-japanu-udenspipe-ego-2-0\/","title":{"rendered":"\u016adensp\u012bpes kr\u016bze JAPONA HOOKAH Ego 2.0"},"content":{"rendered":"<h2>\u016adensp\u012bpes kr\u016bze JAPONA HOOKAH Ego 2.0<\/h2>\n<p>Ori\u0123in\u0101ls jap\u0101\u0146u stila mini phunnel kauss \u016bdensp\u012bpei.<\/p>\n<p>Japan Hookah Ego ir ori\u0123in\u0101la izskata punnel kauss ar ori\u0123in\u0101lo joslu kr\u016bzes apak\u0161\u0113j\u0101 da\u013c\u0101. \u016adensp\u012bpes kr\u016bze Japona Hookah Ego \u0101tri uzsilst, pie\u0161\u0137ir labu tabakas gar\u0161u un arom\u0101tu. Tas iepriecin\u0101s \u0113rtas solo gar\u0161as sm\u0113\u0137\u0113\u0161anas cien\u012bt\u0101jus, kuri nov\u0113rt\u0113 stilu un kvalit\u0101ti. Koka d\u0101vanu kast\u012bte uzsver kr\u016bz\u012btes v\u0113rt\u012bbu un ir lieliski piem\u0113rota d\u0101vanai. Japona Hookah Ego kr\u016bzes tilpums - 5 gr.<\/p>\n<p>Specifik\u0101cijas:<br \/>\nAugstums: 108 mm<br \/>\nDiametrs (\u0101r\u0113jais): 53 mm<br \/>\nDiametrs (iek\u0161\u0113jais): 47 mm<br \/>\nDzi\u013cums: 9mm<br \/>\nCauruma diametrs: 18 mm<br \/>\nUrbumu skaits: 1 gab<br \/>\nSvars: apm\u0113ram 130 grami<\/p>\n<p>Vai jums ir k\u0101di jaut\u0101jumi? Sazinies ar mums <a href=\"https:\/\/hookahshop.lt\/lv\/kontaktiem\/\">kontaktu lapa<\/a> vai rakstiet mums pa e-pastu <a href=\"https:\/\/facebook.com\/HookahShop.lt\/\" target=\"_blank\" rel=\"noopener noreferrer\">Facebook konts<\/a> un m\u0113s atbild\u0113sim uz j\u016bsu piepras\u012bjumu taj\u0101 pa\u0161\u0101 dien\u0101.<\/p>","protected":false},"excerpt":{"rendered":"<p>\u016adensp\u012bpes kauss JAPAN HOOKAH Ego 2.0 Ori\u0123in\u0101ls jap\u0101\u0146u stila mini punnel kauss \u016bdensp\u012bpei. Japan Hookah Ego ir ori\u0123in\u0101la izskata punnel kauss ar ori\u0123in\u0101lo joslu kr\u016bzes apak\u0161\u0113j\u0101 da\u013c\u0101. \u016adensp\u012bpes kr\u016bze Japona Hookah Ego \u0101tri uzsilst, pie\u0161\u0137ir labu tabakas gar\u0161u un arom\u0101tu. Tas iepriecin\u0101s \u0113rtas solo gar\u0161as sm\u0113\u0137\u0113\u0161anas cien\u012bt\u0101jus, kuri nov\u0113rt\u0113 stilu un kvalit\u0101ti. Koka d\u0101vana [\u2026]<\/p>","protected":false},"featured_media":11977,"comment_status":"open","ping_status":"closed","template":"","meta":[],"_links":{"self":[{"href":"https:\/\/hookahshop.lt\/lv\/wp-json\/wp\/v2\/product\/11975"}],"collection":[{"href":"https:\/\/hookahshop.lt\/lv\/wp-json\/wp\/v2\/product"}],"about":[{"href":"https:\/\/hookahshop.lt\/lv\/wp-json\/wp\/v2\/types\/product"}],"replies":[{"embeddable":true,"href":"https:\/\/hookahshop.lt\/lv\/wp-json\/wp\/v2\/comments?post=11975"}],"version-history":[{"count":2,"href":"https:\/\/hookahshop.lt\/lv\/wp-json\/wp\/v2\/product\/11975\/revisions"}],"predecessor-version":[{"id":23103,"href":"https:\/\/hookahshop.lt\/lv\/wp-json\/wp\/v2\/product\/11975\/revisions\/23103"}],"wp:featuredmedia":[{"embeddable":true,"href":"https:\/\/hookahshop.lt\/lv\/wp-json\/wp\/v2\/media\/11977"}],"wp:attachment":[{"href":"https:\/\/hookahshop.lt\/lv\/wp-json\/wp\/v2\/media?parent=11975"}],"curies":[{"name":"wp","href":"https:\/\/api.w.org\/{rel}","templated":true}]}}