{"id":11981,"date":"2020-09-15T13:25:46","date_gmt":"2020-09-15T10:25:46","guid":{"rendered":"https:\/\/hookahshop.lt\/?post_type=product&#038;p=11981"},"modified":"2026-04-13T23:29:16","modified_gmt":"2026-04-13T20:29:16","slug":"taurele-kaljanui-japona-hookah-smoke","status":"publish","type":"product","link":"https:\/\/hookahshop.lt\/lv\/produkt\/kauss-for-udenspipe-japanu-udenspipes-dumu\/","title":{"rendered":"\u016adensp\u012bpes kr\u016bze JAPONA HOOKAH Smoke Black"},"content":{"rendered":"<h2>\u016adensp\u012bpes kr\u016bze JAPONA HOOKAH Smoke Black<\/h2>\n<p>Tas ir izgatavots no augstas kvalit\u0101tes sarkan\u0101 m\u0101la un tiek izgatavots ar rok\u0101m uz podnieka ripas.<\/p>\n<p>Japona Hookah Smoke ir ori\u0123in\u0101la virsma, nav augsta, un tam ir vid\u0113j\u0101 sabako cena. Kr\u016bzes apak\u0161\u0101 ir \u010detri caurumi, papildus centr\u0101lajam, parasto piecu viet\u0101. Japona Smoke apak\u0161\u0113j\u0101 kr\u016bze ir p\u0101rkl\u0101ta ar stil\u012bg\u0101m me\u017e\u0123\u012bn\u0113m. Iepakots z\u012bmola, d\u0101vanu, koka iepakojum\u0101.<\/p>\n<p>Japona Hookah Smoke ir ide\u0101li piem\u0113rots gan solo tabakas cien\u012bt\u0101jiem, gan mais\u012bjumiem. B\u013coda ir paredz\u0113ta vid\u0113jai un stiprai tabakai. Tiek pat\u0113r\u0113ti aptuveni 13-15 grami tabakas.<\/p>\n<p>Specifik\u0101cijas:<br \/>\nAugstums: 80mm<br \/>\nDiametrs (\u0101r\u0113jais): 61 mm<br \/>\nDiametrs (iek\u0161\u0113jais): 54 mm<br \/>\nDzi\u013cums: 18 mm<br \/>\nCauruma diametrs: 7 mm<br \/>\nCaurumu skaits: 4 gab<br \/>\nSvars: apm\u0113ram 165 grami<\/p>\n<p>Vai jums ir k\u0101di jaut\u0101jumi? Sazinies ar mums <a href=\"https:\/\/hookahshop.lt\/lv\/kontaktiem\/\">kontaktu lapa<\/a> vai rakstiet mums pa e-pastu <a href=\"https:\/\/facebook.com\/HookahShop.lt\/\" target=\"_blank\" rel=\"noopener noreferrer\">Facebook konts<\/a> un m\u0113s atbild\u0113sim uz j\u016bsu piepras\u012bjumu taj\u0101 pa\u0161\u0101 dien\u0101.<\/p>","protected":false},"excerpt":{"rendered":"<p>\u016adensp\u012bpes kr\u016bze JAPONA HOOKAH Smoke Black Tas ir izgatavots no augstas kvalit\u0101tes sarkan\u0101 m\u0101la un izgatavots ar rok\u0101m uz podnieka ripas. Japona Hookah Smoke ir ori\u0123in\u0101la virsma, nav augsta, un tam ir vid\u0113j\u0101 sabako cena. Kr\u016bzes apak\u0161\u0101 ir \u010detri caurumi, papildus centr\u0101lajam, parasto piecu viet\u0101. Japona Smoke apak\u0161\u0113j\u0101 kr\u016bze ir p\u0101rkl\u0101ta ar stil\u012bg\u0101m me\u017e\u0123\u012bn\u0113m. Iepakots z\u012bmola, d\u0101vanu, koka [\u2026]<\/p>","protected":false},"featured_media":11982,"comment_status":"open","ping_status":"closed","template":"","meta":[],"_links":{"self":[{"href":"https:\/\/hookahshop.lt\/lv\/wp-json\/wp\/v2\/product\/11981"}],"collection":[{"href":"https:\/\/hookahshop.lt\/lv\/wp-json\/wp\/v2\/product"}],"about":[{"href":"https:\/\/hookahshop.lt\/lv\/wp-json\/wp\/v2\/types\/product"}],"replies":[{"embeddable":true,"href":"https:\/\/hookahshop.lt\/lv\/wp-json\/wp\/v2\/comments?post=11981"}],"version-history":[{"count":3,"href":"https:\/\/hookahshop.lt\/lv\/wp-json\/wp\/v2\/product\/11981\/revisions"}],"predecessor-version":[{"id":24057,"href":"https:\/\/hookahshop.lt\/lv\/wp-json\/wp\/v2\/product\/11981\/revisions\/24057"}],"wp:featuredmedia":[{"embeddable":true,"href":"https:\/\/hookahshop.lt\/lv\/wp-json\/wp\/v2\/media\/11982"}],"wp:attachment":[{"href":"https:\/\/hookahshop.lt\/lv\/wp-json\/wp\/v2\/media?parent=11981"}],"curies":[{"name":"wp","href":"https:\/\/api.w.org\/{rel}","templated":true}]}}