{"id":11985,"date":"2020-09-15T13:45:01","date_gmt":"2020-09-15T10:45:01","guid":{"rendered":"https:\/\/hookahshop.lt\/?post_type=product&#038;p=11985"},"modified":"2026-04-22T23:29:25","modified_gmt":"2026-04-22T20:29:25","slug":"taurele-kaljanui-japona-hookah-killer","status":"publish","type":"product","link":"https:\/\/hookahshop.lt\/lv\/produkt\/kauss-for-udenspipe-japanu-udenspipes-slepkava\/","title":{"rendered":"\u016adensp\u012bpes kr\u016bze JAPONA HOOKAH Killer Yellow"},"content":{"rendered":"<h2>\u016adensp\u012bpes kr\u016bze JAPONA HOOKAH Killer Yellow<\/h2>\n<p>\u0160is kauss ir slavens vis\u0101 pasaul\u0113, ar graciozu tekst\u016bru un p\u012bto virvi.<\/p>\n<p>Killer kr\u016bze ir izgatavota no sarkan\u0101 m\u0101la, un tai ir plakans dibens un biezas malas, kas vienm\u0113r\u012bgi sasilda un atkl\u0101j tabakas gar\u0161u. \u0160\u012b forma ir lieliski piem\u0113rota cietam iepakojumam. Kr\u016bz\u012btes tilpums ir aptuveni 15 -17 grami.<\/p>\n<p>Jap\u0101nas \u016bdensp\u012bpes slepkavas kauss ir iepakots z\u012bmola koka d\u0101vanu iesai\u0146ojum\u0101.<\/p>\n<p>Specifik\u0101cijas:<br \/>\nAugstums: 110 mm<br \/>\nDiametrs (\u0101r\u0113jais): 72 mm<br \/>\nDiametrs (iek\u0161\u0113jais): 62 mm<br \/>\nDzi\u013cums: 16mm<br \/>\nCauruma diametrs: 10 mm<br \/>\nCaurumu skaits: 5 gab<br \/>\nSvars: apm\u0113ram 200 grami<\/p>\n<p>Vai jums ir k\u0101di jaut\u0101jumi? Sazinies ar mums <a href=\"https:\/\/hookahshop.lt\/lv\/kontaktiem\/\">kontaktu lapa<\/a> vai rakstiet mums pa e-pastu <a href=\"https:\/\/facebook.com\/HookahShop.lt\/\" target=\"_blank\" rel=\"noopener noreferrer\">Facebook konts<\/a> un m\u0113s atbild\u0113sim uz j\u016bsu piepras\u012bjumu taj\u0101 pa\u0161\u0101 dien\u0101.<\/p>","protected":false},"excerpt":{"rendered":"<p>B\u013coda \u016bdensp\u012bpei JAPAN HOOKAH Killer Yellow \u0160\u012b b\u013coda ir slavena vis\u0101 pasaul\u0113, ar graciozu tekst\u016bru un p\u012bto virvi. Killer kauss ir izgatavots no sarkan\u0101 m\u0101la, un tam ir plakans dibens un biezas malas, kas vienm\u0113r\u012bgi silda un atkl\u0101j tabakas gar\u0161u. \u0160\u012b forma ir lieliski piem\u0113rota cietam iepakojumam. Kr\u016bzes tilpums ir aptuveni 15-17 grami. Japan Hookah Killer kauss ir iepakots firmas koka, [\u2026]<\/p>","protected":false},"featured_media":21287,"comment_status":"open","ping_status":"closed","template":"","meta":[],"_links":{"self":[{"href":"https:\/\/hookahshop.lt\/lv\/wp-json\/wp\/v2\/product\/11985"}],"collection":[{"href":"https:\/\/hookahshop.lt\/lv\/wp-json\/wp\/v2\/product"}],"about":[{"href":"https:\/\/hookahshop.lt\/lv\/wp-json\/wp\/v2\/types\/product"}],"replies":[{"embeddable":true,"href":"https:\/\/hookahshop.lt\/lv\/wp-json\/wp\/v2\/comments?post=11985"}],"version-history":[{"count":4,"href":"https:\/\/hookahshop.lt\/lv\/wp-json\/wp\/v2\/product\/11985\/revisions"}],"predecessor-version":[{"id":28481,"href":"https:\/\/hookahshop.lt\/lv\/wp-json\/wp\/v2\/product\/11985\/revisions\/28481"}],"wp:featuredmedia":[{"embeddable":true,"href":"https:\/\/hookahshop.lt\/lv\/wp-json\/wp\/v2\/media\/21287"}],"wp:attachment":[{"href":"https:\/\/hookahshop.lt\/lv\/wp-json\/wp\/v2\/media?parent=11985"}],"curies":[{"name":"wp","href":"https:\/\/api.w.org\/{rel}","templated":true}]}}