{"id":11995,"date":"2020-09-15T14:07:07","date_gmt":"2020-09-15T11:07:07","guid":{"rendered":"https:\/\/hookahshop.lt\/?post_type=product&#038;p=11995"},"modified":"2026-04-17T23:29:35","modified_gmt":"2026-04-17T20:29:35","slug":"taurele-kaljanui-japona-hookah-samurai","status":"publish","type":"product","link":"https:\/\/hookahshop.lt\/lv\/produkt\/kauss-udenspipe-japanu-udenspipe-samurajs\/","title":{"rendered":"Kauss \u016bdensp\u012bpei JAPONA HOOKAH Samurajs"},"content":{"rendered":"<h2>Kauss \u016bdensp\u012bpei JAPONA HOOKAH Samurajs<\/h2>\n<p>T\u0101 ir unik\u0101la forma, dabisku materi\u0101lu izmanto\u0161ana \u2013 t\u0101s visas ir Japona Hookah rakstur\u012bg\u0101s iez\u012bmes.<br \/>\nUnik\u0101la kr\u016bzes forma un autentisks jap\u0101\u0146u stila raksts ar samuraju masku pie sienas.<br \/>\nRoku darbs uz keramikas ripas no sarkan\u0101 m\u0101la. Pieci klasiski caurumi kr\u016bzes apak\u0161\u0101. Lieliski piem\u0113rots visu veidu tabakai. Tabakas tilpums 15 gr.<br \/>\nSamuraju \u016bdensp\u012bpe no Jap\u0101nas lieliski papildin\u0101s j\u016bsu kolekciju, un t\u0101s stil\u012bgais un koka iepakojums padara to par lielisku d\u0101vanu.<\/p>\n<p>Specifik\u0101cijas:<br \/>\nAugstums: 100 mm<br \/>\nDiametrs (\u0101r\u0113jais): 71 mm<br \/>\nDiametrs (iek\u0161\u0113jais): 57 mm<br \/>\nDzi\u013cums: 20mm<br \/>\nCauruma diametrs: 8 mm<br \/>\nCaurumu skaits: 5 gab<br \/>\nSvars: apm\u0113ram 234 grami<\/p>\n<p>Vai jums ir k\u0101di jaut\u0101jumi? Sazinies ar mums <a href=\"https:\/\/hookahshop.lt\/lv\/kontaktiem\/\">kontaktu lapa<\/a> vai rakstiet mums pa e-pastu <a href=\"https:\/\/facebook.com\/HookahShop.lt\/\" target=\"_blank\" rel=\"noopener noreferrer\">Facebook konts<\/a> un m\u0113s atbild\u0113sim uz j\u016bsu piepras\u012bjumu taj\u0101 pa\u0161\u0101 dien\u0101.<\/p>","protected":false},"excerpt":{"rendered":"<p>Kr\u016bz\u012bte \u016bdensp\u012bpei JAPONA HOOKAH Samurai Unik\u0101la forma, dab\u012bgu materi\u0101lu izmanto\u0161ana - t\u0101s visas ir Japona Hookah rakstur\u012bg\u0101s iez\u012bmes. Unik\u0101la kr\u016bzes forma un autentisks jap\u0101\u0146u stila raksts ar samuraju masku pie sienas. Roku darbs uz keramikas ripas no sarkan\u0101 m\u0101la. Pieci klasiski caurumi kr\u016bzes apak\u0161\u0101. Lieliski piem\u0113rots visiem tabakas veidiem. Tabakas tilpums 15 gr. Jap\u0101\u0146u [\u2026]<\/p>","protected":false},"featured_media":11996,"comment_status":"open","ping_status":"closed","template":"","meta":[],"_links":{"self":[{"href":"https:\/\/hookahshop.lt\/lv\/wp-json\/wp\/v2\/product\/11995"}],"collection":[{"href":"https:\/\/hookahshop.lt\/lv\/wp-json\/wp\/v2\/product"}],"about":[{"href":"https:\/\/hookahshop.lt\/lv\/wp-json\/wp\/v2\/types\/product"}],"replies":[{"embeddable":true,"href":"https:\/\/hookahshop.lt\/lv\/wp-json\/wp\/v2\/comments?post=11995"}],"version-history":[{"count":7,"href":"https:\/\/hookahshop.lt\/lv\/wp-json\/wp\/v2\/product\/11995\/revisions"}],"predecessor-version":[{"id":44586,"href":"https:\/\/hookahshop.lt\/lv\/wp-json\/wp\/v2\/product\/11995\/revisions\/44586"}],"wp:featuredmedia":[{"embeddable":true,"href":"https:\/\/hookahshop.lt\/lv\/wp-json\/wp\/v2\/media\/11996"}],"wp:attachment":[{"href":"https:\/\/hookahshop.lt\/lv\/wp-json\/wp\/v2\/media?parent=11995"}],"curies":[{"name":"wp","href":"https:\/\/api.w.org\/{rel}","templated":true}]}}