{"id":12004,"date":"2020-09-15T14:30:11","date_gmt":"2020-09-15T11:30:11","guid":{"rendered":"https:\/\/hookahshop.lt\/?post_type=product&#038;p=12004"},"modified":"2026-04-19T23:29:00","modified_gmt":"2026-04-19T20:29:00","slug":"kaljanas-maklaud-igla-of-anubis","status":"publish","type":"product","link":"https:\/\/hookahshop.lt\/lv\/produkt\/udenspipe-maklaud-igla-of-anubis\/","title":{"rendered":"\u016adensp\u012bpe MAKLAUD Igla no Anubis"},"content":{"rendered":"<h2>\u016adensp\u012bpe MAKLAUD Igla no Anubis<\/h2>\n<p>P\u0113c tradicion\u0101l\u0101s &quot;n\u016bjas&quot; n\u0101ca &quot;Anubisa Iglas&quot; konceptu\u0101l\u0101 versija, kas izgatavota MacLeod paraksta stil\u0101. Igla no Anubis ir saist\u012bjusi z\u012bmola mitolo\u0123isko b\u0101zi ar jaunu klasisko bud\u017eeta \u016bdensp\u012bpju s\u0113riju.<br \/>\nAnubis versija atbilst t\u0101s priek\u0161g\u0101j\u0113ja dizainam, bet ar galvaskausu gredzenu, kas rot\u0101 t\u0101 pamatni<\/p>\n<p><strong>Specifik\u0101cijas:<\/strong><br \/>\nV\u0101rpstas materi\u0101ls: ner\u016bs\u0113jo\u0161ais t\u0113rauds AISI 304<br \/>\nMateri\u0101ls: misi\u0146\u0161<br \/>\nIegremd\u0113jam\u0101s v\u0101rpstas materi\u0101ls: ner\u016bs\u0113jo\u0161ais t\u0113rauds AISI 304<br \/>\nPamatmateri\u0101ls: poliacet\u0101ls<br \/>\nB\u013codas savienojums: ner\u016bs\u0113jo\u0161ais t\u0113rauds AISI 304<br \/>\n\u0160\u013c\u016btenes savienojums: O-gredzeni<br \/>\nV\u0101rpstas augstums: 50 cm<br \/>\nV\u0101rsts: iek\u0161\u0113jais<br \/>\nUzst\u0101d\u012b\u0161anas sist\u0113ma: bl\u012bv\u0113jums<br \/>\nV\u0101rpstas iek\u0161\u0113jais diametrs: 14 mm<\/p>\n<p><b>Apr\u012bkojums:<\/b><br \/>\nV\u0101rpsta<br \/>\n\u0160\u0137\u012bvis<br \/>\nAnubis ieliktnis<br \/>\nKolbas bl\u012bve<br \/>\nMaklaud firmas kaste<\/p>\n<p><img decoding=\"async\" loading=\"lazy\" class=\"alignnone size-medium wp-image-38602\" src=\"https:\/\/hookahshop.lt\/wp-content\/uploads\/2021\/08\/tik-stiebas-1-300x273.jpg\" alt=\"- hookahshop.lt\" width=\"300\" height=\"273\" srcset=\"https:\/\/hookahshop.lt\/wp-content\/uploads\/2021\/08\/tik-stiebas-1-300x273.jpg 300w, https:\/\/hookahshop.lt\/wp-content\/uploads\/2021\/08\/tik-stiebas-1-13x12.jpg 13w, https:\/\/hookahshop.lt\/wp-content\/uploads\/2021\/08\/tik-stiebas-1-64x58.jpg 64w, https:\/\/hookahshop.lt\/wp-content\/uploads\/2021\/08\/tik-stiebas-1.jpg 420w\" sizes=\"(max-width: 300px) 100vw, 300px\" title=\"\"><\/p>\n<p>Vai jums ir k\u0101di jaut\u0101jumi? Sazinies ar mums\u00a0<a href=\"https:\/\/hookahshop.lt\/lv\/kontaktiem\/\">kontaktu lapa<\/a>\u00a0vai rakstiet mums pa e-pastu\u00a0<a href=\"https:\/\/facebook.com\/HookahShop.lt\/\" target=\"_blank\" rel=\"noopener noreferrer\">Facebook konts<\/a>\u00a0un m\u0113s atbild\u0113sim uz j\u016bsu piepras\u012bjumu taj\u0101 pa\u0161\u0101 dien\u0101.<\/p>","protected":false},"excerpt":{"rendered":"<p>\u016adensp\u012bpe MAKLAUD Igla of Anubis P\u0113c tradicion\u0101l\u0101s &quot;n\u016bjas&quot; n\u0101ca konceptu\u0101l\u0101 &quot;Igla of Anubis&quot; versija, kas izgatavota paraksta MacLeod stil\u0101. Igla no Anubis ir saist\u012bjusi z\u012bmola mitolo\u0123isko b\u0101zi ar jaunu klasisko bud\u017eeta \u016bdensp\u012bpju s\u0113riju. Anubis versija atbilst t\u0101s priek\u0161g\u0101j\u0113ja dizainam, bet t\u0101s pamatn\u0113 ir galvaskausu gredzens Specifik\u0101cijas: V\u0101rpstas materi\u0101ls: AISI 304 ner\u016bs\u0113jo\u0161ais t\u0113rauds Materi\u0101ls: misi\u0146\u0161 Iegremd\u0113jam\u0101s v\u0101rpstas materi\u0101ls: [\u2026]<\/p>","protected":false},"featured_media":12005,"comment_status":"open","ping_status":"closed","template":"","meta":[],"_links":{"self":[{"href":"https:\/\/hookahshop.lt\/lv\/wp-json\/wp\/v2\/product\/12004"}],"collection":[{"href":"https:\/\/hookahshop.lt\/lv\/wp-json\/wp\/v2\/product"}],"about":[{"href":"https:\/\/hookahshop.lt\/lv\/wp-json\/wp\/v2\/types\/product"}],"replies":[{"embeddable":true,"href":"https:\/\/hookahshop.lt\/lv\/wp-json\/wp\/v2\/comments?post=12004"}],"version-history":[{"count":9,"href":"https:\/\/hookahshop.lt\/lv\/wp-json\/wp\/v2\/product\/12004\/revisions"}],"predecessor-version":[{"id":37052,"href":"https:\/\/hookahshop.lt\/lv\/wp-json\/wp\/v2\/product\/12004\/revisions\/37052"}],"wp:featuredmedia":[{"embeddable":true,"href":"https:\/\/hookahshop.lt\/lv\/wp-json\/wp\/v2\/media\/12005"}],"wp:attachment":[{"href":"https:\/\/hookahshop.lt\/lv\/wp-json\/wp\/v2\/media?parent=12004"}],"curies":[{"name":"wp","href":"https:\/\/api.w.org\/{rel}","templated":true}]}}