{"id":12008,"date":"2020-09-15T17:07:22","date_gmt":"2020-09-15T14:07:22","guid":{"rendered":"https:\/\/hookahshop.lt\/?post_type=product&#038;p=12008"},"modified":"2026-04-06T23:28:41","modified_gmt":"2026-04-06T20:28:41","slug":"kaljanas-aladin-mvp-rocket-bottom-black","status":"publish","type":"product","link":"https:\/\/hookahshop.lt\/lv\/produkt\/hookah-aladin-mvp-rocket-bottom-black\/","title":{"rendered":"\u016adensp\u012bpe ALADIN MVP Rocket Bottom Black"},"content":{"rendered":"<h2>\u016adensp\u012bpe ALADIN MVP Rocket Bottom Black<\/h2>\n<p>\u016adensp\u012bpe ir izgatavota no stipra ner\u016bs\u0113jo\u0161\u0101 t\u0113rauda korpusa un stikla kolbas. 53 cm augstums \u013cauj to pa\u0146emt l\u012bdzi draugiem vai saulain\u0101s dien\u0101s \u0101r\u0101. Vai vienm\u0113r esat v\u0113l\u0113jies kvalitat\u012bvu \u016bdensp\u012bpi? Mums ir tas, kas jums nepiecie\u0161ams!<\/p>\n<p>MVP Aladin v\u012btne ir 360\u00b0, kas piln\u012bb\u0101 savieno kolbu un pamatni ar vienk\u0101r\u0161u 360\u00b0 pagrie\u0161anu.<\/p>\n<p><strong>Apr\u012bkojums:<\/strong><br \/>\nStandarta komplekt\u0101cij\u0101 ietilpst knaibles, &quot;m\u012bksta&quot; silikona \u0161\u013c\u016btene ar uzga\u013ciem, kr\u016bze un &quot;deglis kr\u016bz\u012btei&quot;.<\/p>\n<p><img decoding=\"async\" loading=\"lazy\" class=\"alignnone size-medium wp-image-38491\" src=\"https:\/\/hookahshop.lt\/wp-content\/uploads\/2021\/02\/aladinu-komplektacija-300x273.jpg\" alt=\"- hookahshop.lt\" width=\"300\" height=\"273\" srcset=\"https:\/\/hookahshop.lt\/wp-content\/uploads\/2021\/02\/aladinu-komplektacija-300x273.jpg 300w, https:\/\/hookahshop.lt\/wp-content\/uploads\/2021\/02\/aladinu-komplektacija-13x12.jpg 13w, https:\/\/hookahshop.lt\/wp-content\/uploads\/2021\/02\/aladinu-komplektacija-64x58.jpg 64w, https:\/\/hookahshop.lt\/wp-content\/uploads\/2021\/02\/aladinu-komplektacija.jpg 420w\" sizes=\"(max-width: 300px) 100vw, 300px\" title=\"\"><\/p>\n<p>Vai jums ir k\u0101di jaut\u0101jumi? Sazinies ar mums <a href=\"https:\/\/hookahshop.lt\/lv\/kontaktiem\/\">kontaktu lapa<\/a> vai rakstiet mums pa e-pastu <a href=\"https:\/\/facebook.com\/HookahShop.lt\/\" target=\"_blank\" rel=\"noopener noreferrer\">Facebook konts<\/a> un m\u0113s atbild\u0113sim uz j\u016bsu piepras\u012bjumu taj\u0101 pa\u0161\u0101 dien\u0101.<\/p>","protected":false},"excerpt":{"rendered":"<p>\u016adensp\u012bpe ALADIN MVP Rocket Bottom Black \u016adensp\u012bpe ir izgatavota no sp\u0113c\u012bga ner\u016bs\u0113jo\u0161\u0101 t\u0113rauda korpusa un stikla kolbas. 53 cm augstums \u013cauj to pa\u0146emt l\u012bdzi draugiem vai saulain\u0101s dien\u0101s \u0101r\u0101. Vai vienm\u0113r esat v\u0113l\u0113jies kvalitat\u012bvu \u016bdensp\u012bpi? Mums ir tas, kas jums nepiecie\u0161ams! MVP Aladin v\u012btne ir 360\u00b0, kas piln\u012bb\u0101 savieno kolbu un pamatni vienk\u0101r\u0161\u0101 360\u00b0 [\u2026]<\/p>","protected":false},"featured_media":12009,"comment_status":"open","ping_status":"closed","template":"","meta":[],"_links":{"self":[{"href":"https:\/\/hookahshop.lt\/lv\/wp-json\/wp\/v2\/product\/12008"}],"collection":[{"href":"https:\/\/hookahshop.lt\/lv\/wp-json\/wp\/v2\/product"}],"about":[{"href":"https:\/\/hookahshop.lt\/lv\/wp-json\/wp\/v2\/types\/product"}],"replies":[{"embeddable":true,"href":"https:\/\/hookahshop.lt\/lv\/wp-json\/wp\/v2\/comments?post=12008"}],"version-history":[{"count":6,"href":"https:\/\/hookahshop.lt\/lv\/wp-json\/wp\/v2\/product\/12008\/revisions"}],"predecessor-version":[{"id":45511,"href":"https:\/\/hookahshop.lt\/lv\/wp-json\/wp\/v2\/product\/12008\/revisions\/45511"}],"wp:featuredmedia":[{"embeddable":true,"href":"https:\/\/hookahshop.lt\/lv\/wp-json\/wp\/v2\/media\/12009"}],"wp:attachment":[{"href":"https:\/\/hookahshop.lt\/lv\/wp-json\/wp\/v2\/media?parent=12008"}],"curies":[{"name":"wp","href":"https:\/\/api.w.org\/{rel}","templated":true}]}}