{"id":12014,"date":"2020-09-15T17:31:29","date_gmt":"2020-09-15T14:31:29","guid":{"rendered":"https:\/\/hookahshop.lt\/?post_type=product&#038;p=12014"},"modified":"2026-04-19T23:28:51","modified_gmt":"2026-04-19T20:28:51","slug":"kaljanas-aladin-mvp460-model-1-rainbow","status":"publish","type":"product","link":"https:\/\/hookahshop.lt\/lv\/produkt\/kaljanas-aladin-mvp-460-model-1-varaviksne\/","title":{"rendered":"\u016adensp\u012bpe ALADIN MVP460 Model 1 Rainbow"},"content":{"rendered":"<h2>\u016adensp\u012bpe Aladin MVP460 Model 1 Rainbow<\/h2>\n<p>\u016adensp\u012bpe ar saviem kvalitat\u012bvajiem materi\u0101liem atst\u0101j p\u0101rsteidzo\u0161us iespaidus. Kvalitat\u012bva meistar\u012bba un individu\u0101ls dizains neatst\u0101s j\u016bs vienaldz\u012bgus.<br \/>\nPateicoties kompaktajam izm\u0113ram, tas ir ide\u0101ls ce\u013cabiedrs tiem, kas v\u0113las, lai uz ce\u013ca b\u016btu kvalitat\u012bvs produkts.<\/p>\n<p>Ner\u016bs\u0113jo\u0161ais t\u0113rauds<\/p>\n<p><strong>Standarta komplekt\u0101 ietilpst:<\/strong><br \/>\nknaibles, &quot;m\u012bkst\u0101&quot; silikona \u0161\u013c\u016btene ar uzga\u013ciem, kr\u016bze, &quot;deglis kr\u016bz\u012btei&quot;.<\/p>\n<p>Vai jums ir k\u0101di jaut\u0101jumi? Sazinies ar mums <a href=\"https:\/\/hookahshop.lt\/lv\/kontaktiem\/\">kontaktu lapa<\/a> vai rakstiet mums pa e-pastu <a href=\"https:\/\/facebook.com\/HookahShop.lt\/\" target=\"_blank\" rel=\"noopener noreferrer\">Facebook konts<\/a> un m\u0113s atbild\u0113sim uz j\u016bsu piepras\u012bjumu taj\u0101 pa\u0161\u0101 dien\u0101.<\/p>","protected":false},"excerpt":{"rendered":"<p>\u016adensp\u012bpe Aladin MVP460 Model 1 Rainbow \u016adensp\u012bpe ar saviem kvalitat\u012bvajiem materi\u0101liem atst\u0101j br\u012bni\u0161\u0137\u012bgus iespaidus. Kvalitat\u012bvs izpild\u012bjums un individu\u0101ls dizains neatst\u0101s j\u016bs vienaldz\u012bgus. T\u0101 kompaktais izm\u0113rs padara to par ide\u0101lu ce\u013cabiedru tiem, kas v\u0113las kvalitat\u012bvu produktu, atrodoties ce\u013c\u0101. Ner\u016bs\u0113jo\u0161ais t\u0113rauds Standarta komplekt\u0101cij\u0101 ietilpst: knaibles, &quot;m\u012bksta&quot; silikona \u0161\u013c\u016btene ar uzga\u013ciem, kr\u016bze, &quot;deglis kr\u016bz\u012btei&quot;. Vai jums ir k\u0101di jaut\u0101jumi? Sazinieties ar mums, izmantojot m\u016bsu kontaktinform\u0101ciju [\u2026]<\/p>","protected":false},"featured_media":12021,"comment_status":"open","ping_status":"closed","template":"","meta":[],"_links":{"self":[{"href":"https:\/\/hookahshop.lt\/lv\/wp-json\/wp\/v2\/product\/12014"}],"collection":[{"href":"https:\/\/hookahshop.lt\/lv\/wp-json\/wp\/v2\/product"}],"about":[{"href":"https:\/\/hookahshop.lt\/lv\/wp-json\/wp\/v2\/types\/product"}],"replies":[{"embeddable":true,"href":"https:\/\/hookahshop.lt\/lv\/wp-json\/wp\/v2\/comments?post=12014"}],"version-history":[{"count":4,"href":"https:\/\/hookahshop.lt\/lv\/wp-json\/wp\/v2\/product\/12014\/revisions"}],"predecessor-version":[{"id":26882,"href":"https:\/\/hookahshop.lt\/lv\/wp-json\/wp\/v2\/product\/12014\/revisions\/26882"}],"wp:featuredmedia":[{"embeddable":true,"href":"https:\/\/hookahshop.lt\/lv\/wp-json\/wp\/v2\/media\/12021"}],"wp:attachment":[{"href":"https:\/\/hookahshop.lt\/lv\/wp-json\/wp\/v2\/media?parent=12014"}],"curies":[{"name":"wp","href":"https:\/\/api.w.org\/{rel}","templated":true}]}}