{"id":12015,"date":"2020-09-15T17:22:55","date_gmt":"2020-09-15T14:22:55","guid":{"rendered":"https:\/\/hookahshop.lt\/?post_type=product&#038;p=12015"},"modified":"2026-04-10T12:51:11","modified_gmt":"2026-04-10T09:51:11","slug":"kaljanas-aladin-mvp-rocket-bottom-blue","status":"publish","type":"product","link":"https:\/\/hookahshop.lt\/lv\/produkt\/hookah-aladin-mvp-rocket-bottom-blue\/","title":{"rendered":"\u016adensp\u012bpe ALADIN MVP Rocket Bottom Blue"},"content":{"rendered":"<h2>\u016adensp\u012bpe ALADIN MVP Rocket Bottom Blue<\/h2>\n<p>Pateicoties kompaktajam izm\u0113ram, tas ir ide\u0101ls ce\u013cabiedrs tiem, kas v\u0113las ieg\u016bt kvalitat\u012bvu produktu ce\u013c\u0101.<\/p>\n<p><strong>Specifik\u0101cija:<\/strong><br \/>\n\u016adensp\u012bpes augstums: 53 cm<br \/>\nMateri\u0101ls (\u0101r\u0113jais): ner\u016bs\u0113jo\u0161ais t\u0113rauds<br \/>\nV\u012btne: 360 \u00b0, kas ar vienk\u0101r\u0161u 360 \u00b0 pagriezienu piln\u012bb\u0101 savieno kolbu un \u0101\u0137a \u0101\u0137i.<\/p>\n<p><strong>Apr\u012bkojums:<\/strong><br \/>\nStandarta komplekt\u0101cij\u0101 ietilpst knaibles, &quot;m\u012bksta&quot; silikona \u0161\u013c\u016btene ar uzga\u013ciem, kr\u016bze un &quot;skurstenis kr\u016bz\u012btei&quot;.<\/p>\n<p><img decoding=\"async\" loading=\"lazy\" class=\"alignnone size-medium wp-image-38491\" src=\"https:\/\/hookahshop.lt\/wp-content\/uploads\/2021\/02\/aladinu-komplektacija-300x273.jpg\" alt=\"- hookahshop.lt\" width=\"300\" height=\"273\" srcset=\"https:\/\/hookahshop.lt\/wp-content\/uploads\/2021\/02\/aladinu-komplektacija-300x273.jpg 300w, https:\/\/hookahshop.lt\/wp-content\/uploads\/2021\/02\/aladinu-komplektacija-13x12.jpg 13w, https:\/\/hookahshop.lt\/wp-content\/uploads\/2021\/02\/aladinu-komplektacija-64x58.jpg 64w, https:\/\/hookahshop.lt\/wp-content\/uploads\/2021\/02\/aladinu-komplektacija.jpg 420w\" sizes=\"(max-width: 300px) 100vw, 300px\" title=\"\"><\/p>\n<p>Vai jums ir k\u0101di jaut\u0101jumi? Sazinies ar mums\u00a0<a href=\"https:\/\/hookahshop.lt\/lv\/kontaktiem\/\">kontaktu lapa<\/a>\u00a0vai rakstiet mums pa e-pastu\u00a0<a href=\"https:\/\/facebook.com\/HookahShop.lt\/\" target=\"_blank\" rel=\"noopener noreferrer\">Facebook konts<\/a>\u00a0un m\u0113s atbild\u0113sim uz j\u016bsu piepras\u012bjumu taj\u0101 pa\u0161\u0101 dien\u0101.<\/p>","protected":false},"excerpt":{"rendered":"<p>\u016adensp\u012bpe ALADIN MVP Rocket Bottom Blue Pateicoties t\u0101 kompaktajam izm\u0113ram, tas ir ide\u0101ls ce\u013cojumu sabiedrotais tiem, kuri v\u0113las ieg\u016bt kvalitat\u012bvu produktu, atrodoties ce\u013c\u0101. Specifik\u0101cija: \u016adensp\u012bpes augstums: 53cm Materi\u0101ls (\u0101r\u0113jais): ner\u016bs\u0113jo\u0161ais t\u0113rauds V\u012btne: 360\u00b0, kas piln\u012bb\u0101 savieno kolbu un \u016bdensp\u012bpes k\u0101tu ar vienk\u0101r\u0161u 360\u00b0 rot\u0101ciju. Pilns komplekts: Standarta komplekt\u0101cij\u0101 ir knaibles, &quot;m\u012bkst\u0101&quot; silikona \u0161\u013c\u016btene ar uzga\u013ciem, kr\u016bze [...]<\/p>","protected":false},"featured_media":12016,"comment_status":"open","ping_status":"closed","template":"","meta":[],"_links":{"self":[{"href":"https:\/\/hookahshop.lt\/lv\/wp-json\/wp\/v2\/product\/12015"}],"collection":[{"href":"https:\/\/hookahshop.lt\/lv\/wp-json\/wp\/v2\/product"}],"about":[{"href":"https:\/\/hookahshop.lt\/lv\/wp-json\/wp\/v2\/types\/product"}],"replies":[{"embeddable":true,"href":"https:\/\/hookahshop.lt\/lv\/wp-json\/wp\/v2\/comments?post=12015"}],"version-history":[{"count":7,"href":"https:\/\/hookahshop.lt\/lv\/wp-json\/wp\/v2\/product\/12015\/revisions"}],"predecessor-version":[{"id":44016,"href":"https:\/\/hookahshop.lt\/lv\/wp-json\/wp\/v2\/product\/12015\/revisions\/44016"}],"wp:featuredmedia":[{"embeddable":true,"href":"https:\/\/hookahshop.lt\/lv\/wp-json\/wp\/v2\/media\/12016"}],"wp:attachment":[{"href":"https:\/\/hookahshop.lt\/lv\/wp-json\/wp\/v2\/media?parent=12015"}],"curies":[{"name":"wp","href":"https:\/\/api.w.org\/{rel}","templated":true}]}}