{"id":12037,"date":"2020-09-15T18:12:03","date_gmt":"2020-09-15T15:12:03","guid":{"rendered":"https:\/\/hookahshop.lt\/?post_type=product&#038;p=12037"},"modified":"2026-04-18T23:28:38","modified_gmt":"2026-04-18T20:28:38","slug":"kaljanas-aladin-alux-m5-silver","status":"publish","type":"product","link":"https:\/\/hookahshop.lt\/lv\/produkt\/kaljanas-aladin-alux-m5-silver\/","title":{"rendered":"\u016adensp\u012bpe ALADIN Alux M5 Silver"},"content":{"rendered":"<h2>\u016adensp\u012bpe ALADIN Alux M5 Silver<\/h2>\n<p>\u0160\u012b \u016bdensp\u012bpe atst\u0101j p\u0101rsteidzo\u0161us iespaidus ar saviem kvalitat\u012bvajiem materi\u0101liem. Kvalitat\u012bva meistar\u012bba un individu\u0101ls dizains neatst\u0101s j\u016bs vienaldz\u012bgu.<br \/>\nPateicoties kompaktajam izm\u0113ram, tas ir ide\u0101ls ce\u013cabiedrs tiem, kas v\u0113las, lai uz ce\u013ca b\u016btu kvalitat\u012bvs produkts.<\/p>\n<p><strong>Specifik\u0101cija:<\/strong><br \/>\nAugstums: 47 cm.<br \/>\nMateri\u0101ls (\u0101r\u0113js): anod\u0113ts alum\u012bnijs<br \/>\nMateri\u0101ls (iek\u0161\u0113jais): ner\u016bs\u0113jo\u0161ais t\u0113rauds (stabu apak\u0161da\u013ca saskaras ar \u016bdeni)<br \/>\nDifuzors: regul\u0113jams<\/p>\n<p><strong>Standarta komplekts:<\/strong><\/p>\n<p>\u016adensp\u012bpe, kolba ar v\u012btni, knaibles, &quot;m\u012bksta&quot; silikona \u0161\u013c\u016btene ar uzga\u013ciem, kr\u016bze, &quot;deglis kr\u016bz\u012btei&quot;.<\/p>\n<p><img decoding=\"async\" loading=\"lazy\" class=\"alignnone size-medium wp-image-38491\" src=\"https:\/\/hookahshop.lt\/wp-content\/uploads\/2021\/02\/aladinu-komplektacija-300x273.jpg\" alt=\"- hookahshop.lt\" width=\"300\" height=\"273\" srcset=\"https:\/\/hookahshop.lt\/wp-content\/uploads\/2021\/02\/aladinu-komplektacija-300x273.jpg 300w, https:\/\/hookahshop.lt\/wp-content\/uploads\/2021\/02\/aladinu-komplektacija-13x12.jpg 13w, https:\/\/hookahshop.lt\/wp-content\/uploads\/2021\/02\/aladinu-komplektacija-64x58.jpg 64w, https:\/\/hookahshop.lt\/wp-content\/uploads\/2021\/02\/aladinu-komplektacija.jpg 420w\" sizes=\"(max-width: 300px) 100vw, 300px\" title=\"\"><\/p>\n<p>Vai jums ir k\u0101di jaut\u0101jumi? Sazinies ar mums\u00a0<a href=\"https:\/\/hookahshop.lt\/lv\/kontaktiem\/\">kontaktu lapa<\/a>\u00a0vai rakstiet mums pa e-pastu\u00a0<a href=\"https:\/\/facebook.com\/HookahShop.lt\/\" target=\"_blank\" rel=\"noopener noreferrer\">Facebook konts<\/a>\u00a0un m\u0113s atbild\u0113sim uz j\u016bsu piepras\u012bjumu taj\u0101 pa\u0161\u0101 dien\u0101.<\/p>","protected":false},"excerpt":{"rendered":"<p>\u016adensp\u012bpe ALADIN Alux M5 Silver \u0160\u012b \u016bdensp\u012bpe ar saviem kvalitat\u012bvajiem materi\u0101liem atst\u0101j br\u012bni\u0161\u0137\u012bgus iespaidus. Kvalitat\u012bvs izpild\u012bjums un individu\u0101ls dizains neatst\u0101s j\u016bs vienaldz\u012bgus. T\u0101 kompaktais izm\u0113rs padara to par ide\u0101lu ce\u013cabiedru tiem, kas v\u0113las kvalitat\u012bvu produktu, atrodoties ce\u013c\u0101. Specifik\u0101cija: Augstums: 47cm. Materi\u0101ls (\u0101r\u0113jais): anod\u0113ts alum\u012bnijs Materi\u0101ls (iek\u0161\u0113jais): ner\u016bs\u0113jo\u0161ais t\u0113rauds (Apak\u0161\u0113j\u0101 k\u0101ta da\u013ca, kas saskaras ar \u016bdeni) Difuzors: regul\u0113jams [...]<\/p>","protected":false},"featured_media":12126,"comment_status":"open","ping_status":"closed","template":"","meta":[],"_links":{"self":[{"href":"https:\/\/hookahshop.lt\/lv\/wp-json\/wp\/v2\/product\/12037"}],"collection":[{"href":"https:\/\/hookahshop.lt\/lv\/wp-json\/wp\/v2\/product"}],"about":[{"href":"https:\/\/hookahshop.lt\/lv\/wp-json\/wp\/v2\/types\/product"}],"replies":[{"embeddable":true,"href":"https:\/\/hookahshop.lt\/lv\/wp-json\/wp\/v2\/comments?post=12037"}],"version-history":[{"count":9,"href":"https:\/\/hookahshop.lt\/lv\/wp-json\/wp\/v2\/product\/12037\/revisions"}],"predecessor-version":[{"id":45526,"href":"https:\/\/hookahshop.lt\/lv\/wp-json\/wp\/v2\/product\/12037\/revisions\/45526"}],"wp:featuredmedia":[{"embeddable":true,"href":"https:\/\/hookahshop.lt\/lv\/wp-json\/wp\/v2\/media\/12126"}],"wp:attachment":[{"href":"https:\/\/hookahshop.lt\/lv\/wp-json\/wp\/v2\/media?parent=12037"}],"curies":[{"name":"wp","href":"https:\/\/api.w.org\/{rel}","templated":true}]}}