{"id":12057,"date":"2020-09-15T20:34:50","date_gmt":"2020-09-15T17:34:50","guid":{"rendered":"https:\/\/hookahshop.lt\/?post_type=product&#038;p=12057"},"modified":"2026-04-06T23:29:17","modified_gmt":"2026-04-06T20:29:17","slug":"zarna-silikonine-arma-blue","status":"publish","type":"product","link":"https:\/\/hookahshop.lt\/lv\/produkt\/slutene-silikona-arma-zila\/","title":{"rendered":"Silikona \u0161\u013c\u016btene ARMA Blue"},"content":{"rendered":"<h2>Silikona \u0161\u013c\u016btene ARMA Blue<\/h2>\n<p>Izgatavots no medic\u012bnisk\u0101 silikona ar antistatisku p\u0101rkl\u0101jumu. Tas ir dro\u0161s vesel\u012bbai, kars\u0113jot neizdala kait\u012bgus piemais\u012bjumus un tam nav sve\u0161as smakas. Silikona \u0161\u013c\u016btene, kas p\u0101rkl\u0101ta ar &quot;Soft touch&quot; ir pat\u012bkama taustei, nesav\u0101c putek\u013cus un gru\u017eus, paliek elast\u012bga un sm\u0113\u0137\u0113\u0161anas laik\u0101 neloc\u0101s!<br \/>\nSpecifik\u0101cijas:<br \/>\nGarums: 1,50 m<br \/>\n\u0100r\u0113jais diametrs: 16 mm<br \/>\nIek\u0161\u0113jais \u0161\u013c\u016btenes diametrs: 11mm<br \/>\nP\u0101rkl\u0101jums: Soft Touch<br \/>\nSvars: apm\u0113ram 190 grami<\/p>\n<p>Vai jums ir k\u0101di jaut\u0101jumi? Sazinies ar mums <a href=\"https:\/\/hookahshop.lt\/lv\/kontaktiem\/\">kontaktu lapa<\/a> vai rakstiet mums pa e-pastu <a href=\"https:\/\/facebook.com\/HookahShop.lt\/\" target=\"_blank\" rel=\"noopener noreferrer\">Facebook konts<\/a> un m\u0113s atbild\u0113sim uz j\u016bsu piepras\u012bjumu taj\u0101 pa\u0161\u0101 dien\u0101.<\/p>","protected":false},"excerpt":{"rendered":"<p>Silikona \u0161\u013c\u016btene ARMA Blue Izgatavota no medic\u012bnisk\u0101 silikona ar antistatisku p\u0101rkl\u0101jumu. Tas ir dro\u0161s vesel\u012bbai, kars\u0113jot neizdala kait\u012bgus piemais\u012bjumus un tam nav sve\u0161as smakas. Silikona \u0161\u013c\u016btene, kas p\u0101rkl\u0101ta ar &quot;Soft touch&quot; ir pat\u012bkama taustei, nesav\u0101c putek\u013cus un gru\u017eus, paliek elast\u012bga un sm\u0113\u0137\u0113\u0161anas laik\u0101 neloc\u0101s! Specifik\u0101cijas: Garums: 1,50m \u0100r\u0113jais diametrs: 16mm Iek\u0161\u0113jais \u0161\u013c\u016btenes diametrs: 11mm P\u0101rkl\u0101jums: Soft Touch Svars: [\u2026]<\/p>","protected":false},"featured_media":12062,"comment_status":"open","ping_status":"closed","template":"","meta":[],"_links":{"self":[{"href":"https:\/\/hookahshop.lt\/lv\/wp-json\/wp\/v2\/product\/12057"}],"collection":[{"href":"https:\/\/hookahshop.lt\/lv\/wp-json\/wp\/v2\/product"}],"about":[{"href":"https:\/\/hookahshop.lt\/lv\/wp-json\/wp\/v2\/types\/product"}],"replies":[{"embeddable":true,"href":"https:\/\/hookahshop.lt\/lv\/wp-json\/wp\/v2\/comments?post=12057"}],"version-history":[{"count":4,"href":"https:\/\/hookahshop.lt\/lv\/wp-json\/wp\/v2\/product\/12057\/revisions"}],"predecessor-version":[{"id":45300,"href":"https:\/\/hookahshop.lt\/lv\/wp-json\/wp\/v2\/product\/12057\/revisions\/45300"}],"wp:featuredmedia":[{"embeddable":true,"href":"https:\/\/hookahshop.lt\/lv\/wp-json\/wp\/v2\/media\/12062"}],"wp:attachment":[{"href":"https:\/\/hookahshop.lt\/lv\/wp-json\/wp\/v2\/media?parent=12057"}],"curies":[{"name":"wp","href":"https:\/\/api.w.org\/{rel}","templated":true}]}}