{"id":12061,"date":"2020-09-15T20:36:52","date_gmt":"2020-09-15T17:36:52","guid":{"rendered":"https:\/\/hookahshop.lt\/?post_type=product&#038;p=12061"},"modified":"2026-04-06T23:28:44","modified_gmt":"2026-04-06T20:28:44","slug":"kaljanas-conceptic-design-black-carbon","status":"publish","type":"product","link":"https:\/\/hookahshop.lt\/lv\/produkt\/udenspipe-koncepts-dizains-melns-ogleklis\/","title":{"rendered":"\u016adensp\u012bpe CONCEPTIC Design Black Carbon"},"content":{"rendered":"<h2>\u016adensp\u012bpe CONCEPTIC Design Black Carbon<\/h2>\n<p>\u016adensp\u012bpe ir viegla, uzticama un stil\u012bga \u016bdensp\u012bpe. Izgatavots H-Tech stil\u0101, atspogu\u013cojot m\u016bsdienu industri\u0101l\u0101 dizaina tendences. Katra kolekcijas \u016bdensp\u012bpe ir bezkompromisa kvalit\u0101tes piem\u0113rs, izmantojot vismodern\u0101kos materi\u0101lus.<br \/>\n\u016adensp\u012bpes v\u0101rpsta Conceptic Design ir izgatavota no ner\u016bs\u0113jo\u0161\u0101 t\u0113rauda, padarot to \u0101rk\u0101rt\u012bgi uzticamu, un \u016bdensp\u012bpes dekors ir pieejams klasisk\u0101 t\u0113rauda spogu\u013cu versij\u0101, kur\u0101 iegrav\u0113ts Conceptic Design.<br \/>\nVissvar\u012bg\u0101kais ir tas, ka \u016bdensp\u012bpe ir ar regul\u0113jamu vilci no\u0146emam\u0101 difuzora d\u0113\u013c.<\/p>\n<p>Specifik\u0101cijas:<br \/>\n\u016adensp\u012bpes svars: ~ 1580 gr<br \/>\n\u016adensp\u012bpes augstums: 590 mm<br \/>\nV\u0101rpsta iek\u0161pus\u0113: ner\u016bs\u0113jo\u0161ais t\u0113rauds AISI304, D13 mm<br \/>\nV\u0101rpstas \u0101rpuse: ner\u016bs\u0113jo\u0161\u0101 t\u0113rauda pl\u0101ksne<br \/>\nV\u0101rpstas iegremd\u0113t\u0101 da\u013ca: ner\u016bs\u0113jo\u0161ais t\u0113rauds, D14 mm<br \/>\nPamatmateri\u0101ls: poliacet\u0101ls<br \/>\n\u0160\u013c\u016btenes savienot\u0101js: bl\u012bvgredzens<br \/>\nSavienojuma materi\u0101ls: ner\u016bs\u0113jo\u0161ais t\u0113rauds<br \/>\nV\u0101rsta savienojums: bl\u012bvgredzens<br \/>\nDifuzors: no\u0146emams, poliacet\u0101ls<br \/>\nMutes iemutnis: ner\u016bs\u0113jo\u0161ais t\u0113rauds AISI304 ar silikona rokturi<br \/>\nIevada garums: 270 mm, D10 mm<br \/>\n\u0160\u013c\u016btene: silikons &quot;Soft touch&quot;<br \/>\n\u0160\u013c\u016btenes garums: 1500 mm<\/p>\n<p><strong>Kolekcija:<\/strong><\/p>\n<p>V\u0101rpsta, pl\u0101ksne, \u0161\u013c\u016btene, iemutnis.<\/p>\n<p>Vai jums ir k\u0101di jaut\u0101jumi? Sazinies ar mums <a href=\"https:\/\/hookahshop.lt\/lv\/kontaktiem\/\">kontaktu lapa<\/a> vai rakstiet mums pa e-pastu <a href=\"https:\/\/facebook.com\/HookahShop.lt\/\" target=\"_blank\" rel=\"noopener noreferrer\">Facebook konts<\/a> un m\u0113s atbild\u0113sim uz j\u016bsu piepras\u012bjumu taj\u0101 pa\u0161\u0101 dien\u0101.<\/p>","protected":false},"excerpt":{"rendered":"<p>\u016adensp\u012bpe CONCEPTIC Design Black Carbon Hookah ir viegla, uzticama un stil\u012bga \u016bdensp\u012bpe. Izgatavots H-Tech stil\u0101, atspogu\u013cojot m\u016bsdienu industri\u0101l\u0101 dizaina tendences. Katra kolekcijas \u016bdensp\u012bpe ir bezkompromisa kvalit\u0101tes piem\u0113rs, izmantojot vismodern\u0101kos materi\u0101lus. Conceptic Design \u016bdensp\u012bpes k\u0101ts ir izgatavots no ner\u016bs\u0113jo\u0161\u0101 t\u0113rauda, padarot to \u0101rk\u0101rt\u012bgi uzticamu, un \u016bdensp\u012bpes dekors ir pieejams klasisk\u0101 t\u0113rauda spogu\u013ca versij\u0101, kur\u0101 ir iegrav\u0113ts Concept [\u2026]<\/p>","protected":false},"featured_media":12069,"comment_status":"open","ping_status":"closed","template":"","meta":[],"_links":{"self":[{"href":"https:\/\/hookahshop.lt\/lv\/wp-json\/wp\/v2\/product\/12061"}],"collection":[{"href":"https:\/\/hookahshop.lt\/lv\/wp-json\/wp\/v2\/product"}],"about":[{"href":"https:\/\/hookahshop.lt\/lv\/wp-json\/wp\/v2\/types\/product"}],"replies":[{"embeddable":true,"href":"https:\/\/hookahshop.lt\/lv\/wp-json\/wp\/v2\/comments?post=12061"}],"version-history":[{"count":2,"href":"https:\/\/hookahshop.lt\/lv\/wp-json\/wp\/v2\/product\/12061\/revisions"}],"predecessor-version":[{"id":22733,"href":"https:\/\/hookahshop.lt\/lv\/wp-json\/wp\/v2\/product\/12061\/revisions\/22733"}],"wp:featuredmedia":[{"embeddable":true,"href":"https:\/\/hookahshop.lt\/lv\/wp-json\/wp\/v2\/media\/12069"}],"wp:attachment":[{"href":"https:\/\/hookahshop.lt\/lv\/wp-json\/wp\/v2\/media?parent=12061"}],"curies":[{"name":"wp","href":"https:\/\/api.w.org\/{rel}","templated":true}]}}