{"id":12068,"date":"2020-09-15T20:38:17","date_gmt":"2020-09-15T17:38:17","guid":{"rendered":"https:\/\/hookahshop.lt\/?post_type=product&#038;p=12068"},"modified":"2026-04-26T23:29:45","modified_gmt":"2026-04-26T20:29:45","slug":"zarna-silikonine-arma-yellow","status":"publish","type":"product","link":"https:\/\/hookahshop.lt\/lv\/produkt\/slutene-silikona-arma-dzeltena\/","title":{"rendered":"Silikona \u0161\u013c\u016btene ARMA Dzeltena"},"content":{"rendered":"<h2>Silikona \u0161\u013c\u016btene ARMA Dzeltena<\/h2>\n<p>Izgatavots no medic\u012bnisk\u0101 silikona ar antistatisku p\u0101rkl\u0101jumu. Tas ir dro\u0161s vesel\u012bbai, kars\u0113jot neizdala kait\u012bgus piemais\u012bjumus un tam nav sve\u0161as smakas. Silikona \u0161\u013c\u016btene, kas p\u0101rkl\u0101ta ar &quot;Soft touch&quot; ir pat\u012bkama taustei, nesav\u0101c putek\u013cus un gru\u017eus, paliek elast\u012bga un sm\u0113\u0137\u0113\u0161anas laik\u0101 neloc\u0101s!<br \/>\nSpecifik\u0101cijas:<br \/>\nGarums: 1,50 m<br \/>\n\u0100r\u0113jais diametrs: 16 mm<br \/>\nIek\u0161\u0113jais \u0161\u013c\u016btenes diametrs: 11mm<br \/>\nP\u0101rkl\u0101jums: Soft Touch<br \/>\nSvars: apm\u0113ram 190 grami<\/p>\n<p>Vai jums ir k\u0101di jaut\u0101jumi? Sazinies ar mums <a href=\"https:\/\/hookahshop.lt\/lv\/kontaktiem\/\">kontaktu lapa<\/a> vai rakstiet mums pa e-pastu <a href=\"https:\/\/facebook.com\/HookahShop.lt\/\" target=\"_blank\" rel=\"noopener noreferrer\">Facebook konts<\/a> un m\u0113s atbild\u0113sim uz j\u016bsu piepras\u012bjumu taj\u0101 pa\u0161\u0101 dien\u0101.<\/p>","protected":false},"excerpt":{"rendered":"<p>Silikona \u0161\u013c\u016btene ARMA Yellow Izgatavota no medic\u012bnisk\u0101 silikona ar antistatisku p\u0101rkl\u0101jumu. Tas ir dro\u0161s vesel\u012bbai, kars\u0113jot neizdala kait\u012bgus piemais\u012bjumus un tam nav sve\u0161as smakas. Silikona \u0161\u013c\u016btene, kas p\u0101rkl\u0101ta ar &quot;Soft touch&quot; ir pat\u012bkama taustei, nesav\u0101c putek\u013cus un gru\u017eus, paliek elast\u012bga un sm\u0113\u0137\u0113\u0161anas laik\u0101 neloc\u0101s! Specifik\u0101cijas: Garums: 1,50 m \u0100r\u0113jais diametrs: 16 mm Iek\u0161\u0113jais \u0161\u013c\u016btenes diametrs: 11 mm P\u0101rkl\u0101jums: Soft Touch Svars: [\u2026]<\/p>","protected":false},"featured_media":12073,"comment_status":"open","ping_status":"closed","template":"","meta":[],"_links":{"self":[{"href":"https:\/\/hookahshop.lt\/lv\/wp-json\/wp\/v2\/product\/12068"}],"collection":[{"href":"https:\/\/hookahshop.lt\/lv\/wp-json\/wp\/v2\/product"}],"about":[{"href":"https:\/\/hookahshop.lt\/lv\/wp-json\/wp\/v2\/types\/product"}],"replies":[{"embeddable":true,"href":"https:\/\/hookahshop.lt\/lv\/wp-json\/wp\/v2\/comments?post=12068"}],"version-history":[{"count":4,"href":"https:\/\/hookahshop.lt\/lv\/wp-json\/wp\/v2\/product\/12068\/revisions"}],"predecessor-version":[{"id":37126,"href":"https:\/\/hookahshop.lt\/lv\/wp-json\/wp\/v2\/product\/12068\/revisions\/37126"}],"wp:featuredmedia":[{"embeddable":true,"href":"https:\/\/hookahshop.lt\/lv\/wp-json\/wp\/v2\/media\/12073"}],"wp:attachment":[{"href":"https:\/\/hookahshop.lt\/lv\/wp-json\/wp\/v2\/media?parent=12068"}],"curies":[{"name":"wp","href":"https:\/\/api.w.org\/{rel}","templated":true}]}}