{"id":12121,"date":"2020-09-16T10:29:35","date_gmt":"2020-09-16T07:29:35","guid":{"rendered":"https:\/\/hookahshop.lt\/?post_type=product&#038;p=12121"},"modified":"2026-04-22T23:29:02","modified_gmt":"2026-04-22T20:29:02","slug":"kaljanas-maklaud-dragon","status":"publish","type":"product","link":"https:\/\/hookahshop.lt\/lv\/produkt\/udenspipe-maklad-pukis\/","title":{"rendered":"\u016adensp\u012bpe MAKLAUD P\u016b\u0137is"},"content":{"rendered":"<h2>\u016adensp\u012bpe MAKLAUD P\u016b\u0137is<\/h2>\n<p>T\u0101 ir premium klases \u016bdensp\u012bpe ar ekskluz\u012bvu dizainu. Ar \u0161o \u016bdensp\u012bpi j\u016bs sajut\u012bsiet \u012bpa\u0161i pat\u012bkamu sm\u0113\u0137\u0113\u0161anas prieku. Augst\u0101k\u0101s kvalit\u0101tes \u016bdensp\u012bpe ne\u013caus aizmirst \u0161os iespaidus.<\/p>\n<p><strong>Specifik\u0101cijas:<\/strong><\/p>\n<p>Augstums: 55 cm<br \/>\nV\u0101rpstas materi\u0101ls: ner\u016bs\u0113jo\u0161ais t\u0113rauds AISI 304<br \/>\nMutes materi\u0101ls: AISI 304 ner\u016bs\u0113jo\u0161ais t\u0113rauds + \u0101da<br \/>\nPl\u0101ksnes materi\u0101ls: ner\u016bs\u0113jo\u0161ais t\u0113rauds AISI 304<br \/>\n\u0160\u013c\u016btenes materi\u0101ls: Silikona Soft Touch<br \/>\nV\u0101rsts: \u0101r\u0113jais ner\u016bs\u0113jo\u0161ais t\u0113rauds AISI 304<br \/>\nUzst\u0101d\u012b\u0161anas sist\u0113ma: bl\u012bv\u0113jums<br \/>\nDifuzors: regul\u0113jams<br \/>\nMateri\u0101ls: misi\u0146\u0161<\/p>\n<p><strong>Apr\u012bkojums:<\/strong><\/p>\n<p>Kolba Hokas koks C3<br \/>\n\u0160\u0137\u012bvis<br \/>\nSoft Touch silikona \u0161\u013c\u016btene<br \/>\nMutes iemutnis<br \/>\nB\u013codas bl\u012bv\u0113jums<br \/>\nRezerves v\u0101rsta bumbi\u0146a<br \/>\nKnaibles<br \/>\nkaulu<br \/>\nMaklauda Turka kauss<br \/>\nKoka kaste<\/p>\n<p>Vai jums ir k\u0101di jaut\u0101jumi? Sazinies ar mums <a href=\"https:\/\/hookahshop.lt\/lv\/kontaktiem\/\">kontaktu lapa<\/a> vai rakstiet mums pa e-pastu <a href=\"https:\/\/facebook.com\/HookahShop.lt\/\" target=\"_blank\" rel=\"noopener noreferrer\">Facebook konts<\/a> un m\u0113s atbild\u0113sim uz j\u016bsu piepras\u012bjumu taj\u0101 pa\u0161\u0101 dien\u0101.<\/p>","protected":false},"excerpt":{"rendered":"<p>\u016adensp\u012bpe MAKLAUD Dragon T\u0101 ir premium klases \u016bdensp\u012bpe ar ekskluz\u012bvu dizainu. Ar \u0161o \u016bdensp\u012bpi j\u016bs sajut\u012bsiet \u012bpa\u0161i pat\u012bkamu sm\u0113\u0137\u0113\u0161anas prieku. Augst\u0101k\u0101s kvalit\u0101tes \u016bdensp\u012bpe ne\u013caus aizmirst \u0161os iespaidus. Specifik\u0101cijas: Augstums: 55 cm V\u0101rpstas materi\u0101ls: AISI 304 ner\u016bs\u0113jo\u0161ais t\u0113rauds Iemutes materi\u0101ls: AISI 304 ner\u016bs\u0113jo\u0161ais t\u0113rauds + \u0101da Pl\u0101ksnes materi\u0101ls: AISI 304 ner\u016bs\u0113jo\u0161ais t\u0113rauds \u0160\u013c\u016btenes materi\u0101ls: silikons M\u012bksts [\u2026]<\/p>","protected":false},"featured_media":12137,"comment_status":"open","ping_status":"closed","template":"","meta":[],"_links":{"self":[{"href":"https:\/\/hookahshop.lt\/lv\/wp-json\/wp\/v2\/product\/12121"}],"collection":[{"href":"https:\/\/hookahshop.lt\/lv\/wp-json\/wp\/v2\/product"}],"about":[{"href":"https:\/\/hookahshop.lt\/lv\/wp-json\/wp\/v2\/types\/product"}],"replies":[{"embeddable":true,"href":"https:\/\/hookahshop.lt\/lv\/wp-json\/wp\/v2\/comments?post=12121"}],"version-history":[{"count":3,"href":"https:\/\/hookahshop.lt\/lv\/wp-json\/wp\/v2\/product\/12121\/revisions"}],"predecessor-version":[{"id":41499,"href":"https:\/\/hookahshop.lt\/lv\/wp-json\/wp\/v2\/product\/12121\/revisions\/41499"}],"wp:featuredmedia":[{"embeddable":true,"href":"https:\/\/hookahshop.lt\/lv\/wp-json\/wp\/v2\/media\/12137"}],"wp:attachment":[{"href":"https:\/\/hookahshop.lt\/lv\/wp-json\/wp\/v2\/media?parent=12121"}],"curies":[{"name":"wp","href":"https:\/\/api.w.org\/{rel}","templated":true}]}}