{"id":12141,"date":"2020-09-16T20:27:36","date_gmt":"2020-09-16T17:27:36","guid":{"rendered":"https:\/\/hookahshop.lt\/?post_type=product&#038;p=12141"},"modified":"2026-04-17T23:29:20","modified_gmt":"2026-04-17T20:29:20","slug":"kaljanas-maklaud-titan-rose","status":"publish","type":"product","link":"https:\/\/hookahshop.lt\/lv\/produkt\/udenspipe-maklaud-titan-roze\/","title":{"rendered":"\u016adensp\u012bpe MAKLAUD Tit\u0101na roze"},"content":{"rendered":"<h2>\u016adensp\u012bpe MAKLAUD Tit\u0101na roze<\/h2>\n<p>\u016adensp\u012bpe ir premium klases \u016bdensp\u012bpe, kas izgatavota no lab\u0101kajiem materi\u0101liem un ekskluz\u012bva dizaina.<\/p>\n<p>K\u0101ts ir roku darbs, lai nodro\u0161in\u0101tu bezkompromisa kvalit\u0101ti, un, pievienojot rozi, kas padara Maklaud Titan rozi par iespaid\u012bgu un uzkr\u012bto\u0161u \u016bdensp\u012bpi, tie izmanto t\u0101dus materi\u0101lus k\u0101 ner\u016bs\u0113jo\u0161ais t\u0113rauds, gumijas starpliku un magn\u0113tisko silikona \u0161\u013c\u016btenes savienojumu, kas nodro\u0161ina iztur\u012bbu.<\/p>\n<p>\u0160is ir iespaid\u012bg\u0101kais \u0161\u012bs markas modelis, jo pl\u0101ksnei, t\u0101s ziedi\u0146am uz kakla un iemutnim ir vien\u0101da &quot;violeta&quot; kr\u0101sa un konusveida p\u016b\u0161anas sist\u0113ma, kas p\u0101rsteidz ar p\u016b\u0161anu no pamatnes.<\/p>\n<p><strong>Apr\u012bkojums:<\/strong><br \/>\nner\u016bs\u0113jo\u0161\u0101 t\u0113rauda v\u0101rpsta<br \/>\nstikla kolba<br \/>\npl\u0101ksne<br \/>\nsilikona \u0161\u013c\u016btene<br \/>\nstarplikas starp kolbu un k\u0101tu<br \/>\nknaibles<br \/>\nner\u016bs\u0113jo\u0161\u0101 t\u0113rauda iemutnis<br \/>\nkoka iepakojums<\/p>\n<p><strong>Specifik\u0101cija:<\/strong><br \/>\nAugstums: 73 cm<br \/>\nMutes garums: 32 cm<br \/>\n\u0160\u013c\u016btenes garums: 150 cm<\/p>\n<p>Materi\u0101ls: ner\u016bs\u0113jo\u0161ais t\u0113rauds<br \/>\nKolbas savieno\u0161ana ar korpusu: v\u012btne<\/p>\n<p>Vai jums ir k\u0101di jaut\u0101jumi? Sazinies ar mums <a href=\"https:\/\/hookahshop.lt\/lv\/kontaktiem\/\">kontaktu lapa<\/a> vai rakstiet mums pa e-pastu <a href=\"https:\/\/facebook.com\/HookahShop.lt\/\" target=\"_blank\" rel=\"noopener noreferrer\">Facebook konts<\/a> un m\u0113s atbild\u0113sim uz j\u016bsu piepras\u012bjumu taj\u0101 pa\u0161\u0101 dien\u0101.<\/p>","protected":false},"excerpt":{"rendered":"<p>MAKLAUD Titan rose \u016bdensp\u012bpe ir augst\u0101k\u0101s klases \u016bdensp\u012bpe, kas izgatavota no lab\u0101kajiem materi\u0101liem un ar ekskluz\u012bvu dizainu. K\u0101ti\u0146\u0161 ir izgatavots ar rok\u0101m, nodro\u0161inot bezkompromisa kvalit\u0101ti, papildus pievienojot rozi, kas padara Maklaud Titan rose par iespaid\u012bgu un uzman\u012bbu piesaisto\u0161u \u016bdensp\u012bpi, iztur\u012bbai tiek izmantoti t\u0101di materi\u0101li k\u0101 ner\u016bs\u0113jo\u0161ais t\u0113rauds, gumijas bl\u012bves un silikona \u0161\u013c\u016btenes. \u0160\u012b ir iespaid\u012bg\u0101k\u0101 \u0161\u012b produkta \u012bpa\u0161\u012bba [\u2026]<\/p>","protected":false},"featured_media":12142,"comment_status":"open","ping_status":"closed","template":"","meta":[],"_links":{"self":[{"href":"https:\/\/hookahshop.lt\/lv\/wp-json\/wp\/v2\/product\/12141"}],"collection":[{"href":"https:\/\/hookahshop.lt\/lv\/wp-json\/wp\/v2\/product"}],"about":[{"href":"https:\/\/hookahshop.lt\/lv\/wp-json\/wp\/v2\/types\/product"}],"replies":[{"embeddable":true,"href":"https:\/\/hookahshop.lt\/lv\/wp-json\/wp\/v2\/comments?post=12141"}],"version-history":[{"count":3,"href":"https:\/\/hookahshop.lt\/lv\/wp-json\/wp\/v2\/product\/12141\/revisions"}],"predecessor-version":[{"id":41498,"href":"https:\/\/hookahshop.lt\/lv\/wp-json\/wp\/v2\/product\/12141\/revisions\/41498"}],"wp:featuredmedia":[{"embeddable":true,"href":"https:\/\/hookahshop.lt\/lv\/wp-json\/wp\/v2\/media\/12142"}],"wp:attachment":[{"href":"https:\/\/hookahshop.lt\/lv\/wp-json\/wp\/v2\/media?parent=12141"}],"curies":[{"name":"wp","href":"https:\/\/api.w.org\/{rel}","templated":true}]}}