{"id":12166,"date":"2020-09-17T11:43:55","date_gmt":"2020-09-17T08:43:55","guid":{"rendered":"https:\/\/hookahshop.lt\/?post_type=product&#038;p=12166"},"modified":"2026-04-18T23:29:10","modified_gmt":"2026-04-18T20:29:10","slug":"valymo-priemone-kaljanui-hookah-clean","status":"publish","type":"product","link":"https:\/\/hookahshop.lt\/lv\/produkt\/tiritajs-udenspipe-udenspipe-tirs\/","title":{"rendered":"\u016adensp\u012bpes t\u012br\u012bt\u0101js HOOKAH CLEAN 500ml"},"content":{"rendered":"<h2>\u016adensp\u012bpes t\u012br\u012b\u0161anas l\u012bdzeklis \u016adensp\u012bpe<\/h2>\n<p>Dezinfic\u0113 un no\u0146em \u016bdensp\u012bp\u0113 ies\u016bco\u0161\u0101s smakas.<br \/>\nAntibakteri\u0101ls \u016bdensp\u012bpes kop\u0161anas l\u012bdzeklis atvieglos nepiecie\u0161amo \u016bdensp\u012bpes kop\u0161anu un nodro\u0161in\u0101s ier\u012bces labu st\u0101vokli ilg\u0101k\u0101 laika period\u0101.<br \/>\nBie\u017ei mazg\u0101t\u0101 \u016bdensp\u012bpe un t\u0101 piederumu kalpo\u0161anas laiks ir pagarin\u0101ts.<br \/>\nRegul\u0101ra \u016bdensp\u012bpes un t\u0101 piederumu mazg\u0101\u0161ana pal\u012bdz\u0113s nov\u0113rst izskata, r\u016bsas, nepat\u012bkamas smakas izmai\u0146as.<\/p>\n<p>Tilpums: 500ml.<\/p>\n<p>Vai jums ir k\u0101di jaut\u0101jumi? Sazinies ar mums <a href=\"https:\/\/hookahshop.lt\/lv\/kontaktiem\/\">kontaktu lapa<\/a> vai rakstiet mums pa e-pastu <a href=\"https:\/\/facebook.com\/HookahShop.lt\/\" target=\"_blank\" rel=\"noopener noreferrer\">Facebook konts<\/a> un m\u0113s atbild\u0113sim uz j\u016bsu piepras\u012bjumu taj\u0101 pa\u0161\u0101 dien\u0101.<\/p>","protected":false},"excerpt":{"rendered":"<p>T\u012br\u012b\u0161anas l\u012bdzeklis \u016bdensp\u012bpei HookahClean Dezinfic\u0113 un no\u0146em smakas, kas ies\u016bcas \u016bdensp\u012bp\u0113. Antibakteri\u0101ls t\u012br\u012b\u0161anas \u016bdensp\u012bpes kop\u0161anas l\u012bdzeklis atvieglos nepiecie\u0161amo \u016bdensp\u012bpju apkopi un nodro\u0161in\u0101s labu ier\u012bces st\u0101vokli uz ilg\u0101ku laiku. \u016adensp\u012bpes un t\u0101s piederumu kalpo\u0161anas laiks pagarin\u0101s, ja to bie\u017ei mazg\u0101. Regul\u0101ra \u016bdensp\u012bpes un t\u0101s piederumu mazg\u0101\u0161ana pal\u012bdz\u0113s nov\u0113rst izskata izmai\u0146as, r\u016bs\u0113\u0161anu un nepat\u012bkamas smakas. Tilpums: 500ml. Jums ir [\u2026]<\/p>","protected":false},"featured_media":12167,"comment_status":"open","ping_status":"closed","template":"","meta":[],"_links":{"self":[{"href":"https:\/\/hookahshop.lt\/lv\/wp-json\/wp\/v2\/product\/12166"}],"collection":[{"href":"https:\/\/hookahshop.lt\/lv\/wp-json\/wp\/v2\/product"}],"about":[{"href":"https:\/\/hookahshop.lt\/lv\/wp-json\/wp\/v2\/types\/product"}],"replies":[{"embeddable":true,"href":"https:\/\/hookahshop.lt\/lv\/wp-json\/wp\/v2\/comments?post=12166"}],"version-history":[{"count":4,"href":"https:\/\/hookahshop.lt\/lv\/wp-json\/wp\/v2\/product\/12166\/revisions"}],"predecessor-version":[{"id":35719,"href":"https:\/\/hookahshop.lt\/lv\/wp-json\/wp\/v2\/product\/12166\/revisions\/35719"}],"wp:featuredmedia":[{"embeddable":true,"href":"https:\/\/hookahshop.lt\/lv\/wp-json\/wp\/v2\/media\/12167"}],"wp:attachment":[{"href":"https:\/\/hookahshop.lt\/lv\/wp-json\/wp\/v2\/media?parent=12166"}],"curies":[{"name":"wp","href":"https:\/\/api.w.org\/{rel}","templated":true}]}}