{"id":1219,"date":"2020-03-25T12:51:58","date_gmt":"2020-03-25T10:51:58","guid":{"rendered":"http:\/\/hookahshop.lt\/?post_type=product&#038;p=1219"},"modified":"2026-04-07T23:29:22","modified_gmt":"2026-04-07T20:29:22","slug":"lentele-tabako-pjaustymui-lithuaniahookah","status":"publish","type":"product","link":"https:\/\/hookahshop.lt\/lv\/produkt\/galda-tabaka-griesanai-lietuvas-udenspipe\/","title":{"rendered":"Tabula tabakas grie\u0161anai LITHUANIAHOOKAH"},"content":{"rendered":"<h2>Tabula tabakas grie\u0161anai LITHUANIAHOOKAH<\/h2>\n<p>Maz\u0101 galdi\u0146a cena EUR 15.00<br \/>\nLiel\u0101 galda cena EUR 25,00<\/p>\n<p>Izm\u0113ri:<br \/>\nMazs galds 25\u00d712,5<br \/>\nLiels galds 29\u00d720<\/p>\n<p>Vai jums ir k\u0101di jaut\u0101jumi? Sazinies ar mums\u00a0<a href=\"https:\/\/hookahshop.lt\/lv\/kontaktiem\/\">kontaktu lapa<\/a>\u00a0vai rakstiet mums pa e-pastu\u00a0<a href=\"https:\/\/facebook.com\/HookahShop.lt\/\" target=\"_blank\" rel=\"noopener noreferrer\">Facebook konts<\/a>\u00a0un m\u0113s atbild\u0113sim uz j\u016bsu piepras\u012bjumu taj\u0101 pa\u0161\u0101 dien\u0101.<\/p>","protected":false},"excerpt":{"rendered":"<p>Dab\u012bg\u0101 koka tabakas grie\u0161anas galds<\/p>","protected":false},"featured_media":9578,"comment_status":"open","ping_status":"closed","template":"","meta":[],"_links":{"self":[{"href":"https:\/\/hookahshop.lt\/lv\/wp-json\/wp\/v2\/product\/1219"}],"collection":[{"href":"https:\/\/hookahshop.lt\/lv\/wp-json\/wp\/v2\/product"}],"about":[{"href":"https:\/\/hookahshop.lt\/lv\/wp-json\/wp\/v2\/types\/product"}],"replies":[{"embeddable":true,"href":"https:\/\/hookahshop.lt\/lv\/wp-json\/wp\/v2\/comments?post=1219"}],"version-history":[{"count":4,"href":"https:\/\/hookahshop.lt\/lv\/wp-json\/wp\/v2\/product\/1219\/revisions"}],"predecessor-version":[{"id":32454,"href":"https:\/\/hookahshop.lt\/lv\/wp-json\/wp\/v2\/product\/1219\/revisions\/32454"}],"wp:featuredmedia":[{"embeddable":true,"href":"https:\/\/hookahshop.lt\/lv\/wp-json\/wp\/v2\/media\/9578"}],"wp:attachment":[{"href":"https:\/\/hookahshop.lt\/lv\/wp-json\/wp\/v2\/media?parent=1219"}],"curies":[{"name":"wp","href":"https:\/\/api.w.org\/{rel}","templated":true}]}}