{"id":12205,"date":"2020-09-17T21:26:55","date_gmt":"2020-09-17T18:26:55","guid":{"rendered":"https:\/\/hookahshop.lt\/?post_type=product&#038;p=12205"},"modified":"2026-04-19T23:29:11","modified_gmt":"2026-04-19T20:29:11","slug":"kolba-kaljanui-bigmaks-rainbow-crystal","status":"publish","type":"product","link":"https:\/\/hookahshop.lt\/lv\/produkt\/kolba-for-udenspipe-bigmaks-varaviksnes-kristals\/","title":{"rendered":"Kolba \u016bdensp\u012bpei BIGMAKS Rainbow Crystal"},"content":{"rendered":"<h2>Kolba \u016bdensp\u012bpei BIGMAKS Rainbow Crystal<\/h2>\n<p>izgatavots no \u012bsta krist\u0101la un griezts ar rok\u0101m. \u0160ai kolbai ir izcils dizains, kvalit\u0101te un t\u0101 ir \u0101rk\u0101rt\u012bgi caursp\u012bd\u012bga.<\/p>\n<p><strong><span title=\"\">Specifik\u0101cijas:<\/span><\/strong><br \/>\nKolbas svars: ~ 2,5 kg.<\/p>\n<p>Vai jums ir k\u0101di jaut\u0101jumi? Sazinies ar mums <a href=\"https:\/\/hookahshop.lt\/lv\/kontaktiem\/\">kontaktu lapa<\/a> vai rakstiet mums pa e-pastu <a href=\"https:\/\/facebook.com\/HookahShop.lt\/\" target=\"_blank\" rel=\"noopener noreferrer\">Facebook konts<\/a> un m\u0113s atbild\u0113sim uz j\u016bsu piepras\u012bjumu taj\u0101 pa\u0161\u0101 dien\u0101.<\/p>","protected":false},"excerpt":{"rendered":"<p>Kolba kaljanui BIGMAKS Rainbow Crystal pagaminta i\u0161 tikro kri\u0161tolo ir supjaustoma rankomis. \u0160i kolba i\u0161skirtin\u0117 savo dizainu, kokybe ir yra itin skaidri. Specifikacijos: Kolbos svoris: ~ 2,5 kg. Turite klausim\u0173? Susisiekite su mumis kontakt\u0173 puslapyje arba para\u0161ykite mums \u012f Facebook paskyr\u0105 ir atsakysime \u012f j\u016bs\u0173 u\u017eklaus\u0105 dar t\u0105 pa\u010di\u0105 dien\u0105.<\/p>","protected":false},"featured_media":12211,"comment_status":"open","ping_status":"closed","template":"","meta":[],"_links":{"self":[{"href":"https:\/\/hookahshop.lt\/lv\/wp-json\/wp\/v2\/product\/12205"}],"collection":[{"href":"https:\/\/hookahshop.lt\/lv\/wp-json\/wp\/v2\/product"}],"about":[{"href":"https:\/\/hookahshop.lt\/lv\/wp-json\/wp\/v2\/types\/product"}],"replies":[{"embeddable":true,"href":"https:\/\/hookahshop.lt\/lv\/wp-json\/wp\/v2\/comments?post=12205"}],"version-history":[{"count":5,"href":"https:\/\/hookahshop.lt\/lv\/wp-json\/wp\/v2\/product\/12205\/revisions"}],"predecessor-version":[{"id":45010,"href":"https:\/\/hookahshop.lt\/lv\/wp-json\/wp\/v2\/product\/12205\/revisions\/45010"}],"wp:featuredmedia":[{"embeddable":true,"href":"https:\/\/hookahshop.lt\/lv\/wp-json\/wp\/v2\/media\/12211"}],"wp:attachment":[{"href":"https:\/\/hookahshop.lt\/lv\/wp-json\/wp\/v2\/media?parent=12205"}],"curies":[{"name":"wp","href":"https:\/\/api.w.org\/{rel}","templated":true}]}}