{"id":12217,"date":"2020-09-17T22:12:49","date_gmt":"2020-09-17T19:12:49","guid":{"rendered":"https:\/\/hookahshop.lt\/?post_type=product&#038;p=12217"},"modified":"2026-04-15T12:28:58","modified_gmt":"2026-04-15T09:28:58","slug":"kaljanas-steamulation-pro-x-black","status":"publish","type":"product","link":"https:\/\/hookahshop.lt\/lv\/produkt\/udenspipe-steamulation-pro-x-black\/","title":{"rendered":"\u016adensp\u012bpe STEAMULATION Pro X Black"},"content":{"rendered":"<h2>\u016adensp\u012bpe STEAMULATION Pro X Black<\/h2>\n<p>\u0160\u012bs \u016bdensp\u012bpes funkciju kombin\u0101cija nodro\u0161ina, ka katrs lietot\u0101js var atrast sav\u0101m vajadz\u012bb\u0101m piem\u0113rot\u0101ko iestat\u012bjumu.<\/p>\n<p>Steamulation Pro X ir \u016bdensp\u012bpe ar visvair\u0101k funkciju un piel\u0101go\u0161anas iesp\u0113j\u0101m pasaul\u0113!<\/p>\n<p>Kast\u012bt\u0113 j\u016bs atrad\u012bsiet:<\/p>\n<p>1x Steamulation Pro X<br \/>\n1x V2A \u0161\u013c\u016btenes adapteris (18.8)<br \/>\nUnik\u0101ls s\u0113rijas numurs<\/p>\n<p>Tehniskie dati:<\/p>\n<p>Izm\u0113rs: 52 cm<br \/>\nSvars: 4,8 kg<br \/>\nV\u0101zes diametrs: 24 cm<br \/>\nNo\u0146emams difuzors<br \/>\nIeteicamais uzpildes l\u012bmenis: aptuveni 1,6-1,7 litri<\/p>\n<p>Papildus pieejams:<\/p>\n<p>iemuti<br \/>\nSilikona \u0161\u013c\u016btene<br \/>\n\u0160\u013c\u016btenes adapteris 1 \u0161\u013c\u016btenei<\/p>\n<p>Materi\u0101ls: ner\u016bs\u0113jo\u0161ais t\u0113rauds<\/p>\n<p>Vai jums ir k\u0101di jaut\u0101jumi? Sazinies ar mums <a href=\"https:\/\/hookahshop.lt\/lv\/kontaktiem\/\">kontaktu lapa<\/a> vai rakstiet mums pa e-pastu <a href=\"https:\/\/facebook.com\/HookahShop.lt\/\" target=\"_blank\" rel=\"noopener noreferrer\">Facebook konts<\/a> un m\u0113s atbild\u0113sim uz j\u016bsu piepras\u012bjumu taj\u0101 pa\u0161\u0101 dien\u0101.<\/p>","protected":false},"excerpt":{"rendered":"<p>\u016adensp\u012bpe STEAMULATION Pro X Black \u0160\u012bs \u016bdensp\u012bpes funkciju kombin\u0101cija nodro\u0161ina, ka ikviens lietot\u0101js var atrast sav\u0101m vajadz\u012bb\u0101m piem\u0113rot\u0101ko iestat\u012bjumu. \u201cSteamulation Pro X\u201d ir \u016bdensp\u012bpe ar visvair\u0101k funkcij\u0101m un piel\u0101go\u0161anas iesp\u0113j\u0101m pasaul\u0113! Kast\u012bt\u0113 atrad\u012bsiet: 1x \u201cSteamulation Pro X\u201d 1x V2A \u0161\u013c\u016btenes adapteri (18,8) Unik\u0101ls s\u0113rijas numurs Tehniskie dati: Izm\u0113rs: 52 cm Svars: 4,8 [\u2026]<\/p>","protected":false},"featured_media":12218,"comment_status":"open","ping_status":"closed","template":"","meta":[],"_links":{"self":[{"href":"https:\/\/hookahshop.lt\/lv\/wp-json\/wp\/v2\/product\/12217"}],"collection":[{"href":"https:\/\/hookahshop.lt\/lv\/wp-json\/wp\/v2\/product"}],"about":[{"href":"https:\/\/hookahshop.lt\/lv\/wp-json\/wp\/v2\/types\/product"}],"replies":[{"embeddable":true,"href":"https:\/\/hookahshop.lt\/lv\/wp-json\/wp\/v2\/comments?post=12217"}],"version-history":[{"count":3,"href":"https:\/\/hookahshop.lt\/lv\/wp-json\/wp\/v2\/product\/12217\/revisions"}],"predecessor-version":[{"id":22706,"href":"https:\/\/hookahshop.lt\/lv\/wp-json\/wp\/v2\/product\/12217\/revisions\/22706"}],"wp:featuredmedia":[{"embeddable":true,"href":"https:\/\/hookahshop.lt\/lv\/wp-json\/wp\/v2\/media\/12218"}],"wp:attachment":[{"href":"https:\/\/hookahshop.lt\/lv\/wp-json\/wp\/v2\/media?parent=12217"}],"curies":[{"name":"wp","href":"https:\/\/api.w.org\/{rel}","templated":true}]}}