{"id":1222,"date":"2020-03-25T12:55:18","date_gmt":"2020-03-25T10:55:18","guid":{"rendered":"http:\/\/hookahshop.lt\/?post_type=product&#038;p=1222"},"modified":"2026-04-21T11:08:54","modified_gmt":"2026-04-21T08:08:54","slug":"kaitlente-kaljano-anglims","status":"publish","type":"product","link":"https:\/\/hookahshop.lt\/lv\/produkt\/plits-udenspipe-kokogles\/","title":{"rendered":"Pl\u012bts \u016bdensp\u012bpe ogl\u0113m"},"content":{"rendered":"<h2>Pl\u012bts \u016bdensp\u012bpe ogl\u0113m<\/h2>\n<div class=\"product_inf_options_group\"><strong>Pl\u012bts tips:<\/strong><\/div>\n<div class=\"product_inf_options_box_even_row\">\n<div class=\"product_inf_options_box_even_row_val\">Elektrostacija<\/div>\n<\/div>\n<div class=\"product_inf_options_box_odd_row\"><strong>Vietu skaits:<\/strong><\/div>\n<div class=\"product_inf_options_box_odd_row_val\">1<\/div>\n<div class=\"product_inf_options_box_even_row\"><strong>Vad\u012bbas tips:<\/strong><\/div>\n<div class=\"product_inf_options_box_even_row_val\">Meh\u0101nisks<\/div>\n<div class=\"product_inf_options_box_odd_row\"><strong>Jauda (W):<\/strong><\/div>\n<div class=\"product_inf_options_box_odd_row_val\">1000 W<\/div>\n<div class=\"product_inf_options_box_even_row\"><strong>Kr\u0101sa:<\/strong><\/div>\n<div class=\"product_inf_options_box_even_row_val\">Melns<\/div>\n<div class=\"product_inf_options_box_odd_row\"><strong>Izm\u0113ri (P x A x D):<\/strong><\/div>\n<div class=\"product_inf_options_box_odd_row_val\">6,0 x 21,0 x 21,0 cm<\/div>\n<div><\/div>\n<div>Vai jums ir k\u0101di jaut\u0101jumi? Sazinies ar mums\u00a0<a href=\"https:\/\/hookahshop.lt\/lv\/kontaktiem\/\">kontaktu lapa<\/a>\u00a0vai rakstiet mums pa e-pastu\u00a0<a href=\"https:\/\/facebook.com\/HookahShop.lt\/\" target=\"_blank\" rel=\"noopener noreferrer\">Facebook konts<\/a>\u00a0un m\u0113s atbild\u0113sim uz j\u016bsu piepras\u012bjumu taj\u0101 pa\u0161\u0101 dien\u0101.<\/div>","protected":false},"excerpt":{"rendered":"<div class=\"product_inf_options_group\"><strong>Pl\u012bts tips:<\/strong><\/div>\n<div class=\"product_inf_options_box_even_row\">\n<div class=\"product_inf_options_box_even_row_val\">Elektrostacija<\/div>\n<\/div>\n<div class=\"product_inf_options_box_odd_row\"><strong>Vietu skaits:<\/strong><\/div>\n<div class=\"product_inf_options_box_odd_row_val\">1<\/div>\n<div class=\"product_inf_options_box_even_row\"><strong>Vad\u012bbas tips:<\/strong><\/div>\n<div class=\"product_inf_options_box_even_row_val\">Meh\u0101nisks<\/div>\n<div class=\"product_inf_options_box_odd_row\"><strong>Jauda (W):<\/strong><\/div>\n<div class=\"product_inf_options_box_odd_row_val\">1000 W<\/div>\n<div class=\"product_inf_options_box_even_row\"><strong>Kr\u0101sa:<\/strong><\/div>\n<div class=\"product_inf_options_box_even_row_val\">Melns<\/div>\n<div class=\"product_inf_options_box_odd_row\"><strong>Izm\u0113ri (P x A x D):<\/strong><\/div>\n<div class=\"product_inf_options_box_odd_row_val\">6,0 x 21,0 x 21,0 cm<\/div>","protected":false},"featured_media":1223,"comment_status":"open","ping_status":"closed","template":"","meta":[],"_links":{"self":[{"href":"https:\/\/hookahshop.lt\/lv\/wp-json\/wp\/v2\/product\/1222"}],"collection":[{"href":"https:\/\/hookahshop.lt\/lv\/wp-json\/wp\/v2\/product"}],"about":[{"href":"https:\/\/hookahshop.lt\/lv\/wp-json\/wp\/v2\/types\/product"}],"replies":[{"embeddable":true,"href":"https:\/\/hookahshop.lt\/lv\/wp-json\/wp\/v2\/comments?post=1222"}],"version-history":[{"count":7,"href":"https:\/\/hookahshop.lt\/lv\/wp-json\/wp\/v2\/product\/1222\/revisions"}],"predecessor-version":[{"id":34788,"href":"https:\/\/hookahshop.lt\/lv\/wp-json\/wp\/v2\/product\/1222\/revisions\/34788"}],"wp:featuredmedia":[{"embeddable":true,"href":"https:\/\/hookahshop.lt\/lv\/wp-json\/wp\/v2\/media\/1223"}],"wp:attachment":[{"href":"https:\/\/hookahshop.lt\/lv\/wp-json\/wp\/v2\/media?parent=1222"}],"curies":[{"name":"wp","href":"https:\/\/api.w.org\/{rel}","templated":true}]}}