{"id":12288,"date":"2020-09-20T20:03:14","date_gmt":"2020-09-20T17:03:14","guid":{"rendered":"https:\/\/hookahshop.lt\/?post_type=product&#038;p=12288"},"modified":"2026-05-14T23:28:45","modified_gmt":"2026-05-14T20:28:45","slug":"kaljanas-alpha-hookah-beat","status":"publish","type":"product","link":"https:\/\/hookahshop.lt\/lv\/produkt\/udenspipe-alfa-udenspipe-bits\/","title":{"rendered":"\u016adensp\u012bpe ALPHA HOOKAH Beat"},"content":{"rendered":"<h2>\u016adensp\u012bpe ALPHA \u016adensp\u012bpe Beat<\/h2>\n<p>Jauns un ekskluz\u012bvs Alpha Hookah komp\u0101nijas modelis. \u016adensp\u012bpe Alpha Hookah BEAT ir \u016bdensp\u012bpe, kas izcels tavu stilu un dz\u012bves ritmu.<\/p>\n<p><strong>Apr\u012bkojums:<\/strong><\/p>\n<p>V\u0101rpsta<br \/>\nMutes iemutnis<br \/>\nPlate<br \/>\nSoft Touch silikona \u0161\u013c\u016btene<br \/>\nIzklied\u0113t\u0101js<br \/>\nKolba (caursp\u012bd\u012bga vai ton\u0113ta)<br \/>\nMagn\u0113tiskais savienojums<\/p>\n<p><img decoding=\"async\" loading=\"lazy\" class=\"alignnone size-medium wp-image-38520\" src=\"https:\/\/hookahshop.lt\/wp-content\/uploads\/2020\/09\/stiebas-kolba-zarna-kandiklis-1-300x273.jpg\" alt=\"- hookahshop.lt\" width=\"300\" height=\"273\" srcset=\"https:\/\/hookahshop.lt\/wp-content\/uploads\/2020\/09\/stiebas-kolba-zarna-kandiklis-1-300x273.jpg 300w, https:\/\/hookahshop.lt\/wp-content\/uploads\/2020\/09\/stiebas-kolba-zarna-kandiklis-1-13x12.jpg 13w, https:\/\/hookahshop.lt\/wp-content\/uploads\/2020\/09\/stiebas-kolba-zarna-kandiklis-1-64x58.jpg 64w, https:\/\/hookahshop.lt\/wp-content\/uploads\/2020\/09\/stiebas-kolba-zarna-kandiklis-1.jpg 420w\" sizes=\"(max-width: 300px) 100vw, 300px\" title=\"\"><\/p>\n<p>Izmantotie materi\u0101li:<br \/>\nAugstas kvalit\u0101tes ner\u016bs\u0113jo\u0161ais t\u0113rauds, v\u0101cu poliacet\u0101ls.<\/p>\n<p>Izm\u0113ri:<\/p>\n<p>V\u0101rpstas iek\u0161\u0113jais diametrs ir 11 mm.<br \/>\nPl\u0101ksnes diametrs ir 17 cm.<br \/>\n\u016adensp\u012bpes augstums ar kolbu ir 35 cm.<\/p>\n<p><strong>Kolbas kr\u0101sas izv\u0113le: caursp\u012bd\u012bga vai melna caursp\u012bd\u012bga.\u00a0<\/strong><\/p>\n<p>Vai jums ir k\u0101di jaut\u0101jumi? Sazinies ar mums\u00a0<a href=\"https:\/\/hookahshop.lt\/lv\/kontaktiem\/\">kontaktu lapa<\/a>\u00a0vai rakstiet mums pa e-pastu\u00a0<a href=\"https:\/\/facebook.com\/HookahShop.lt\/\" target=\"_blank\" rel=\"noopener noreferrer\">Facebook konts<\/a>\u00a0un m\u0113s atbild\u0113sim uz j\u016bsu piepras\u012bjumu taj\u0101 pa\u0161\u0101 dien\u0101.<\/p>","protected":false},"excerpt":{"rendered":"<p>Kaljanas ALPHA Hookah Beat Naujas ir i\u0161skirtinis \u201eAlpha Hookah\u201c kompanijos modelis. Kaljanas Alpha Hookah BEAT tai kaljanas kuris i\u0161ry\u0161kins j\u016bs\u0173 stili\u0173 ir gyvenimo ritm\u0105. Komplektacija: \u0160achta Kandiklis L\u0117k\u0161t\u0117 Silikonin\u0117 \u017earna \u201eSoft Touch\u201c Difuzorius Kolba (skaidri arba tonuota) Magnetin\u0117 jungtis Naudotos med\u017eiagos: Auk\u0161tos kokyb\u0117s ner\u016bdijantis plienas, voki\u0161kas poliacetalis. Matmenys: Vidinis \u0161achtos skersmuo yra 11 mm. L\u0117k\u0161t\u0117s [&hellip;]<\/p>","protected":false},"featured_media":33149,"comment_status":"open","ping_status":"closed","template":"","meta":[],"_links":{"self":[{"href":"https:\/\/hookahshop.lt\/lv\/wp-json\/wp\/v2\/product\/12288"}],"collection":[{"href":"https:\/\/hookahshop.lt\/lv\/wp-json\/wp\/v2\/product"}],"about":[{"href":"https:\/\/hookahshop.lt\/lv\/wp-json\/wp\/v2\/types\/product"}],"replies":[{"embeddable":true,"href":"https:\/\/hookahshop.lt\/lv\/wp-json\/wp\/v2\/comments?post=12288"}],"version-history":[{"count":10,"href":"https:\/\/hookahshop.lt\/lv\/wp-json\/wp\/v2\/product\/12288\/revisions"}],"predecessor-version":[{"id":45680,"href":"https:\/\/hookahshop.lt\/lv\/wp-json\/wp\/v2\/product\/12288\/revisions\/45680"}],"wp:featuredmedia":[{"embeddable":true,"href":"https:\/\/hookahshop.lt\/lv\/wp-json\/wp\/v2\/media\/33149"}],"wp:attachment":[{"href":"https:\/\/hookahshop.lt\/lv\/wp-json\/wp\/v2\/media?parent=12288"}],"curies":[{"name":"wp","href":"https:\/\/api.w.org\/{rel}","templated":true}]}}