{"id":12388,"date":"2020-10-03T19:37:39","date_gmt":"2020-10-03T16:37:39","guid":{"rendered":"https:\/\/hookahshop.lt\/?post_type=product&#038;p=12388"},"modified":"2026-05-13T13:51:23","modified_gmt":"2026-05-13T10:51:23","slug":"kaljanas-bigmaks-zero","status":"publish","type":"product","link":"https:\/\/hookahshop.lt\/lv\/produkt\/udenspipe-bigmax-nulle\/","title":{"rendered":"\u016adensp\u012bpe BIGMAKS Nulle"},"content":{"rendered":"<h2>\u016adensp\u012bpe BIGMAKS Nulle<\/h2>\n<p>Izgatavots no Eirop\u0101 ra\u017eota ner\u016bs\u0113jo\u0161\u0101 t\u0113rauda AISI 304 ar \u013coti prec\u012bzu v\u0101rpstas un deta\u013cu apstr\u0101di. Sav\u0101k\u0161ana p\u0113c v\u0101rpstas ievieto\u0161anas kolb\u0101.<br \/>\n\u016adensp\u012bpei ir vid\u0113ji klasiska vilkme. Izp\u016b\u0161anas sist\u0113ma sast\u0101v no pieciem v\u0101rstiem, kas \u013cauj vienlaikus izp\u016bst kolbu un atdzes\u0113t kr\u016bzi. O-gredzena savienojums.<br \/>\nV\u0101rpstas dizains ir vi\u013c\u0146ots aug\u0161\u0101 un apak\u0161\u0101 un plakans vid\u016b.<\/p>\n<p><strong>Raksturojums:<\/strong><br \/>\n\u016adensp\u012bpes svars: ~ 980 gr<br \/>\n\u016adensp\u012bpes augstums: 510 mm<br \/>\nV\u0101rpstas iek\u0161\u0113j\u0101 da\u013ca: ner\u016bs\u0113jo\u0161ais t\u0113rauds, D14 mm<br \/>\nV\u0101rpstas \u0101r\u0113j\u0101 da\u013ca: ner\u016bs\u0113jo\u0161ais t\u0113rauds<br \/>\nIegremd\u0113t\u0101 v\u0101rpstas da\u013ca: ner\u016bs\u0113jo\u0161ais t\u0113rauds, D13 mm<br \/>\nPamatmateri\u0101ls: poliacet\u0101ls<br \/>\n\u0160\u013c\u016btenes savienojums: O veida gredzens<br \/>\nSavienojuma materi\u0101ls: ner\u016bs\u0113jo\u0161ais t\u0113rauds<br \/>\nV\u0101rsta savienojums: iek\u0161\u0113jais<br \/>\nDifuzors: neno\u0146emams, uz v\u0101rpstas<br \/>\nIemutnis: ner\u016bs\u0113jo\u0161ais t\u0113rauds<br \/>\nIemutes garums: 299 mm, D10 mm<br \/>\n\u0160\u013c\u016btene: silikona m\u012bksts piesk\u0101riens<br \/>\n\u0160\u013c\u016btenes garums: 1500 mm<\/p>\n<p><strong>Apr\u012bkojums:<\/strong><br \/>\nKaste; v\u0101rpsta (v\u0101rpsta); pl\u0101ksne ar firmas grav\u0113jumu; iemutnis; \u0161\u013c\u016btenes savienot\u0101js; SOFT TOUCH \u0161\u013c\u016btene; plastmasas bumbi\u0146as (5 gab.);<\/p>\n<p>Vai jums ir k\u0101di jaut\u0101jumi? Sazinies ar mums <a href=\"https:\/\/hookahshop.lt\/lv\/kontaktiem\/\">kontaktu lapa<\/a> vai rakstiet mums pa e-pastu <a href=\"https:\/\/facebook.com\/HookahShop.lt\/\" target=\"_blank\" rel=\"noopener noreferrer\">Facebook konts<\/a> un m\u0113s atbild\u0113sim uz j\u016bsu piepras\u012bjumu taj\u0101 pa\u0161\u0101 dien\u0101.<\/p>","protected":false},"excerpt":{"rendered":"<p>\u016adensp\u012bpe BIGMAKS Zero Izgatavota no Eirop\u0101 ra\u017eota ner\u016bs\u0113jo\u0161\u0101 t\u0113rauda AISI 304 ar \u013coti prec\u012bzu k\u0101ta un deta\u013cu apstr\u0101di. Mont\u0101\u017ea, ievietojot k\u0101tu bla\u0161\u0137\u0113. \u016adensp\u012bpei ir vid\u0113ja klasiska vilkme. Izp\u016b\u0161anas sist\u0113ma sast\u0101v no pieciem v\u0101rstiem, kas \u013cauj vienlaikus izp\u016bst bla\u0161\u0137i un atdzes\u0113t kr\u016bz\u012bti. O veida gredzena savienojums. K\u0101ta dizains ir vi\u013c\u0146ots - aug\u0161pus\u0113 un apak\u0161\u0101, un vid\u016b [\u2026]<\/p>","protected":false},"featured_media":12389,"comment_status":"open","ping_status":"closed","template":"","meta":[],"_links":{"self":[{"href":"https:\/\/hookahshop.lt\/lv\/wp-json\/wp\/v2\/product\/12388"}],"collection":[{"href":"https:\/\/hookahshop.lt\/lv\/wp-json\/wp\/v2\/product"}],"about":[{"href":"https:\/\/hookahshop.lt\/lv\/wp-json\/wp\/v2\/types\/product"}],"replies":[{"embeddable":true,"href":"https:\/\/hookahshop.lt\/lv\/wp-json\/wp\/v2\/comments?post=12388"}],"version-history":[{"count":5,"href":"https:\/\/hookahshop.lt\/lv\/wp-json\/wp\/v2\/product\/12388\/revisions"}],"predecessor-version":[{"id":42421,"href":"https:\/\/hookahshop.lt\/lv\/wp-json\/wp\/v2\/product\/12388\/revisions\/42421"}],"wp:featuredmedia":[{"embeddable":true,"href":"https:\/\/hookahshop.lt\/lv\/wp-json\/wp\/v2\/media\/12389"}],"wp:attachment":[{"href":"https:\/\/hookahshop.lt\/lv\/wp-json\/wp\/v2\/media?parent=12388"}],"curies":[{"name":"wp","href":"https:\/\/api.w.org\/{rel}","templated":true}]}}