{"id":12423,"date":"2020-10-04T12:59:03","date_gmt":"2020-10-04T09:59:03","guid":{"rendered":"https:\/\/hookahshop.lt\/?post_type=product&#038;p=12423"},"modified":"2026-05-13T13:51:38","modified_gmt":"2026-05-13T10:51:38","slug":"kaljanas-shadows-huracan","status":"publish","type":"product","link":"https:\/\/hookahshop.lt\/lv\/produkt\/kaljanas-enas-huracan\/","title":{"rendered":"\u016adensp\u012bpe \u0112NAS Huracan"},"content":{"rendered":"<h2 class=\"product_title entry-title elementor-heading-title elementor-size-default\">\u016adensp\u012bpe \u0112NAS Huracan<\/h2>\n<p>Minim\u0101lisma dizaina \u016bdensp\u012bpe Shadows Huracan ir laba cenas \/ veiktsp\u0113jas attiec\u012bba!<\/p>\n<p><strong>Apr\u012bkojums:<\/strong><br \/>\nKaste; v\u0101rpsta; pl\u0101ksne ar z\u012bmola grav\u0113jumu; iemuti; \u0161\u013c\u016btenes savienojums; zarnas; plastmasas bumbi\u0146as.<\/p>\n<p>Vai jums ir k\u0101di jaut\u0101jumi? Sazinies ar mums <a href=\"https:\/\/hookahshop.lt\/lv\/kontaktiem\/\">kontaktu lapa<\/a> vai rakstiet mums pa e-pastu <a href=\"https:\/\/facebook.com\/HookahShop.lt\/\" target=\"_blank\" rel=\"noopener noreferrer\">Facebook konts<\/a> un m\u0113s atbild\u0113sim uz j\u016bsu piepras\u012bjumu taj\u0101 pa\u0161\u0101 dien\u0101.<\/p>","protected":false},"excerpt":{"rendered":"<p>Hookah SHADOWS Huracan Minim\u0101lisma dizaina \u016bdensp\u012bpe Shadows Huracan laba cenas un kvalit\u0101tes attiec\u012bba! Pilns komplekts: Kaste; v\u0101rpsta; pl\u0101ksne ar firmas grav\u0113jumu; iemutnis; \u0161\u013c\u016btenes savienot\u0101js; zarnas; plastmasas bumbi\u0146as. Vai jums ir k\u0101di jaut\u0101jumi? Sazinieties ar mums kontaktu lap\u0101 vai rakstiet mums uz m\u016bsu Facebook kontu un m\u0113s atbild\u0113sim uz j\u016bsu piepras\u012bjumu taj\u0101 pa\u0161\u0101 dien\u0101.<\/p>","protected":false},"featured_media":12425,"comment_status":"open","ping_status":"closed","template":"","meta":[],"_links":{"self":[{"href":"https:\/\/hookahshop.lt\/lv\/wp-json\/wp\/v2\/product\/12423"}],"collection":[{"href":"https:\/\/hookahshop.lt\/lv\/wp-json\/wp\/v2\/product"}],"about":[{"href":"https:\/\/hookahshop.lt\/lv\/wp-json\/wp\/v2\/types\/product"}],"replies":[{"embeddable":true,"href":"https:\/\/hookahshop.lt\/lv\/wp-json\/wp\/v2\/comments?post=12423"}],"version-history":[{"count":4,"href":"https:\/\/hookahshop.lt\/lv\/wp-json\/wp\/v2\/product\/12423\/revisions"}],"predecessor-version":[{"id":29516,"href":"https:\/\/hookahshop.lt\/lv\/wp-json\/wp\/v2\/product\/12423\/revisions\/29516"}],"wp:featuredmedia":[{"embeddable":true,"href":"https:\/\/hookahshop.lt\/lv\/wp-json\/wp\/v2\/media\/12425"}],"wp:attachment":[{"href":"https:\/\/hookahshop.lt\/lv\/wp-json\/wp\/v2\/media?parent=12423"}],"curies":[{"name":"wp","href":"https:\/\/api.w.org\/{rel}","templated":true}]}}