{"id":12534,"date":"2020-10-07T13:25:35","date_gmt":"2020-10-07T10:25:35","guid":{"rendered":"https:\/\/hookahshop.lt\/?post_type=product&#038;p=12534"},"modified":"2026-05-13T13:51:42","modified_gmt":"2026-05-13T10:51:42","slug":"kaljano-komplektas-bigmaks-zero","status":"publish","type":"product","link":"https:\/\/hookahshop.lt\/lv\/produkt\/udenspipe-set-bigmaks-nulle\/","title":{"rendered":"\u016adensp\u012bpes komplekts BIGMAKS Zero"},"content":{"rendered":"<h2>\u016adensp\u012bpes komplekts BIGMAKS Zero<\/h2>\n<p>\u016adensp\u012bpe ir izgatavota no Eirop\u0101 ra\u017eota ner\u016bs\u0113jo\u0161\u0101 t\u0113rauda AISI 304 Mont\u0101\u017ea tiek veikta ar v\u012bt\u0146otiem savienojumiem. \u016adensp\u012bpei ir vid\u0113ji klasisks raksturs. P\u016b\u0161anas sist\u0113ma sast\u0101v no pieciem v\u0101rstiem, kas \u013cauj nekav\u0113joties atbr\u012bvot kolbu no d\u016bmiem, k\u0101 ar\u012b atdzes\u0113t kr\u016bzi. O gredzena savienot\u0101js, ori\u0123in\u0101ls dizains.<\/p>\n<p>\u016adensp\u012bpes augstums: 510 mm<\/p>\n<p>Apr\u012bkojums:<br \/>\nV\u0101rpsta -1 gab.<br \/>\n\u016adensp\u012bpes pl\u0101ksne - 1 gab.<br \/>\nIemutnis - 1 gab.<br \/>\nSilikona \u0161\u013c\u016btene - 1 gab.<br \/>\nBl\u012bves - 2 gab.<br \/>\nKolba - 1 gab.<br \/>\nKnaibles - 1 gab.<br \/>\nSiltuma kamera - 1 gab.<br \/>\nKauss - 1gab.<br \/>\nOgles 1kg - 1gab.<br \/>\nPl\u012bts - 1gab.<\/p>\n<p>Vai jums ir k\u0101di jaut\u0101jumi? Sazinies ar mums <a href=\"https:\/\/hookahshop.lt\/lv\/kontaktiem\/\">kontaktu lapa<\/a> vai rakstiet mums pa e-pastu <a href=\"https:\/\/facebook.com\/HookahShop.lt\/\" target=\"_blank\" rel=\"noopener noreferrer\">Facebook konts<\/a> un m\u0113s atbild\u0113sim uz j\u016bsu piepras\u012bjumu taj\u0101 pa\u0161\u0101 dien\u0101.<\/p>","protected":false},"excerpt":{"rendered":"<p>\u016adensp\u012bpes komplekts BIGMAKS Zero Hookah ir izgatavots no Eirop\u0101 ra\u017eota AISI 304 ner\u016bs\u0113jo\u0161\u0101 t\u0113rauda Mont\u0101\u017ea tiek veikta ar v\u012bt\u0146otiem savienojumiem. \u016adensp\u012bpei ir vid\u0113ji klasisks raksturs. P\u016b\u0161anas sist\u0113ma sast\u0101v no pieciem v\u0101rstiem, kas \u013cauj nekav\u0113joties atbr\u012bvot kolbu no d\u016bmiem, k\u0101 ar\u012b atdzes\u0113t kr\u016bzi. O gredzena savienot\u0101js, ori\u0123in\u0101ls dizains. \u016adensp\u012bpes augstums: 510 mm Pilns komplekts: K\u0101ts - 1 gab. \u016adensp\u012bpes \u0161\u0137\u012bvis [\u2026]<\/p>","protected":false},"featured_media":28016,"comment_status":"open","ping_status":"closed","template":"","meta":[],"_links":{"self":[{"href":"https:\/\/hookahshop.lt\/lv\/wp-json\/wp\/v2\/product\/12534"}],"collection":[{"href":"https:\/\/hookahshop.lt\/lv\/wp-json\/wp\/v2\/product"}],"about":[{"href":"https:\/\/hookahshop.lt\/lv\/wp-json\/wp\/v2\/types\/product"}],"replies":[{"embeddable":true,"href":"https:\/\/hookahshop.lt\/lv\/wp-json\/wp\/v2\/comments?post=12534"}],"version-history":[{"count":4,"href":"https:\/\/hookahshop.lt\/lv\/wp-json\/wp\/v2\/product\/12534\/revisions"}],"predecessor-version":[{"id":32201,"href":"https:\/\/hookahshop.lt\/lv\/wp-json\/wp\/v2\/product\/12534\/revisions\/32201"}],"wp:featuredmedia":[{"embeddable":true,"href":"https:\/\/hookahshop.lt\/lv\/wp-json\/wp\/v2\/media\/28016"}],"wp:attachment":[{"href":"https:\/\/hookahshop.lt\/lv\/wp-json\/wp\/v2\/media?parent=12534"}],"curies":[{"name":"wp","href":"https:\/\/api.w.org\/{rel}","templated":true}]}}