{"id":12555,"date":"2020-10-08T09:37:51","date_gmt":"2020-10-08T06:37:51","guid":{"rendered":"https:\/\/hookahshop.lt\/?post_type=product&#038;p=12555"},"modified":"2026-04-19T23:29:05","modified_gmt":"2026-04-19T20:29:05","slug":"kaljano-komplektas-alpha-hookah-x-bronze","status":"publish","type":"product","link":"https:\/\/hookahshop.lt\/lv\/produkt\/udenspipe-komplekts-alfa-udenspipe-x-bronza\/","title":{"rendered":"\u0100\u0137u komplekts ALPHA HOOKAH X Bronza"},"content":{"rendered":"<h2>\u0100\u0137u komplekts ALPHA HOOKAH X Bronza<\/h2>\n<p>Alfa \u016bdensp\u012bpe Model X, gada \u0101\u0137is D\u017eona Kaljano balvu pasnieg\u0161an\u0101 2018 un \u016adensp\u012bpes kluba izst\u0101d\u0113 2020<br \/>\nTas ir kompakts, viegli lietojams. Pietiekami viegls \u016bdensp\u012bpe, visi t\u0101 elementi ir izgatavoti no augstas kvalit\u0101tes moderniem materi\u0101liem, nodro\u0161inot izcilu gar\u0161u un iztur\u012bbu pat regul\u0101ri lietojot.<\/p>\n<p>\u016adensp\u012bpes augstums = 420 mm<\/p>\n<p>Apr\u012bkojums:<br \/>\nV\u0101rpsta -1 gab.<br \/>\n\u016adensp\u012bpes pl\u0101ksne - 1 gab.<br \/>\nIemutnis - 1 gab.<br \/>\nSilikona \u0161\u013c\u016btene - 1 gab.<br \/>\nBl\u012bves - 2 gab.<br \/>\nKolba - 1 gab.<br \/>\nKnaibles - 1 gab.<br \/>\nSiltuma kamera - 1 gab.<br \/>\nKauss - 1gab.<br \/>\nOgles 1kg - 1gab.<br \/>\nPl\u012bts - 1gab.<\/p>\n<p>Vai jums ir k\u0101di jaut\u0101jumi? Sazinies ar mums <a href=\"https:\/\/hookahshop.lt\/lv\/kontaktiem\/\">kontaktu lapa<\/a> vai rakstiet mums pa e-pastu <a href=\"https:\/\/facebook.com\/HookahShop.lt\/\" target=\"_blank\" rel=\"noopener noreferrer\">Facebook konts<\/a> un m\u0113s atbild\u0113sim uz j\u016bsu piepras\u012bjumu taj\u0101 pa\u0161\u0101 dien\u0101.<\/p>","protected":false},"excerpt":{"rendered":"<p>\u016adensp\u012bpes komplekts ALPHA HOOKAH X bronzas &quot;Alpha Hookah Model X&quot;, gada \u016bdensp\u012bpe saska\u0146\u0101 ar &quot;John Calliano Awards 2018&quot; un &quot;Hookah Club Show 2020&quot;. Tas ir kompakts un viegli lietojams. Diezgan viegla \u016bdensp\u012bpe, visi t\u0101s elementi ir izgatavoti no kvalitat\u012bviem m\u016bsdien\u012bgiem materi\u0101liem, kas nodro\u0161ina izcilu gar\u0161u un iztur\u012bbu pat regul\u0101ri lietojot. \u016adensp\u012bpes augstums = 420 mm Pilns komplekts: v\u0101rpsta [\u2026]<\/p>","protected":false},"featured_media":28014,"comment_status":"open","ping_status":"closed","template":"","meta":[],"_links":{"self":[{"href":"https:\/\/hookahshop.lt\/lv\/wp-json\/wp\/v2\/product\/12555"}],"collection":[{"href":"https:\/\/hookahshop.lt\/lv\/wp-json\/wp\/v2\/product"}],"about":[{"href":"https:\/\/hookahshop.lt\/lv\/wp-json\/wp\/v2\/types\/product"}],"replies":[{"embeddable":true,"href":"https:\/\/hookahshop.lt\/lv\/wp-json\/wp\/v2\/comments?post=12555"}],"version-history":[{"count":6,"href":"https:\/\/hookahshop.lt\/lv\/wp-json\/wp\/v2\/product\/12555\/revisions"}],"predecessor-version":[{"id":34566,"href":"https:\/\/hookahshop.lt\/lv\/wp-json\/wp\/v2\/product\/12555\/revisions\/34566"}],"wp:featuredmedia":[{"embeddable":true,"href":"https:\/\/hookahshop.lt\/lv\/wp-json\/wp\/v2\/media\/28014"}],"wp:attachment":[{"href":"https:\/\/hookahshop.lt\/lv\/wp-json\/wp\/v2\/media?parent=12555"}],"curies":[{"name":"wp","href":"https:\/\/api.w.org\/{rel}","templated":true}]}}