{"id":12603,"date":"2020-10-19T15:51:29","date_gmt":"2020-10-19T12:51:29","guid":{"rendered":"https:\/\/hookahshop.lt\/?post_type=product&#038;p=12603"},"modified":"2026-04-20T13:08:58","modified_gmt":"2026-04-20T10:08:58","slug":"individualus-kaljano-kandiklis-mun-daily-smoke-with-style","status":"publish","type":"product","link":"https:\/\/hookahshop.lt\/lv\/produkt\/individuals-udenspipes-iemutnis-mun-dienu-smoke-ar-style\/","title":{"rendered":"Piel\u0101gots \u016bdensp\u012bpes iemutnis MUN Daily Smoke With Style"},"content":{"rendered":"<h2>Individu\u0101ls \u016bdensp\u012bpes iemutnis MUN Daily Smoke With Style (plastmasa)<\/h2>\n<p>tas ir lieliska dizaina person\u012bgais iemutnis, kas izgatavots no plastmasas.<\/p>\n<p>Vai jums ir k\u0101di jaut\u0101jumi? Sazinies ar mums <a href=\"https:\/\/hookahshop.lt\/lv\/kontaktiem\/\">kontaktu lapa<\/a> vai rakstiet mums pa e-pastu <a href=\"https:\/\/facebook.com\/HookahShop.lt\/\" target=\"_blank\" rel=\"noopener noreferrer\">Facebook konts<\/a> un m\u0113s atbild\u0113sim uz j\u016bsu piepras\u012bjumu taj\u0101 pa\u0161\u0101 dien\u0101.<\/p>","protected":false},"excerpt":{"rendered":"<p>Personaliz\u0113tais \u016bdensp\u012bpes iemutnis MUN Daily Smoke With Style (plastmasa) ir skaista dizaina personiskais iemuts, kas izgatavots no plastmasas. Vai jums ir k\u0101di jaut\u0101jumi? Sazinieties ar mums kontaktu lap\u0101 vai rakstiet mums uz m\u016bsu Facebook kontu un m\u0113s atbild\u0113sim uz j\u016bsu piepras\u012bjumu taj\u0101 pa\u0161\u0101 dien\u0101.<\/p>","protected":false},"featured_media":12609,"comment_status":"open","ping_status":"closed","template":"","meta":[],"_links":{"self":[{"href":"https:\/\/hookahshop.lt\/lv\/wp-json\/wp\/v2\/product\/12603"}],"collection":[{"href":"https:\/\/hookahshop.lt\/lv\/wp-json\/wp\/v2\/product"}],"about":[{"href":"https:\/\/hookahshop.lt\/lv\/wp-json\/wp\/v2\/types\/product"}],"replies":[{"embeddable":true,"href":"https:\/\/hookahshop.lt\/lv\/wp-json\/wp\/v2\/comments?post=12603"}],"version-history":[{"count":2,"href":"https:\/\/hookahshop.lt\/lv\/wp-json\/wp\/v2\/product\/12603\/revisions"}],"predecessor-version":[{"id":25897,"href":"https:\/\/hookahshop.lt\/lv\/wp-json\/wp\/v2\/product\/12603\/revisions\/25897"}],"wp:featuredmedia":[{"embeddable":true,"href":"https:\/\/hookahshop.lt\/lv\/wp-json\/wp\/v2\/media\/12609"}],"wp:attachment":[{"href":"https:\/\/hookahshop.lt\/lv\/wp-json\/wp\/v2\/media?parent=12603"}],"curies":[{"name":"wp","href":"https:\/\/api.w.org\/{rel}","templated":true}]}}