{"id":12623,"date":"2020-10-19T22:03:00","date_gmt":"2020-10-19T19:03:00","guid":{"rendered":"https:\/\/hookahshop.lt\/?post_type=product&#038;p=12623"},"modified":"2026-04-18T23:29:00","modified_gmt":"2026-04-18T20:29:00","slug":"sepetys-kaljano-kolbai-arma","status":"publish","type":"product","link":"https:\/\/hookahshop.lt\/lv\/produkt\/sepetys-udenspipe-kolba-arma\/","title":{"rendered":"\u016adensp\u012bpes kolbas ARMA birste"},"content":{"rendered":"<h2>SUKAS PIEPES KOLBUM ARMA<\/h2>\n<p>Birst\u012bte paredz\u0113ta \u016bdensp\u012bpes kolbas t\u012br\u012b\u0161anai, ieteicams lietot kop\u0101 ar t\u012br\u012b\u0161anas l\u012bdzek\u013ciem. Sasniedz un pal\u012bdz not\u012br\u012bt visus net\u012brumus.<br \/>\nLai sm\u0113\u0137\u0113t b\u016btu \u0113rt\u0101k un \u016bdensp\u012bpe kalpotu ilg\u0101k, t\u0101 ir k\u0101rt\u012bgi j\u0101izmazg\u0101.<br \/>\nARMA kolbas birste no\u0146em mazas da\u013ci\u0146as un nogulsnes, kas var palikt kolb\u0101, vienlaikus \u013caujot gaismai sp\u012bd\u0113t cauri.<\/p>\n<p>Raksturojums:<br \/>\nOtas garums: 40 cm<br \/>\nSaru garums: 18 cm<br \/>\nSaru platums: 11 cm<br \/>\nRoktura garums: 12 cm<br \/>\nRokturis: koks<br \/>\nSvars: apm\u0113ram 70 g.<\/p>\n<p>Vai jums ir k\u0101di jaut\u0101jumi? Sazinies ar mums <a href=\"https:\/\/hookahshop.lt\/lv\/kontaktiem\/\">kontaktu lapa<\/a> vai rakstiet mums pa e-pastu <a href=\"https:\/\/facebook.com\/HookahShop.lt\/\" target=\"_blank\" rel=\"noopener noreferrer\">Facebook konts<\/a> un m\u0113s atbild\u0113sim uz j\u016bsu piepras\u012bjumu taj\u0101 pa\u0161\u0101 dien\u0101.<\/p>\n<p>&nbsp;<\/p>","protected":false},"excerpt":{"rendered":"<p>ARMA \u016bdensp\u012bpes spuldzes birste Birste ir paredz\u0113ta \u016bdensp\u012bpes spuldzes t\u012br\u012b\u0161anai, to ieteicams lietot kop\u0101 ar t\u012br\u012b\u0161anas l\u012bdzek\u013ciem. T\u0101 sasniedz un pal\u012bdz not\u012br\u012bt visus net\u012brumus. Lai sm\u0113\u0137\u0113\u0161ana b\u016btu \u0113rt\u0101ka un \u016bdensp\u012bpe kalpotu ilg\u0101k, t\u0101 ir labi j\u0101izmazg\u0101. ARMA spuldzes birste no\u0146em s\u012bkas da\u013ci\u0146as un nogulsnes, kas var palikt spuldz\u0113, vienlaikus \u013caujot tai sp\u012bd\u0113t. Raksturojums: Birstes garums: 40 cm Sari [\u2026]<\/p>","protected":false},"featured_media":12624,"comment_status":"open","ping_status":"closed","template":"","meta":[],"_links":{"self":[{"href":"https:\/\/hookahshop.lt\/lv\/wp-json\/wp\/v2\/product\/12623"}],"collection":[{"href":"https:\/\/hookahshop.lt\/lv\/wp-json\/wp\/v2\/product"}],"about":[{"href":"https:\/\/hookahshop.lt\/lv\/wp-json\/wp\/v2\/types\/product"}],"replies":[{"embeddable":true,"href":"https:\/\/hookahshop.lt\/lv\/wp-json\/wp\/v2\/comments?post=12623"}],"version-history":[{"count":2,"href":"https:\/\/hookahshop.lt\/lv\/wp-json\/wp\/v2\/product\/12623\/revisions"}],"predecessor-version":[{"id":29312,"href":"https:\/\/hookahshop.lt\/lv\/wp-json\/wp\/v2\/product\/12623\/revisions\/29312"}],"wp:featuredmedia":[{"embeddable":true,"href":"https:\/\/hookahshop.lt\/lv\/wp-json\/wp\/v2\/media\/12624"}],"wp:attachment":[{"href":"https:\/\/hookahshop.lt\/lv\/wp-json\/wp\/v2\/media?parent=12623"}],"curies":[{"name":"wp","href":"https:\/\/api.w.org\/{rel}","templated":true}]}}