{"id":12651,"date":"2020-10-19T23:22:48","date_gmt":"2020-10-19T20:22:48","guid":{"rendered":"https:\/\/hookahshop.lt\/?post_type=product&#038;p=12651"},"modified":"2026-04-17T23:29:30","modified_gmt":"2026-04-17T20:29:30","slug":"kolba-kaljanui-hookahtree-c3-black-alabaster","status":"publish","type":"product","link":"https:\/\/hookahshop.lt\/lv\/produkt\/hookah-bottle-hookahtree-c3-black-alabaster\/","title":{"rendered":"Kolba plikpaur\u012bbai HOOKAHTREE C3 Black Alabaster"},"content":{"rendered":"<h2>Kolba plikpaur\u012bbai HOOKAHTREE C3 Black Alabaster<\/h2>\n<p>\u0160\u012b rok\u0101m darin\u0101t\u0101 kolba ir izgatavota no augstas kvalit\u0101tes 5 mm bieza stikla.<\/p>\n<p>Kolba ir bag\u0101t\u012bg\u0101 kr\u0101s\u0101, dekor\u0113ta ar melniem punktiem, un, pateicoties sp\u012bd\u012bgajai virsmai, tai ir v\u0113l \u0161iks un ekskluz\u012bv\u0101ks kr\u0101su izskats. Piem\u0113rots gandr\u012bz vis\u0101m m\u016bsdienu \u016bdensp\u012bp\u0113m. Kolbas mali\u0146a pal\u012bdz\u0113s \u0113rti notur\u0113t \u016bdensp\u012bpi, lai t\u0101 neizsl\u012bd\u0113tu no rok\u0101m. \u0160\u012b kolba ir p\u0101rkl\u0101ta ar augstas kvalit\u0101tes kr\u0101su, kas laika gait\u0101 pal\u012bdz\u0113s saglab\u0101t kolbu k\u0101 jaunu pat p\u0113c daudz\u0101m lieto\u0161anas reiz\u0113m. \u0160ai kolbai ir biezas sienas. Biezas sienas nodro\u0161in\u0101s lielisku ska\u0146as izol\u0101ciju, kas ir pietiekami svar\u012bgi, sm\u0113\u0137\u0113jot bez difuzora.<\/p>\n<p><strong><span title=\"\">Specifik\u0101cijas:<\/span><\/strong><br \/>\nAugstums: 252 mm<br \/>\nSvoris: ~ 1540 g<br \/>\n\u0100r\u0113j\u0101 cauruma diametrs: 69 mm<br \/>\nIek\u0161\u0113j\u0101 cauruma diametrs: 48 mm<br \/>\nProdukta materi\u0101ls: stikls<\/p>\n<p>Vai jums ir k\u0101di jaut\u0101jumi? Sazinies ar mums <a href=\"https:\/\/hookahshop.lt\/lv\/kontaktiem\/\">kontaktu lapa<\/a> vai rakstiet mums pa e-pastu <a href=\"https:\/\/facebook.com\/HookahShop.lt\/\" target=\"_blank\" rel=\"noopener noreferrer\">Facebook konts<\/a> un m\u0113s atbild\u0113sim uz j\u016bsu piepras\u012bjumu taj\u0101 pa\u0161\u0101 dien\u0101.<\/p>","protected":false},"excerpt":{"rendered":"<p>\u016adensp\u012bpes kolba HOOKAHTREE C3 Black Alabaster \u0160\u012b ar rok\u0101m darin\u0101t\u0101 kolba ir izgatavota no augstas kvalit\u0101tes 5 mm bieza stikla. Kolba ir bag\u0101t\u012bg\u0101 kr\u0101s\u0101, dekor\u0113ta ar melniem punktiem, un, pateicoties sp\u012bd\u012bgajai virsmai, tai ir v\u0113l \u0161iks un ekskluz\u012bv\u0101ks kr\u0101su izskats. Piem\u0113rots gandr\u012bz vis\u0101m m\u016bsdienu \u016bdensp\u012bp\u0113m. Kolbas mali\u0146a pal\u012bdz\u0113s \u0113rti notur\u0113t \u016bdensp\u012bpi, lai t\u0101 neizsl\u012bd\u0113tu no rok\u0101m. \u0160\u012b kolba [\u2026]<\/p>","protected":false},"featured_media":12652,"comment_status":"open","ping_status":"closed","template":"","meta":[],"_links":{"self":[{"href":"https:\/\/hookahshop.lt\/lv\/wp-json\/wp\/v2\/product\/12651"}],"collection":[{"href":"https:\/\/hookahshop.lt\/lv\/wp-json\/wp\/v2\/product"}],"about":[{"href":"https:\/\/hookahshop.lt\/lv\/wp-json\/wp\/v2\/types\/product"}],"replies":[{"embeddable":true,"href":"https:\/\/hookahshop.lt\/lv\/wp-json\/wp\/v2\/comments?post=12651"}],"version-history":[{"count":5,"href":"https:\/\/hookahshop.lt\/lv\/wp-json\/wp\/v2\/product\/12651\/revisions"}],"predecessor-version":[{"id":45136,"href":"https:\/\/hookahshop.lt\/lv\/wp-json\/wp\/v2\/product\/12651\/revisions\/45136"}],"wp:featuredmedia":[{"embeddable":true,"href":"https:\/\/hookahshop.lt\/lv\/wp-json\/wp\/v2\/media\/12652"}],"wp:attachment":[{"href":"https:\/\/hookahshop.lt\/lv\/wp-json\/wp\/v2\/media?parent=12651"}],"curies":[{"name":"wp","href":"https:\/\/api.w.org\/{rel}","templated":true}]}}