{"id":12665,"date":"2020-10-20T00:14:49","date_gmt":"2020-10-19T21:14:49","guid":{"rendered":"https:\/\/hookahshop.lt\/?post_type=product&#038;p=12665"},"modified":"2026-04-06T23:28:56","modified_gmt":"2026-04-06T20:28:56","slug":"kandiklis-kaljanui-arma-black-red","status":"publish","type":"product","link":"https:\/\/hookahshop.lt\/lv\/produkt\/iemuti-for-udenspipe-arma-melns-sarkans\/","title":{"rendered":"\u016adensp\u012bpes iemutis ARMA Black Red"},"content":{"rendered":"<h2>\u016adensp\u012bpes iemutis ARMA Black Red<\/h2>\n<p>Izgatavots no alum\u012bnija. Komplekt\u0101 ietilpst savienot\u0101js.<br \/>\nMute + savienot\u0101js ARMA ir \u0113rts rok\u0101 un piem\u0113rots da\u017e\u0101d\u0101m \u016bdensp\u012bp\u0113m.<\/p>\n<p>Specifik\u0101cija:<br \/>\nIzp\u016bt\u0113ja garums: 345 mm<br \/>\nIemutes iek\u0161\u0113jais diametrs: 9mm<br \/>\nSavienot\u0101ja garums: 57 mm<br \/>\nIek\u0161\u0113j\u0101 savienot\u0101ja garums: 10 mm<br \/>\nKop\u0113jais iemut\u0146a svars ar savienot\u0101ju ir 140g.<\/p>\n<p>Vai jums ir k\u0101di jaut\u0101jumi? Sazinies ar mums <a href=\"https:\/\/hookahshop.lt\/lv\/kontaktiem\/\">kontaktu lapa<\/a> vai rakstiet mums pa e-pastu <a href=\"https:\/\/facebook.com\/HookahShop.lt\/\" target=\"_blank\" rel=\"noopener noreferrer\">Facebook konts<\/a> un m\u0113s atbild\u0113sim uz j\u016bsu piepras\u012bjumu taj\u0101 pa\u0161\u0101 dien\u0101.<\/p>","protected":false},"excerpt":{"rendered":"<p>\u016adensp\u012bpes iemuts ARMA Black Red Izgatavots no alum\u012bnija. Komplekt\u0101 ietilpst savienot\u0101js. Mute + savienot\u0101js ARMA ir \u0113rts rok\u0101 un piem\u0113rots da\u017e\u0101d\u0101m \u016bdensp\u012bp\u0113m. Specifik\u0101cija: Izp\u016bt\u0113ja garums: 345mm Izp\u016bt\u0113ja iek\u0161\u0113jais diametrs: 9mm Savienot\u0101ja garums: 57mm Savienot\u0101ja iek\u0161\u0113jais garums: 10mm Trok\u0161\u0146a sl\u0101p\u0113t\u0101js ar savienot\u0101ju kop\u0113jais svars 140g. Vai jums ir k\u0101di jaut\u0101jumi? Sazinieties ar mums kontaktu lap\u0101 vai rakstiet mums Facebook [\u2026]<\/p>","protected":false},"featured_media":12666,"comment_status":"open","ping_status":"closed","template":"","meta":[],"_links":{"self":[{"href":"https:\/\/hookahshop.lt\/lv\/wp-json\/wp\/v2\/product\/12665"}],"collection":[{"href":"https:\/\/hookahshop.lt\/lv\/wp-json\/wp\/v2\/product"}],"about":[{"href":"https:\/\/hookahshop.lt\/lv\/wp-json\/wp\/v2\/types\/product"}],"replies":[{"embeddable":true,"href":"https:\/\/hookahshop.lt\/lv\/wp-json\/wp\/v2\/comments?post=12665"}],"version-history":[{"count":8,"href":"https:\/\/hookahshop.lt\/lv\/wp-json\/wp\/v2\/product\/12665\/revisions"}],"predecessor-version":[{"id":42997,"href":"https:\/\/hookahshop.lt\/lv\/wp-json\/wp\/v2\/product\/12665\/revisions\/42997"}],"wp:featuredmedia":[{"embeddable":true,"href":"https:\/\/hookahshop.lt\/lv\/wp-json\/wp\/v2\/media\/12666"}],"wp:attachment":[{"href":"https:\/\/hookahshop.lt\/lv\/wp-json\/wp\/v2\/media?parent=12665"}],"curies":[{"name":"wp","href":"https:\/\/api.w.org\/{rel}","templated":true}]}}