{"id":12679,"date":"2020-10-20T00:59:11","date_gmt":"2020-10-19T21:59:11","guid":{"rendered":"https:\/\/hookahshop.lt\/?post_type=product&#038;p=12679"},"modified":"2026-04-15T23:29:10","modified_gmt":"2026-04-15T20:29:10","slug":"taurele-kaljanui-havona-moai-phunnel","status":"publish","type":"product","link":"https:\/\/hookahshop.lt\/lv\/produkt\/kauss-udenspipe-havona-moai-phunnel\/","title":{"rendered":"Kauss \u016bdensp\u012bpei HAVONA Moai Phunnel"},"content":{"rendered":"<h2>Kauss \u016bdensp\u012bpei HAVONA Moai Phunnel<\/h2>\n<p>\u0160\u012b ir augstas kvalit\u0101tes, roku darbs, ierobe\u017eota tir\u0101\u017ea, balt\u0101 m\u0101la kr\u016bze.<\/p>\n<p>Moai kr\u016bzes ir \u013coti \u0113rtas, savienojums ir piem\u0113rots vis\u0101m bl\u012bv\u0113m.<\/p>\n<p>Kr\u016bzes no Havona Moai Phunnel lieliski papildin\u0101s j\u016bsu kolekciju, un stil\u012bgais iepakojums padara t\u0101s lieliski piem\u0113rotas d\u0101vin\u0101\u0161anai.<\/p>\n<p>Katras kr\u016bz\u012btes dizains ir interesants un individu\u0101ls, ieg\u0101d\u0101joties \u0161o kr\u016bz\u012bti, varat b\u016bt dro\u0161s, ka j\u016bsu kr\u016bz\u012btei ir unik\u0101la kr\u0101sa. Katra kr\u016bze ir labi izstr\u0101d\u0101ta.<\/p>\n<p>Specifik\u0101cijas:<\/p>\n<p>Augstums: 107 mm<br \/>\nDiametrs (\u0101r\u0113jais): 78 mm<br \/>\nDiametrs (iek\u0161\u0113jais): 65 mm<br \/>\nDzi\u013cums: 14 mm<br \/>\nCauruma diametrs: 10 mm<br \/>\nUrbumu skaits: 1 gab<br \/>\nSvars: apm\u0113ram 297 g.<\/p>\n<p>Vai jums ir k\u0101di jaut\u0101jumi? Sazinies ar mums <a href=\"https:\/\/hookahshop.lt\/lv\/kontaktiem\/\">kontaktu lapa<\/a> vai rakstiet mums pa e-pastu <a href=\"https:\/\/facebook.com\/HookahShop.lt\/\" target=\"_blank\" rel=\"noopener noreferrer\">Facebook konts<\/a> un m\u0113s atbild\u0113sim uz j\u016bsu piepras\u012bjumu taj\u0101 pa\u0161\u0101 dien\u0101.<\/p>","protected":false},"excerpt":{"rendered":"<p>\u016adensp\u012bpes b\u013coda HAVONA Moai Phunnel \u0160\u012b ir augstas kvalit\u0101tes, roku darbs, ierobe\u017eota tir\u0101\u017ea, balt\u0101 m\u0101la b\u013coda. Moai kr\u016bzes ir \u013coti \u0113rtas, savienojums ir piem\u0113rots vis\u0101m bl\u012bv\u0113m. Kr\u016bzes no Havona Moai Phunnel lieliski papildin\u0101s j\u016bsu kolekciju, un stil\u012bgais iepakojums padara t\u0101s lieliski piem\u0113rotas d\u0101vin\u0101\u0161anai. Katras kr\u016bz\u012btes dizains ir interesants un individu\u0101ls, p\u0113rkot \u0161o kr\u016bz\u012bti, varat b\u016bt p\u0101rliecin\u0101ti, ka [\u2026]<\/p>","protected":false},"featured_media":12684,"comment_status":"open","ping_status":"closed","template":"","meta":[],"_links":{"self":[{"href":"https:\/\/hookahshop.lt\/lv\/wp-json\/wp\/v2\/product\/12679"}],"collection":[{"href":"https:\/\/hookahshop.lt\/lv\/wp-json\/wp\/v2\/product"}],"about":[{"href":"https:\/\/hookahshop.lt\/lv\/wp-json\/wp\/v2\/types\/product"}],"replies":[{"embeddable":true,"href":"https:\/\/hookahshop.lt\/lv\/wp-json\/wp\/v2\/comments?post=12679"}],"version-history":[{"count":3,"href":"https:\/\/hookahshop.lt\/lv\/wp-json\/wp\/v2\/product\/12679\/revisions"}],"predecessor-version":[{"id":34858,"href":"https:\/\/hookahshop.lt\/lv\/wp-json\/wp\/v2\/product\/12679\/revisions\/34858"}],"wp:featuredmedia":[{"embeddable":true,"href":"https:\/\/hookahshop.lt\/lv\/wp-json\/wp\/v2\/media\/12684"}],"wp:attachment":[{"href":"https:\/\/hookahshop.lt\/lv\/wp-json\/wp\/v2\/media?parent=12679"}],"curies":[{"name":"wp","href":"https:\/\/api.w.org\/{rel}","templated":true}]}}