{"id":12687,"date":"2020-10-20T01:21:02","date_gmt":"2020-10-19T22:21:02","guid":{"rendered":"https:\/\/hookahshop.lt\/?post_type=product&#038;p=12687"},"modified":"2026-04-15T23:29:15","modified_gmt":"2026-04-15T20:29:15","slug":"taurele-kaljanui-smokelab-mummy","status":"publish","type":"product","link":"https:\/\/hookahshop.lt\/lv\/produkt\/kauss-for-udenspipe-smokelab-mumija\/","title":{"rendered":"Kauss \u016bdensp\u012bpei SMOKELAB Mummy"},"content":{"rendered":"<h2>Kauss \u016bdensp\u012bpei SMOKELAB Mummy<\/h2>\n<p>\u0160\u012b ir Smokelab vari\u0101cija ar piena sild\u012b\u0161anas apstr\u0101di. Pl\u0101n\u0101s sienas nodro\u0161ina vieglu siltuma regul\u0113\u0161anu, lai maksim\u0101li palielin\u0101tu tabakas iztur\u012bbu un vieglumu.<\/p>\n<p>Nep\u0101rkars\u0113jot \u0161o kr\u016bzi, jebkura tabaka sm\u0113\u0137\u0113s maig\u0101k un vienm\u0113r\u012bg\u0101k.<\/p>\n<p>Ide\u0101li piem\u0113rots sm\u0113\u0137\u0113\u0161anai gan ar siltuma kameru, gan foliju. Tabakas tilpums ir 12-24 grami.<\/p>\n<p>Specifik\u0101cijas:<br \/>\nAugstums: 110 mm<br \/>\nDiametrs (\u0101r\u0113jais): 83 mm<br \/>\nDiametrs (iek\u0161\u0113jais): 76 mm<br \/>\nDzi\u013cums: 15mm<br \/>\nCauruma diametrs: 15 mm<br \/>\nUrbumu skaits: 1<br \/>\nSvars: apm\u0113ram 213 grami<\/p>\n<p>Vai jums ir k\u0101di jaut\u0101jumi? Sazinies ar mums <a href=\"https:\/\/hookahshop.lt\/lv\/kontaktiem\/\">kontaktu lapa<\/a> vai rakstiet mums pa e-pastu <a href=\"https:\/\/facebook.com\/HookahShop.lt\/\" target=\"_blank\" rel=\"noopener noreferrer\">Facebook konts<\/a> un m\u0113s atbild\u0113sim uz j\u016bsu piepras\u012bjumu taj\u0101 pa\u0161\u0101 dien\u0101.<\/p>","protected":false},"excerpt":{"rendered":"<p>\u016adensp\u012bpes kauss SMOKELAB Mummy \u0160\u012b ir Smokelab vari\u0101cija ar piena kars\u0113\u0161anas apstr\u0101di. Pl\u0101n\u0101s sienas nodro\u0161ina vieglu siltuma regul\u0113\u0161anu, lai palielin\u0101tu tabakas stipr\u012bbu un vieglumu. Nep\u0101rkars\u0113jot \u0161o kr\u016bzi, jebkura tabaka sm\u0113\u0137\u0113s maig\u0101k un vienm\u0113r\u012bg\u0101k. Ide\u0101li piem\u0113rots sm\u0113\u0137\u0113\u0161anai gan ar siltuma kameru, gan foliju. Tabakas tilpums ir 12-24 grami. Specifik\u0101cijas: Augstums: 110 mm Diametrs [\u2026]<\/p>","protected":false},"featured_media":12688,"comment_status":"open","ping_status":"closed","template":"","meta":[],"_links":{"self":[{"href":"https:\/\/hookahshop.lt\/lv\/wp-json\/wp\/v2\/product\/12687"}],"collection":[{"href":"https:\/\/hookahshop.lt\/lv\/wp-json\/wp\/v2\/product"}],"about":[{"href":"https:\/\/hookahshop.lt\/lv\/wp-json\/wp\/v2\/types\/product"}],"replies":[{"embeddable":true,"href":"https:\/\/hookahshop.lt\/lv\/wp-json\/wp\/v2\/comments?post=12687"}],"version-history":[{"count":5,"href":"https:\/\/hookahshop.lt\/lv\/wp-json\/wp\/v2\/product\/12687\/revisions"}],"predecessor-version":[{"id":23185,"href":"https:\/\/hookahshop.lt\/lv\/wp-json\/wp\/v2\/product\/12687\/revisions\/23185"}],"wp:featuredmedia":[{"embeddable":true,"href":"https:\/\/hookahshop.lt\/lv\/wp-json\/wp\/v2\/media\/12688"}],"wp:attachment":[{"href":"https:\/\/hookahshop.lt\/lv\/wp-json\/wp\/v2\/media?parent=12687"}],"curies":[{"name":"wp","href":"https:\/\/api.w.org\/{rel}","templated":true}]}}